{"id":109,"date":"2021-10-30T10:13:14","date_gmt":"2021-10-30T10:13:14","guid":{"rendered":"https:\/\/kits.themecy.com\/memberships-3\/?page_id=109"},"modified":"2023-12-22T16:36:55","modified_gmt":"2023-12-22T21:36:55","slug":"our-services","status":"publish","type":"page","link":"https:\/\/natactionsauvetage.ca\/en\/our-services\/","title":{"rendered":"Our Services"},"content":{"rendered":"<style>.kb-row-layout-id109_bd0c35-a7 > .kt-row-column-wrap{align-content:start;}:where(.kb-row-layout-id109_bd0c35-a7 > .kt-row-column-wrap) > .wp-block-kadence-column{justify-content:start;}.kb-row-layout-id109_bd0c35-a7 > .kt-row-column-wrap{column-gap:var(--global-kb-gap-md, 2rem);row-gap:var(--global-kb-gap-md, 2rem);max-width:500px;margin-left:auto;margin-right:auto;padding-top:200px;padding-right:0px;padding-bottom:120px;padding-left:0px;grid-template-columns:minmax(0, 1fr);}.kb-row-layout-id109_bd0c35-a7 > .kt-row-layout-overlay{opacity:0.26;background-image:url('http:\/\/natactionsauvetage.ca\/wp-content\/uploads\/2023\/12\/body-of-water.jpeg');background-size:cover;background-position:center center;background-attachment:scroll;background-repeat:no-repeat;}@media all and (max-width: 1024px){.kb-row-layout-id109_bd0c35-a7 > .kt-row-column-wrap{padding-top:120px;padding-right:20px;padding-bottom:120px;padding-left:20px;grid-template-columns:minmax(0, 1fr);}}@media all and (max-width: 767px){.kb-row-layout-id109_bd0c35-a7 > .kt-row-column-wrap{grid-template-columns:minmax(0, 1fr);}}<\/style><div class=\"kb-row-layout-wrap kb-row-layout-id109_bd0c35-a7 alignnone has-theme-palette9-background-color kt-row-has-bg wp-block-kadence-rowlayout\"><div class=\"kt-row-layout-overlay kt-row-overlay-normal\"><\/div><div class=\"kt-row-column-wrap kt-has-1-columns kt-row-layout-equal kt-tab-layout-inherit kt-mobile-layout-row kt-row-valign-top\">\n<style>.kadence-column109_628ffa-27 > .kt-inside-inner-col,.kadence-column109_628ffa-27 > .kt-inside-inner-col:before{border-top-left-radius:0px;border-top-right-radius:0px;border-bottom-right-radius:0px;border-bottom-left-radius:0px;}.kadence-column109_628ffa-27 > .kt-inside-inner-col{column-gap:var(--global-kb-gap-sm, 1rem);}.kadence-column109_628ffa-27 > .kt-inside-inner-col{flex-direction:column;}.kadence-column109_628ffa-27 > .kt-inside-inner-col > .aligncenter{width:100%;}.kadence-column109_628ffa-27 > .kt-inside-inner-col:before{opacity:0.3;}.kadence-column109_628ffa-27{position:relative;}@media all and (max-width: 1024px){.kadence-column109_628ffa-27 > .kt-inside-inner-col{flex-direction:column;justify-content:center;}}@media all and (max-width: 767px){.kadence-column109_628ffa-27 > .kt-inside-inner-col{flex-direction:column;justify-content:center;}}<\/style>\n<div class=\"wp-block-kadence-column kadence-column109_628ffa-27 inner-column-1\"><div class=\"kt-inside-inner-col\"><style>.wp-block-kadence-advancedheading.kt-adv-heading109_55d498-2a, .wp-block-kadence-advancedheading.kt-adv-heading109_55d498-2a[data-kb-block=\"kb-adv-heading109_55d498-2a\"]{margin-bottom:10px;text-align:center;font-style:normal;text-transform:capitalize;}.wp-block-kadence-advancedheading.kt-adv-heading109_55d498-2a mark.kt-highlight, .wp-block-kadence-advancedheading.kt-adv-heading109_55d498-2a[data-kb-block=\"kb-adv-heading109_55d498-2a\"] mark.kt-highlight{font-style:normal;color:#f76a0c;-webkit-box-decoration-break:clone;box-decoration-break:clone;padding-top:0px;padding-right:0px;padding-bottom:0px;padding-left:0px;}.wp-block-kadence-advancedheading.kt-adv-heading109_55d498-2a img.kb-inline-image, .wp-block-kadence-advancedheading.kt-adv-heading109_55d498-2a[data-kb-block=\"kb-adv-heading109_55d498-2a\"] img.kb-inline-image{width:150px;vertical-align:baseline;}<\/style>\n<h1 class=\"kt-adv-heading109_55d498-2a wp-block-kadence-advancedheading\" data-kb-block=\"kb-adv-heading109_55d498-2a\">Croix de Bronze<\/h1>\n\n\n<style>.wp-block-kadence-advancedheading.kt-adv-heading109_a15298-68, .wp-block-kadence-advancedheading.kt-adv-heading109_a15298-68[data-kb-block=\"kb-adv-heading109_a15298-68\"]{text-align:center;font-style:normal;}.wp-block-kadence-advancedheading.kt-adv-heading109_a15298-68 mark.kt-highlight, .wp-block-kadence-advancedheading.kt-adv-heading109_a15298-68[data-kb-block=\"kb-adv-heading109_a15298-68\"] mark.kt-highlight{font-style:normal;color:#f76a0c;-webkit-box-decoration-break:clone;box-decoration-break:clone;padding-top:0px;padding-right:0px;padding-bottom:0px;padding-left:0px;}.wp-block-kadence-advancedheading.kt-adv-heading109_a15298-68 img.kb-inline-image, .wp-block-kadence-advancedheading.kt-adv-heading109_a15298-68[data-kb-block=\"kb-adv-heading109_a15298-68\"] img.kb-inline-image{width:150px;vertical-align:baseline;}<\/style>\n<p class=\"kt-adv-heading109_a15298-68 wp-block-kadence-advancedheading\" data-kb-block=\"kb-adv-heading109_a15298-68\"><\/p>\n<\/div><\/div>\n\n<\/div><\/div>\n\n<style>.kb-row-layout-id109_288db0-f7 > .kt-row-column-wrap{align-content:start;}:where(.kb-row-layout-id109_288db0-f7 > .kt-row-column-wrap) > .wp-block-kadence-column{justify-content:start;}.kb-row-layout-id109_288db0-f7 > .kt-row-column-wrap{column-gap:var(--global-kb-gap-md, 2rem);row-gap:var(--global-kb-gap-md, 2rem);padding-top:var(--global-kb-spacing-sm, 1.5rem);padding-bottom:var(--global-kb-spacing-sm, 1.5rem);grid-template-columns:minmax(0, 1fr);}.kb-row-layout-id109_288db0-f7 > .kt-row-layout-overlay{opacity:0.30;}@media all and (max-width: 1024px){.kb-row-layout-id109_288db0-f7 > .kt-row-column-wrap{grid-template-columns:minmax(0, 1fr);}}@media all and (max-width: 767px){.kb-row-layout-id109_288db0-f7 > .kt-row-column-wrap{grid-template-columns:minmax(0, 1fr);}}<\/style><div class=\"kb-row-layout-wrap kb-row-layout-id109_288db0-f7 alignnone wp-block-kadence-rowlayout\"><div class=\"kt-row-column-wrap kt-has-1-columns kt-row-layout-equal kt-tab-layout-inherit kt-mobile-layout-row kt-row-valign-top\">\n<style>.kadence-column109_01c6de-82 > .kt-inside-inner-col,.kadence-column109_01c6de-82 > .kt-inside-inner-col:before{border-top-left-radius:0px;border-top-right-radius:0px;border-bottom-right-radius:0px;border-bottom-left-radius:0px;}.kadence-column109_01c6de-82 > .kt-inside-inner-col{column-gap:var(--global-kb-gap-sm, 1rem);}.kadence-column109_01c6de-82 > .kt-inside-inner-col{flex-direction:column;}.kadence-column109_01c6de-82 > .kt-inside-inner-col > .aligncenter{width:100%;}.kadence-column109_01c6de-82 > .kt-inside-inner-col:before{opacity:0.3;}.kadence-column109_01c6de-82{position:relative;}@media all and (max-width: 1024px){.kadence-column109_01c6de-82 > .kt-inside-inner-col{flex-direction:column;justify-content:center;}}@media all and (max-width: 767px){.kadence-column109_01c6de-82 > .kt-inside-inner-col{flex-direction:column;justify-content:center;}}<\/style>\n<div class=\"wp-block-kadence-column kadence-column109_01c6de-82\"><div class=\"kt-inside-inner-col\">\n<h2 class=\"wp-block-heading\">Description du cour<\/h2>\n\n\n\n<p>Le brevet M\u00e9daille de bronze sollicite le candidat tant sur le plan physique que mental. Le jugement, la connaissance, les habilet\u00e9s, et la forme physique- les quatre piliers du sauvetage aquatique- sont \u00e0 la base de la formation M\u00e9daille de bronze. Les candidats acqui\u00e8rent les habilet\u00e9s d\u2019\u00e9valuation et de r\u00e9solution de probl\u00e8me essentielles pour prendre de bonnes d\u00e9cisions dans l\u2019eau, sur l\u2019eau et pr\u00e8s de l\u2019eau.<\/p>\n\n\n\n<h2 class=\"wp-block-heading has-large-font-size\">Pr\u00e9requis<\/h2>\n\n\n\n<ul class=\"wp-block-list\">\n<li>\u00catre \u00e2g\u00e9 d\u2019au moins 13 ans \u00e0 l\u2019examen final ou d\u00e9tenir le brevet&nbsp;\u00c9toile de bronze<\/li>\n\n\n\n<li>D\u00e9montrer les habilet\u00e9s et connaissances de l\u2019\u00c9toile de bronze* Si tu es bon nageur et si tu peux d\u00e9montrer tous les styles de nage et techniques du niveau \u00c9toile de bronze, alors tu peux t\u2019inscrire \u00e0 la M\u00e9daille de bronze. Une \u00e9valuation sera faite lors du premiers cours.<\/li>\n<\/ul>\n\n\n\n<p>* Si tu es bon nageur et si tu peux d\u00e9montrer tous les styles de nage et techniques du niveau \u00c9toile de bronze, alors tu peux t\u2019inscrire \u00e0 la M\u00e9daille de bronze. Une \u00e9valuation sera faite lors du premiers cours.<\/p>\n\n\n\n<p><a href=\"https:\/\/sauvetage.qc.ca\/sites\/default\/files\/img_site\/MedailleBronze%28jpg%29.jpg\" target=\"_blank\" rel=\"noreferrer noopener\"><\/a><\/p>\n<\/div><\/div>\n\n<\/div><\/div>\n\n\n<h2 class=\"wp-block-heading has-text-align-center\" style=\"padding-top:var(--wp--preset--spacing--20);padding-right:var(--wp--preset--spacing--50);padding-bottom:var(--wp--preset--spacing--20);padding-left:var(--wp--preset--spacing--50);font-style:normal;font-weight:200\">DATE \u00c0 VENIR<\/h2>\n\n\n\n<figure class=\"wp-block-table is-style-regular\"><table class=\"has-background has-fixed-layout\" style=\"background-color:#dee8f7\"><thead><tr><th>COURS<\/th><th>DATE<\/th><th>HORAIRE<\/th><th>PRIX<\/th><th>INSCRIPTION<\/th><\/tr><\/thead><tbody><tr><td>M\u00e9daille de Bronze<\/td><td>\u00c0 VENIR<\/td><td>\u00c0 VENIR<\/td><td>GRATUIT<\/td><td><a href=\"https:\/\/natactionsauvetage.ca\/inscription\/\" data-type=\"page\" data-id=\"15\">Inscription<\/a><\/td><\/tr><tr><td>M\u00e9daille de Bronze<\/td><td>\u00c0 VENIR<\/td><td>\u00c0 VENIR<\/td><td>GRATUIT<\/td><td><a href=\"https:\/\/natactionsauvetage.ca\/inscription\/\" data-type=\"page\" data-id=\"15\">Inscription<\/a><\/td><\/tr><tr><td>M\u00e9daille de Bronze<\/td><td>\u00c0 VENIR<\/td><td>\u00c0 VENIR<\/td><td>GRATUIT<\/td><td><a href=\"https:\/\/natactionsauvetage.ca\/inscription\/\" data-type=\"page\" data-id=\"15\">Inscription<\/a><\/td><\/tr><tr><td>M\u00e9daille de Bronze<\/td><td>\u00c0 VENIR<\/td><td>\u00c0 VENIR<\/td><td>GRATUIT<\/td><td><a href=\"https:\/\/natactionsauvetage.ca\/inscription\/\" data-type=\"page\" data-id=\"15\">Inscription<\/a><\/td><\/tr><tr><td>M\u00e9daille de Bronze<\/td><td>\u00c0 VENIR<\/td><td>\u00c0 VENIR<\/td><td>GRATUIT<\/td><td><a href=\"https:\/\/natactionsauvetage.ca\/inscription\/\" data-type=\"page\" data-id=\"15\">Inscription<\/a><\/td><\/tr><\/tbody><\/table><\/figure>\n","protected":false},"excerpt":{"rendered":"<p>Croix de Bronze Description du cour Le brevet M\u00e9daille de bronze sollicite le candidat tant sur le plan physique que mental. Le jugement, la connaissance, les habilet\u00e9s, et la forme physique- les quatre piliers du sauvetage aquatique- sont \u00e0 la base de la formation M\u00e9daille de bronze. Les candidats acqui\u00e8rent les habilet\u00e9s d\u2019\u00e9valuation et de&#8230;<\/p>","protected":false},"author":1,"featured_media":686,"parent":0,"menu_order":0,"comment_status":"closed","ping_status":"closed","template":"","meta":{"_kadence_starter_templates_imported_post":true,"_kad_post_transparent":"","_kad_post_title":"hide","_kad_post_layout":"fullwidth","_kad_post_sidebar_id":"","_kad_post_content_style":"unboxed","_kad_post_vertical_padding":"hide","_kad_post_feature":"hide","_kad_post_feature_position":"","_kad_post_header":false,"_kad_post_footer":false,"_kad_post_classname":"","footnotes":""},"class_list":["post-109","page","type-page","status-publish","has-post-thumbnail","hentry"],"_links":{"self":[{"href":"https:\/\/natactionsauvetage.ca\/en\/wp-json\/wp\/v2\/pages\/109","targetHints":{"allow":["GET"]}}],"collection":[{"href":"https:\/\/natactionsauvetage.ca\/en\/wp-json\/wp\/v2\/pages"}],"about":[{"href":"https:\/\/natactionsauvetage.ca\/en\/wp-json\/wp\/v2\/types\/page"}],"author":[{"embeddable":true,"href":"https:\/\/natactionsauvetage.ca\/en\/wp-json\/wp\/v2\/users\/1"}],"replies":[{"embeddable":true,"href":"https:\/\/natactionsauvetage.ca\/en\/wp-json\/wp\/v2\/comments?post=109"}],"version-history":[{"count":2,"href":"https:\/\/natactionsauvetage.ca\/en\/wp-json\/wp\/v2\/pages\/109\/revisions"}],"predecessor-version":[{"id":2987,"href":"https:\/\/natactionsauvetage.ca\/en\/wp-json\/wp\/v2\/pages\/109\/revisions\/2987"}],"wp:featuredmedia":[{"embeddable":true,"href":"https:\/\/natactionsauvetage.ca\/en\/wp-json\/"}],"wp:attachment":[{"href":"https:\/\/natactionsauvetage.ca\/en\/wp-json\/wp\/v2\/media?parent=109"}],"curies":[{"name":"wp","href":"https:\/\/api.w.org\/{rel}","templated":true}]}}