{"id":2895,"date":"2023-12-21T12:31:26","date_gmt":"2023-12-21T17:31:26","guid":{"rendered":"https:\/\/natactionsauvetage.ca\/?page_id=2895"},"modified":"2026-04-14T10:53:08","modified_gmt":"2026-04-14T14:53:08","slug":"premier-soin-general","status":"publish","type":"page","link":"https:\/\/natactionsauvetage.ca\/en\/premier-soin-general\/","title":{"rendered":"Emergency First Aid"},"content":{"rendered":"<style>.kb-row-layout-id2895_f21e35-b2 > .kt-row-column-wrap{align-content:start;}:where(.kb-row-layout-id2895_f21e35-b2 > .kt-row-column-wrap) > .wp-block-kadence-column{justify-content:start;}.kb-row-layout-id2895_f21e35-b2 > .kt-row-column-wrap{column-gap:var(--global-kb-gap-md, 2rem);row-gap:var(--global-kb-gap-md, 2rem);max-width:500px;margin-left:auto;margin-right:auto;padding-top:200px;padding-right:0px;padding-bottom:120px;padding-left:0px;grid-template-columns:minmax(0, 1fr);}.kb-row-layout-id2895_f21e35-b2 > .kt-row-layout-overlay{opacity:0.26;background-image:url('http:\/\/natactionsauvetage.ca\/wp-content\/uploads\/2023\/12\/body-of-water.jpeg');background-size:cover;background-position:center center;background-attachment:scroll;background-repeat:no-repeat;}@media all and (max-width: 1024px){.kb-row-layout-id2895_f21e35-b2 > .kt-row-column-wrap{padding-top:120px;padding-right:20px;padding-bottom:120px;padding-left:20px;grid-template-columns:minmax(0, 1fr);}}@media all and (max-width: 767px){.kb-row-layout-id2895_f21e35-b2 > .kt-row-column-wrap{grid-template-columns:minmax(0, 1fr);}}<\/style><div class=\"kb-row-layout-wrap kb-row-layout-id2895_f21e35-b2 alignnone has-theme-palette9-background-color kt-row-has-bg wp-block-kadence-rowlayout\"><div class=\"kt-row-layout-overlay kt-row-overlay-normal\"><\/div><div class=\"kt-row-column-wrap kt-has-1-columns kt-row-layout-equal kt-tab-layout-inherit kt-mobile-layout-row kt-row-valign-top\">\n<style>.kadence-column2895_907b44-ee > .kt-inside-inner-col,.kadence-column2895_907b44-ee > .kt-inside-inner-col:before{border-top-left-radius:0px;border-top-right-radius:0px;border-bottom-right-radius:0px;border-bottom-left-radius:0px;}.kadence-column2895_907b44-ee > .kt-inside-inner-col{column-gap:var(--global-kb-gap-sm, 1rem);}.kadence-column2895_907b44-ee > .kt-inside-inner-col{flex-direction:column;}.kadence-column2895_907b44-ee > .kt-inside-inner-col > .aligncenter{width:100%;}.kadence-column2895_907b44-ee > .kt-inside-inner-col:before{opacity:0.3;}.kadence-column2895_907b44-ee{position:relative;}@media all and (max-width: 1024px){.kadence-column2895_907b44-ee > .kt-inside-inner-col{flex-direction:column;justify-content:center;}}@media all and (max-width: 767px){.kadence-column2895_907b44-ee > .kt-inside-inner-col{flex-direction:column;justify-content:center;}}<\/style>\n<div class=\"wp-block-kadence-column kadence-column2895_907b44-ee inner-column-1\"><div class=\"kt-inside-inner-col\"><style>.wp-block-kadence-advancedheading.kt-adv-heading2895_fed7c5-bd, .wp-block-kadence-advancedheading.kt-adv-heading2895_fed7c5-bd[data-kb-block=\"kb-adv-heading2895_fed7c5-bd\"]{margin-bottom:10px;text-align:center;font-style:normal;text-transform:capitalize;}.wp-block-kadence-advancedheading.kt-adv-heading2895_fed7c5-bd mark.kt-highlight, .wp-block-kadence-advancedheading.kt-adv-heading2895_fed7c5-bd[data-kb-block=\"kb-adv-heading2895_fed7c5-bd\"] mark.kt-highlight{font-style:normal;color:#f76a0c;-webkit-box-decoration-break:clone;box-decoration-break:clone;padding-top:0px;padding-right:0px;padding-bottom:0px;padding-left:0px;}.wp-block-kadence-advancedheading.kt-adv-heading2895_fed7c5-bd img.kb-inline-image, .wp-block-kadence-advancedheading.kt-adv-heading2895_fed7c5-bd[data-kb-block=\"kb-adv-heading2895_fed7c5-bd\"] img.kb-inline-image{width:150px;vertical-align:baseline;}<\/style>\n<h1 class=\"kt-adv-heading2895_fed7c5-bd wp-block-kadence-advancedheading\" data-kb-block=\"kb-adv-heading2895_fed7c5-bd\">Premiers Soins G\u00e9n\u00e9ral<\/h1>\n\n\n<style>.wp-block-kadence-advancedheading.kt-adv-heading2895_d38d06-b0, .wp-block-kadence-advancedheading.kt-adv-heading2895_d38d06-b0[data-kb-block=\"kb-adv-heading2895_d38d06-b0\"]{text-align:center;font-style:normal;}.wp-block-kadence-advancedheading.kt-adv-heading2895_d38d06-b0 mark.kt-highlight, .wp-block-kadence-advancedheading.kt-adv-heading2895_d38d06-b0[data-kb-block=\"kb-adv-heading2895_d38d06-b0\"] mark.kt-highlight{font-style:normal;color:#f76a0c;-webkit-box-decoration-break:clone;box-decoration-break:clone;padding-top:0px;padding-right:0px;padding-bottom:0px;padding-left:0px;}.wp-block-kadence-advancedheading.kt-adv-heading2895_d38d06-b0 img.kb-inline-image, .wp-block-kadence-advancedheading.kt-adv-heading2895_d38d06-b0[data-kb-block=\"kb-adv-heading2895_d38d06-b0\"] img.kb-inline-image{width:150px;vertical-align:baseline;}<\/style>\n<p class=\"kt-adv-heading2895_d38d06-b0 wp-block-kadence-advancedheading\" data-kb-block=\"kb-adv-heading2895_d38d06-b0\">(PSG)<\/p>\n<\/div><\/div>\n\n<\/div><\/div>\n\n<style>.kb-row-layout-id2895_d8e1f9-aa > .kt-row-column-wrap{align-content:start;}:where(.kb-row-layout-id2895_d8e1f9-aa > .kt-row-column-wrap) > .wp-block-kadence-column{justify-content:start;}.kb-row-layout-id2895_d8e1f9-aa > .kt-row-column-wrap{column-gap:var(--global-kb-gap-md, 2rem);row-gap:var(--global-kb-gap-md, 2rem);padding-top:var(--global-kb-spacing-sm, 1.5rem);padding-bottom:var(--global-kb-spacing-sm, 1.5rem);grid-template-columns:minmax(0, 1fr);}.kb-row-layout-id2895_d8e1f9-aa > .kt-row-layout-overlay{opacity:0.30;}@media all and (max-width: 1024px){.kb-row-layout-id2895_d8e1f9-aa > .kt-row-column-wrap{grid-template-columns:minmax(0, 1fr);}}@media all and (max-width: 767px){.kb-row-layout-id2895_d8e1f9-aa > .kt-row-column-wrap{grid-template-columns:minmax(0, 1fr);}}<\/style><div class=\"kb-row-layout-wrap kb-row-layout-id2895_d8e1f9-aa alignnone wp-block-kadence-rowlayout\"><div class=\"kt-row-column-wrap kt-has-1-columns kt-row-layout-equal kt-tab-layout-inherit kt-mobile-layout-row kt-row-valign-top\">\n<style>.kadence-column2895_83de88-63 > .kt-inside-inner-col,.kadence-column2895_83de88-63 > .kt-inside-inner-col:before{border-top-left-radius:0px;border-top-right-radius:0px;border-bottom-right-radius:0px;border-bottom-left-radius:0px;}.kadence-column2895_83de88-63 > .kt-inside-inner-col{column-gap:var(--global-kb-gap-sm, 1rem);}.kadence-column2895_83de88-63 > .kt-inside-inner-col{flex-direction:column;}.kadence-column2895_83de88-63 > .kt-inside-inner-col > .aligncenter{width:100%;}.kadence-column2895_83de88-63 > .kt-inside-inner-col:before{opacity:0.3;}.kadence-column2895_83de88-63{position:relative;}@media all and (max-width: 1024px){.kadence-column2895_83de88-63 > .kt-inside-inner-col{flex-direction:column;justify-content:center;}}@media all and (max-width: 767px){.kadence-column2895_83de88-63 > .kt-inside-inner-col{flex-direction:column;justify-content:center;}}<\/style>\n<div class=\"wp-block-kadence-column kadence-column2895_83de88-63\"><div class=\"kt-inside-inner-col\">\n<h2 class=\"wp-block-heading\">Description du cours<\/h2>\n\n\n\n<p>Les cours en premiers soins de la Soci\u00e9t\u00e9 de sauvetage sont des formations de 16 heures en secourisme g\u00e9n\u00e9ral. Il s\u2019agit de cours avanc\u00e9s o\u00f9 l&rsquo;on enseigne non seulement les premiers secours, mais aussi les premiers soins \u00e0 prodiguer lors de situations d\u2019urgence secondaire. Les situations d\u2019urgence secondaire incluent, entre autres, les probl\u00e8mes m\u00e9dicaux (convulsions, probl\u00e8mes reli\u00e9s \u00e0 la glyc\u00e9mie, empoisonnement, noyade, etc.),environnementaux (probl\u00e8mes reli\u00e9s au froid et au chaud, br\u00fblures, \u00e9lectrocution, etc.), et des traumatismes (blessures \u00e0 la t\u00eate et \u00e0 la colonne vert\u00e9brale, blessures thoraciques, etc.)<\/p>\n\n\n\n<h2 class=\"wp-block-heading has-large-font-size\">Pr\u00e9requis<\/h2>\n\n\n\n<ul class=\"wp-block-list\">\n<li>Avoir 14 ans ou plus<\/li>\n<\/ul>\n\n\n\n<p><a href=\"https:\/\/sauvetage.qc.ca\/sites\/default\/files\/img_site\/MedailleBronze%28jpg%29.jpg\" target=\"_blank\" rel=\"noreferrer noopener\"><\/a><\/p>\n<\/div><\/div>\n\n<\/div><\/div>\n\n<style>.wp-block-kadence-advancedheading.kt-adv-heading2895_1aeeac-a6, .wp-block-kadence-advancedheading.kt-adv-heading2895_1aeeac-a6[data-kb-block=\"kb-adv-heading2895_1aeeac-a6\"]{font-style:normal;}.wp-block-kadence-advancedheading.kt-adv-heading2895_1aeeac-a6 mark.kt-highlight, .wp-block-kadence-advancedheading.kt-adv-heading2895_1aeeac-a6[data-kb-block=\"kb-adv-heading2895_1aeeac-a6\"] mark.kt-highlight{font-style:normal;color:#f76a0c;-webkit-box-decoration-break:clone;box-decoration-break:clone;padding-top:0px;padding-right:0px;padding-bottom:0px;padding-left:0px;}.wp-block-kadence-advancedheading.kt-adv-heading2895_1aeeac-a6 img.kb-inline-image, .wp-block-kadence-advancedheading.kt-adv-heading2895_1aeeac-a6[data-kb-block=\"kb-adv-heading2895_1aeeac-a6\"] img.kb-inline-image{width:150px;vertical-align:baseline;}<\/style>\n<h2 class=\"kt-adv-heading2895_1aeeac-a6 wp-block-kadence-advancedheading\" data-kb-block=\"kb-adv-heading2895_1aeeac-a6\"><mark style=\"background-color:rgba(0, 0, 0, 0)\" class=\"has-inline-color has-theme-palette-13-color\">Les 3 cours sont complets! Inscrivez-vous \u00e0 nos cours de PSG au C\u00e9gep \u00c9douard Montpetit!<\/mark><\/h2>\n\n\n<div class=\"woocommerce columns-4 \"><ul class=\"products content-wrap product-archive grid-cols grid-ss-col-2 grid-sm-col-3 grid-lg-col-4 woo-archive-action-on-hover woo-archive-btn-text  woo-archive-image-hover-none\"><li class=\"entry content-bg loop-entry product type-product post-3912 status-publish first outofstock product_cat-parc-jean-drapeau product_cat-premiers-soins-general-jean-drapeau product_tag-psg has-post-thumbnail virtual taxable purchasable product-type-simple\">\n\t<a href=\"https:\/\/natactionsauvetage.ca\/en\/product\/premiers-soins-general-parc-jean-drapeau-15-et-16-aout-2026\/\" class=\"woocommerce-loop-image-link woocommerce-LoopProduct-link woocommerce-loop-product__link\"><img decoding=\"async\" width=\"300\" height=\"300\" data-src=\"https:\/\/natactionsauvetage.ca\/wp-content\/uploads\/2023\/12\/premiers-soins-general-dea-1-300x300.webp\" class=\"attachment-woocommerce_thumbnail size-woocommerce_thumbnail lazyload\" alt=\"Premiers Soins G\u00e9n\u00e9ral - Parc Jean-Drapeau - 15 et 16 ao\u00fbt 2026\" data-srcset=\"https:\/\/natactionsauvetage.ca\/wp-content\/uploads\/2023\/12\/premiers-soins-general-dea-1-300x300.webp 300w, https:\/\/natactionsauvetage.ca\/wp-content\/uploads\/2023\/12\/premiers-soins-general-dea-1-100x100.webp 100w, https:\/\/natactionsauvetage.ca\/wp-content\/uploads\/2023\/12\/premiers-soins-general-dea-1-150x150.webp 150w\" data-sizes=\"(max-width: 300px) 100vw, 300px\" src=\"data:image\/svg+xml;base64,PHN2ZyB3aWR0aD0iMSIgaGVpZ2h0PSIxIiB4bWxucz0iaHR0cDovL3d3dy53My5vcmcvMjAwMC9zdmciPjwvc3ZnPg==\" style=\"--smush-placeholder-width: 300px; --smush-placeholder-aspect-ratio: 300\/300;\" \/><\/a><div class=\"product-details content-bg entry-content-wrap\"><h2 class=\"woocommerce-loop-product__title\"><a href=\"https:\/\/natactionsauvetage.ca\/en\/product\/premiers-soins-general-parc-jean-drapeau-15-et-16-aout-2026\/\" class=\"woocommerce-LoopProduct-link-title woocommerce-loop-product__title_ink\">Premiers Soins G\u00e9n\u00e9ral &#8211; Parc Jean-Drapeau &#8211; 15 et 16 ao\u00fbt 2026<\/a><\/h2>\n\t<span class=\"price\"><span class=\"woocommerce-Price-amount amount\"><bdi><span class=\"woocommerce-Price-currencySymbol\">&#36;<\/span>159.99<\/bdi><\/span><\/span>\n<div class=\"product-action-wrap\"><a href=\"https:\/\/natactionsauvetage.ca\/en\/product\/premiers-soins-general-parc-jean-drapeau-15-et-16-aout-2026\/\" data-quantity=\"1\" class=\"button product_type_simple\" data-product_id=\"3912\" data-product_sku=\"\" aria-label=\"Read more about &ldquo;Premiers Soins G\u00e9n\u00e9ral - Parc Jean-Drapeau - 15 et 16 ao\u00fbt 2026&rdquo;\" rel=\"nofollow\" data-success_message=\"\">Read more<span class=\"kadence-svg-iconset svg-baseline\"><svg aria-hidden=\"true\" class=\"kadence-svg-icon kadence-arrow-right-alt-svg\" fill=\"currentColor\" version=\"1.1\" xmlns=\"http:\/\/www.w3.org\/2000\/svg\" width=\"27\" height=\"28\" viewBox=\"0 0 27 28\"><title>Continue<\/title><path d=\"M27 13.953c0 0.141-0.063 0.281-0.156 0.375l-6 5.531c-0.156 0.141-0.359 0.172-0.547 0.094-0.172-0.078-0.297-0.25-0.297-0.453v-3.5h-19.5c-0.281 0-0.5-0.219-0.5-0.5v-3c0-0.281 0.219-0.5 0.5-0.5h19.5v-3.5c0-0.203 0.109-0.375 0.297-0.453s0.391-0.047 0.547 0.078l6 5.469c0.094 0.094 0.156 0.219 0.156 0.359v0z\"><\/path>\n\t\t\t\t<\/svg><\/span><span class=\"kadence-svg-iconset svg-baseline\"><svg class=\"kadence-svg-icon kadence-spinner-svg\" fill=\"currentColor\" version=\"1.1\" xmlns=\"http:\/\/www.w3.org\/2000\/svg\" width=\"16\" height=\"16\" viewBox=\"0 0 16 16\"><title>Loading<\/title><path d=\"M16 6h-6l2.243-2.243c-1.133-1.133-2.64-1.757-4.243-1.757s-3.109 0.624-4.243 1.757c-1.133 1.133-1.757 2.64-1.757 4.243s0.624 3.109 1.757 4.243c1.133 1.133 2.64 1.757 4.243 1.757s3.109-0.624 4.243-1.757c0.095-0.095 0.185-0.192 0.273-0.292l1.505 1.317c-1.466 1.674-3.62 2.732-6.020 2.732-4.418 0-8-3.582-8-8s3.582-8 8-8c2.209 0 4.209 0.896 5.656 2.344l2.343-2.344v6z\"><\/path>\n\t\t\t\t<\/svg><\/span><span class=\"kadence-svg-iconset svg-baseline\"><svg class=\"kadence-svg-icon kadence-check-svg\" fill=\"currentColor\" version=\"1.1\" xmlns=\"http:\/\/www.w3.org\/2000\/svg\" width=\"16\" height=\"16\" viewBox=\"0 0 16 16\"><title>Done<\/title><path d=\"M14 2.5l-8.5 8.5-3.5-3.5-1.5 1.5 5 5 10-10z\"><\/path>\n\t\t\t\t<\/svg><\/span><\/a>\t<span id=\"woocommerce_loop_add_to_cart_link_describedby_3912\" class=\"screen-reader-text\">\n\t\t\t<\/span>\n<\/div><\/div><\/li>\n<li class=\"entry content-bg loop-entry product type-product post-3911 status-publish outofstock product_cat-parc-jean-drapeau product_cat-premiers-soins-general-jean-drapeau product_tag-psg has-post-thumbnail virtual taxable purchasable product-type-simple\">\n\t<a href=\"https:\/\/natactionsauvetage.ca\/en\/product\/premiers-soins-general-parc-jean-drapeau-25-et-26-juillet-2026\/\" class=\"woocommerce-loop-image-link woocommerce-LoopProduct-link woocommerce-loop-product__link\"><img decoding=\"async\" width=\"300\" height=\"300\" data-src=\"https:\/\/natactionsauvetage.ca\/wp-content\/uploads\/2023\/12\/premiers-soins-general-dea-1-300x300.webp\" class=\"attachment-woocommerce_thumbnail size-woocommerce_thumbnail lazyload\" alt=\"Premiers Soins G\u00e9n\u00e9ral - Parc Jean-Drapeau - 25 et 26 juillet 2026\" data-srcset=\"https:\/\/natactionsauvetage.ca\/wp-content\/uploads\/2023\/12\/premiers-soins-general-dea-1-300x300.webp 300w, https:\/\/natactionsauvetage.ca\/wp-content\/uploads\/2023\/12\/premiers-soins-general-dea-1-100x100.webp 100w, https:\/\/natactionsauvetage.ca\/wp-content\/uploads\/2023\/12\/premiers-soins-general-dea-1-150x150.webp 150w\" data-sizes=\"(max-width: 300px) 100vw, 300px\" src=\"data:image\/svg+xml;base64,PHN2ZyB3aWR0aD0iMSIgaGVpZ2h0PSIxIiB4bWxucz0iaHR0cDovL3d3dy53My5vcmcvMjAwMC9zdmciPjwvc3ZnPg==\" style=\"--smush-placeholder-width: 300px; --smush-placeholder-aspect-ratio: 300\/300;\" \/><\/a><div class=\"product-details content-bg entry-content-wrap\"><h2 class=\"woocommerce-loop-product__title\"><a href=\"https:\/\/natactionsauvetage.ca\/en\/product\/premiers-soins-general-parc-jean-drapeau-25-et-26-juillet-2026\/\" class=\"woocommerce-LoopProduct-link-title woocommerce-loop-product__title_ink\">Premiers Soins G\u00e9n\u00e9ral &#8211; Parc Jean-Drapeau &#8211; 25 et 26 juillet 2026<\/a><\/h2>\n\t<span class=\"price\"><span class=\"woocommerce-Price-amount amount\"><bdi><span class=\"woocommerce-Price-currencySymbol\">&#36;<\/span>159.99<\/bdi><\/span><\/span>\n<div class=\"product-action-wrap\"><a href=\"https:\/\/natactionsauvetage.ca\/en\/product\/premiers-soins-general-parc-jean-drapeau-25-et-26-juillet-2026\/\" data-quantity=\"1\" class=\"button product_type_simple\" data-product_id=\"3911\" data-product_sku=\"\" aria-label=\"Read more about &ldquo;Premiers Soins G\u00e9n\u00e9ral - Parc Jean-Drapeau - 25 et 26 juillet 2026&rdquo;\" rel=\"nofollow\" data-success_message=\"\">Read more<span class=\"kadence-svg-iconset svg-baseline\"><svg aria-hidden=\"true\" class=\"kadence-svg-icon kadence-arrow-right-alt-svg\" fill=\"currentColor\" version=\"1.1\" xmlns=\"http:\/\/www.w3.org\/2000\/svg\" width=\"27\" height=\"28\" viewBox=\"0 0 27 28\"><title>Continue<\/title><path d=\"M27 13.953c0 0.141-0.063 0.281-0.156 0.375l-6 5.531c-0.156 0.141-0.359 0.172-0.547 0.094-0.172-0.078-0.297-0.25-0.297-0.453v-3.5h-19.5c-0.281 0-0.5-0.219-0.5-0.5v-3c0-0.281 0.219-0.5 0.5-0.5h19.5v-3.5c0-0.203 0.109-0.375 0.297-0.453s0.391-0.047 0.547 0.078l6 5.469c0.094 0.094 0.156 0.219 0.156 0.359v0z\"><\/path>\n\t\t\t\t<\/svg><\/span><span class=\"kadence-svg-iconset svg-baseline\"><svg class=\"kadence-svg-icon kadence-spinner-svg\" fill=\"currentColor\" version=\"1.1\" xmlns=\"http:\/\/www.w3.org\/2000\/svg\" width=\"16\" height=\"16\" viewBox=\"0 0 16 16\"><title>Loading<\/title><path d=\"M16 6h-6l2.243-2.243c-1.133-1.133-2.64-1.757-4.243-1.757s-3.109 0.624-4.243 1.757c-1.133 1.133-1.757 2.64-1.757 4.243s0.624 3.109 1.757 4.243c1.133 1.133 2.64 1.757 4.243 1.757s3.109-0.624 4.243-1.757c0.095-0.095 0.185-0.192 0.273-0.292l1.505 1.317c-1.466 1.674-3.62 2.732-6.020 2.732-4.418 0-8-3.582-8-8s3.582-8 8-8c2.209 0 4.209 0.896 5.656 2.344l2.343-2.344v6z\"><\/path>\n\t\t\t\t<\/svg><\/span><span class=\"kadence-svg-iconset svg-baseline\"><svg class=\"kadence-svg-icon kadence-check-svg\" fill=\"currentColor\" version=\"1.1\" xmlns=\"http:\/\/www.w3.org\/2000\/svg\" width=\"16\" height=\"16\" viewBox=\"0 0 16 16\"><title>Done<\/title><path d=\"M14 2.5l-8.5 8.5-3.5-3.5-1.5 1.5 5 5 10-10z\"><\/path>\n\t\t\t\t<\/svg><\/span><\/a>\t<span id=\"woocommerce_loop_add_to_cart_link_describedby_3911\" class=\"screen-reader-text\">\n\t\t\t<\/span>\n<\/div><\/div><\/li>\n<li class=\"entry content-bg loop-entry product type-product post-3910 status-publish outofstock product_cat-parc-jean-drapeau product_cat-premiers-soins-general-jean-drapeau product_tag-psg has-post-thumbnail virtual taxable purchasable product-type-simple\">\n\t<a href=\"https:\/\/natactionsauvetage.ca\/en\/product\/premiers-soins-general-parc-jean-drapeau-4-et-5-juillet-2026\/\" class=\"woocommerce-loop-image-link woocommerce-LoopProduct-link woocommerce-loop-product__link\"><img decoding=\"async\" width=\"300\" height=\"300\" data-src=\"https:\/\/natactionsauvetage.ca\/wp-content\/uploads\/2023\/12\/premiers-soins-general-dea-1-300x300.webp\" class=\"attachment-woocommerce_thumbnail size-woocommerce_thumbnail lazyload\" alt=\"Premiers Soins G\u00e9n\u00e9ral - Parc Jean-Drapeau - 4 et 5 juillet 2026\" data-srcset=\"https:\/\/natactionsauvetage.ca\/wp-content\/uploads\/2023\/12\/premiers-soins-general-dea-1-300x300.webp 300w, https:\/\/natactionsauvetage.ca\/wp-content\/uploads\/2023\/12\/premiers-soins-general-dea-1-100x100.webp 100w, https:\/\/natactionsauvetage.ca\/wp-content\/uploads\/2023\/12\/premiers-soins-general-dea-1-150x150.webp 150w\" data-sizes=\"(max-width: 300px) 100vw, 300px\" src=\"data:image\/svg+xml;base64,PHN2ZyB3aWR0aD0iMSIgaGVpZ2h0PSIxIiB4bWxucz0iaHR0cDovL3d3dy53My5vcmcvMjAwMC9zdmciPjwvc3ZnPg==\" style=\"--smush-placeholder-width: 300px; --smush-placeholder-aspect-ratio: 300\/300;\" \/><\/a><div class=\"product-details content-bg entry-content-wrap\"><h2 class=\"woocommerce-loop-product__title\"><a href=\"https:\/\/natactionsauvetage.ca\/en\/product\/premiers-soins-general-parc-jean-drapeau-4-et-5-juillet-2026\/\" class=\"woocommerce-LoopProduct-link-title woocommerce-loop-product__title_ink\">Premiers Soins G\u00e9n\u00e9ral &#8211; Parc Jean-Drapeau &#8211; 4 et 5 juillet 2026<\/a><\/h2>\n\t<span class=\"price\"><span class=\"woocommerce-Price-amount amount\"><bdi><span class=\"woocommerce-Price-currencySymbol\">&#36;<\/span>159.99<\/bdi><\/span><\/span>\n<div class=\"product-action-wrap\"><a href=\"https:\/\/natactionsauvetage.ca\/en\/product\/premiers-soins-general-parc-jean-drapeau-4-et-5-juillet-2026\/\" data-quantity=\"1\" class=\"button product_type_simple\" data-product_id=\"3910\" data-product_sku=\"\" aria-label=\"Read more about &ldquo;Premiers Soins G\u00e9n\u00e9ral - Parc Jean-Drapeau - 4 et 5 juillet 2026&rdquo;\" rel=\"nofollow\" data-success_message=\"\">Read more<span class=\"kadence-svg-iconset svg-baseline\"><svg aria-hidden=\"true\" class=\"kadence-svg-icon kadence-arrow-right-alt-svg\" fill=\"currentColor\" version=\"1.1\" xmlns=\"http:\/\/www.w3.org\/2000\/svg\" width=\"27\" height=\"28\" viewBox=\"0 0 27 28\"><title>Continue<\/title><path d=\"M27 13.953c0 0.141-0.063 0.281-0.156 0.375l-6 5.531c-0.156 0.141-0.359 0.172-0.547 0.094-0.172-0.078-0.297-0.25-0.297-0.453v-3.5h-19.5c-0.281 0-0.5-0.219-0.5-0.5v-3c0-0.281 0.219-0.5 0.5-0.5h19.5v-3.5c0-0.203 0.109-0.375 0.297-0.453s0.391-0.047 0.547 0.078l6 5.469c0.094 0.094 0.156 0.219 0.156 0.359v0z\"><\/path>\n\t\t\t\t<\/svg><\/span><span class=\"kadence-svg-iconset svg-baseline\"><svg class=\"kadence-svg-icon kadence-spinner-svg\" fill=\"currentColor\" version=\"1.1\" xmlns=\"http:\/\/www.w3.org\/2000\/svg\" width=\"16\" height=\"16\" viewBox=\"0 0 16 16\"><title>Loading<\/title><path d=\"M16 6h-6l2.243-2.243c-1.133-1.133-2.64-1.757-4.243-1.757s-3.109 0.624-4.243 1.757c-1.133 1.133-1.757 2.64-1.757 4.243s0.624 3.109 1.757 4.243c1.133 1.133 2.64 1.757 4.243 1.757s3.109-0.624 4.243-1.757c0.095-0.095 0.185-0.192 0.273-0.292l1.505 1.317c-1.466 1.674-3.62 2.732-6.020 2.732-4.418 0-8-3.582-8-8s3.582-8 8-8c2.209 0 4.209 0.896 5.656 2.344l2.343-2.344v6z\"><\/path>\n\t\t\t\t<\/svg><\/span><span class=\"kadence-svg-iconset svg-baseline\"><svg class=\"kadence-svg-icon kadence-check-svg\" fill=\"currentColor\" version=\"1.1\" xmlns=\"http:\/\/www.w3.org\/2000\/svg\" width=\"16\" height=\"16\" viewBox=\"0 0 16 16\"><title>Done<\/title><path d=\"M14 2.5l-8.5 8.5-3.5-3.5-1.5 1.5 5 5 10-10z\"><\/path>\n\t\t\t\t<\/svg><\/span><\/a>\t<span id=\"woocommerce_loop_add_to_cart_link_describedby_3910\" class=\"screen-reader-text\">\n\t\t\t<\/span>\n<\/div><\/div><\/li>\n<\/ul>\n<\/div>\n","protected":false},"excerpt":{"rendered":"<p>Premiers Soins G\u00e9n\u00e9ral (PSG) Description du cours Les cours en premiers soins de la Soci\u00e9t\u00e9 de sauvetage sont des formations de 16 heures en secourisme g\u00e9n\u00e9ral. Il s\u2019agit de cours avanc\u00e9s o\u00f9 l&rsquo;on enseigne non seulement les premiers secours, mais aussi les premiers soins \u00e0 prodiguer lors de situations d\u2019urgence secondaire. Les situations d\u2019urgence secondaire&#8230;<\/p>","protected":false},"author":1,"featured_media":0,"parent":0,"menu_order":0,"comment_status":"closed","ping_status":"closed","template":"","meta":{"_kadence_starter_templates_imported_post":false,"_kad_post_transparent":"","_kad_post_title":"default","_kad_post_layout":"normal","_kad_post_sidebar_id":"","_kad_post_content_style":"","_kad_post_vertical_padding":"","_kad_post_feature":"","_kad_post_feature_position":"","_kad_post_header":false,"_kad_post_footer":false,"_kad_post_classname":"","footnotes":""},"class_list":["post-2895","page","type-page","status-publish","hentry"],"_links":{"self":[{"href":"https:\/\/natactionsauvetage.ca\/en\/wp-json\/wp\/v2\/pages\/2895","targetHints":{"allow":["GET"]}}],"collection":[{"href":"https:\/\/natactionsauvetage.ca\/en\/wp-json\/wp\/v2\/pages"}],"about":[{"href":"https:\/\/natactionsauvetage.ca\/en\/wp-json\/wp\/v2\/types\/page"}],"author":[{"embeddable":true,"href":"https:\/\/natactionsauvetage.ca\/en\/wp-json\/wp\/v2\/users\/1"}],"replies":[{"embeddable":true,"href":"https:\/\/natactionsauvetage.ca\/en\/wp-json\/wp\/v2\/comments?post=2895"}],"version-history":[{"count":29,"href":"https:\/\/natactionsauvetage.ca\/en\/wp-json\/wp\/v2\/pages\/2895\/revisions"}],"predecessor-version":[{"id":4288,"href":"https:\/\/natactionsauvetage.ca\/en\/wp-json\/wp\/v2\/pages\/2895\/revisions\/4288"}],"wp:attachment":[{"href":"https:\/\/natactionsauvetage.ca\/en\/wp-json\/wp\/v2\/media?parent=2895"}],"curies":[{"name":"wp","href":"https:\/\/api.w.org\/{rel}","templated":true}]}}