{"id":2899,"date":"2023-12-21T12:32:04","date_gmt":"2023-12-21T17:32:04","guid":{"rendered":"https:\/\/natactionsauvetage.ca\/?page_id=2899"},"modified":"2026-03-14T19:05:40","modified_gmt":"2026-03-14T23:05:40","slug":"sauveteur-national-plage-continentale","status":"publish","type":"page","link":"https:\/\/natactionsauvetage.ca\/en\/sauveteur-national-plage-continentale\/","title":{"rendered":"Sauveteur National &#8211; Plage continentale"},"content":{"rendered":"<style>.kb-row-layout-id2899_947a45-45 > .kt-row-column-wrap{align-content:start;}:where(.kb-row-layout-id2899_947a45-45 > .kt-row-column-wrap) > .wp-block-kadence-column{justify-content:start;}.kb-row-layout-id2899_947a45-45 > .kt-row-column-wrap{column-gap:var(--global-kb-gap-md, 2rem);row-gap:var(--global-kb-gap-md, 2rem);max-width:500px;margin-left:auto;margin-right:auto;padding-top:200px;padding-right:0px;padding-bottom:120px;padding-left:0px;grid-template-columns:minmax(0, 1fr);}.kb-row-layout-id2899_947a45-45 > .kt-row-layout-overlay{opacity:0.26;background-image:url('http:\/\/natactionsauvetage.ca\/wp-content\/uploads\/2023\/12\/body-of-water.jpeg');background-size:cover;background-position:center center;background-attachment:scroll;background-repeat:no-repeat;}@media all and (max-width: 1024px){.kb-row-layout-id2899_947a45-45 > .kt-row-column-wrap{padding-top:120px;padding-right:20px;padding-bottom:120px;padding-left:20px;grid-template-columns:minmax(0, 1fr);}}@media all and (max-width: 767px){.kb-row-layout-id2899_947a45-45 > .kt-row-column-wrap{grid-template-columns:minmax(0, 1fr);}}<\/style><div class=\"kb-row-layout-wrap kb-row-layout-id2899_947a45-45 alignnone has-theme-palette9-background-color kt-row-has-bg wp-block-kadence-rowlayout\"><div class=\"kt-row-layout-overlay kt-row-overlay-normal\"><\/div><div class=\"kt-row-column-wrap kt-has-1-columns kt-row-layout-equal kt-tab-layout-inherit kt-mobile-layout-row kt-row-valign-top\">\n<style>.kadence-column2899_b65cee-6c > .kt-inside-inner-col,.kadence-column2899_b65cee-6c > .kt-inside-inner-col:before{border-top-left-radius:0px;border-top-right-radius:0px;border-bottom-right-radius:0px;border-bottom-left-radius:0px;}.kadence-column2899_b65cee-6c > .kt-inside-inner-col{column-gap:var(--global-kb-gap-sm, 1rem);}.kadence-column2899_b65cee-6c > .kt-inside-inner-col{flex-direction:column;}.kadence-column2899_b65cee-6c > .kt-inside-inner-col > .aligncenter{width:100%;}.kadence-column2899_b65cee-6c > .kt-inside-inner-col:before{opacity:0.3;}.kadence-column2899_b65cee-6c{position:relative;}@media all and (max-width: 1024px){.kadence-column2899_b65cee-6c > .kt-inside-inner-col{flex-direction:column;justify-content:center;}}@media all and (max-width: 767px){.kadence-column2899_b65cee-6c > .kt-inside-inner-col{flex-direction:column;justify-content:center;}}<\/style>\n<div class=\"wp-block-kadence-column kadence-column2899_b65cee-6c inner-column-1\"><div class=\"kt-inside-inner-col\"><style>.wp-block-kadence-advancedheading.kt-adv-heading2899_1e7a25-48, .wp-block-kadence-advancedheading.kt-adv-heading2899_1e7a25-48[data-kb-block=\"kb-adv-heading2899_1e7a25-48\"]{margin-bottom:10px;text-align:center;font-style:normal;text-transform:capitalize;}.wp-block-kadence-advancedheading.kt-adv-heading2899_1e7a25-48 mark.kt-highlight, .wp-block-kadence-advancedheading.kt-adv-heading2899_1e7a25-48[data-kb-block=\"kb-adv-heading2899_1e7a25-48\"] mark.kt-highlight{font-style:normal;color:#f76a0c;-webkit-box-decoration-break:clone;box-decoration-break:clone;padding-top:0px;padding-right:0px;padding-bottom:0px;padding-left:0px;}.wp-block-kadence-advancedheading.kt-adv-heading2899_1e7a25-48 img.kb-inline-image, .wp-block-kadence-advancedheading.kt-adv-heading2899_1e7a25-48[data-kb-block=\"kb-adv-heading2899_1e7a25-48\"] img.kb-inline-image{width:150px;vertical-align:baseline;}<\/style>\n<h1 class=\"kt-adv-heading2899_1e7a25-48 wp-block-kadence-advancedheading\" data-kb-block=\"kb-adv-heading2899_1e7a25-48\">Sauveteur National &#8211; Plage continentale<\/h1>\n\n\n<style>.wp-block-kadence-advancedheading.kt-adv-heading2899_0fe295-43, .wp-block-kadence-advancedheading.kt-adv-heading2899_0fe295-43[data-kb-block=\"kb-adv-heading2899_0fe295-43\"]{text-align:center;font-style:normal;}.wp-block-kadence-advancedheading.kt-adv-heading2899_0fe295-43 mark.kt-highlight, .wp-block-kadence-advancedheading.kt-adv-heading2899_0fe295-43[data-kb-block=\"kb-adv-heading2899_0fe295-43\"] mark.kt-highlight{font-style:normal;color:#f76a0c;-webkit-box-decoration-break:clone;box-decoration-break:clone;padding-top:0px;padding-right:0px;padding-bottom:0px;padding-left:0px;}.wp-block-kadence-advancedheading.kt-adv-heading2899_0fe295-43 img.kb-inline-image, .wp-block-kadence-advancedheading.kt-adv-heading2899_0fe295-43[data-kb-block=\"kb-adv-heading2899_0fe295-43\"] img.kb-inline-image{width:150px;vertical-align:baseline;}<\/style>\n<p class=\"kt-adv-heading2899_0fe295-43 wp-block-kadence-advancedheading\" data-kb-block=\"kb-adv-heading2899_0fe295-43\"><\/p>\n<\/div><\/div>\n\n<\/div><\/div>\n\n<style>.kb-row-layout-id2899_2d0177-8d > .kt-row-column-wrap{align-content:start;}:where(.kb-row-layout-id2899_2d0177-8d > .kt-row-column-wrap) > .wp-block-kadence-column{justify-content:start;}.kb-row-layout-id2899_2d0177-8d > .kt-row-column-wrap{column-gap:var(--global-kb-gap-md, 2rem);row-gap:var(--global-kb-gap-md, 2rem);padding-top:var(--global-kb-spacing-sm, 1.5rem);padding-bottom:var(--global-kb-spacing-sm, 1.5rem);grid-template-columns:minmax(0, 1fr);}.kb-row-layout-id2899_2d0177-8d > .kt-row-layout-overlay{opacity:0.30;}@media all and (max-width: 1024px){.kb-row-layout-id2899_2d0177-8d > .kt-row-column-wrap{grid-template-columns:minmax(0, 1fr);}}@media all and (max-width: 767px){.kb-row-layout-id2899_2d0177-8d > .kt-row-column-wrap{grid-template-columns:minmax(0, 1fr);}}<\/style><div class=\"kb-row-layout-wrap kb-row-layout-id2899_2d0177-8d alignnone wp-block-kadence-rowlayout\"><div class=\"kt-row-column-wrap kt-has-1-columns kt-row-layout-equal kt-tab-layout-inherit kt-mobile-layout-row kt-row-valign-top\">\n<style>.kadence-column2899_e9d988-de > .kt-inside-inner-col,.kadence-column2899_e9d988-de > .kt-inside-inner-col:before{border-top-left-radius:0px;border-top-right-radius:0px;border-bottom-right-radius:0px;border-bottom-left-radius:0px;}.kadence-column2899_e9d988-de > .kt-inside-inner-col{column-gap:var(--global-kb-gap-sm, 1rem);}.kadence-column2899_e9d988-de > .kt-inside-inner-col{flex-direction:column;}.kadence-column2899_e9d988-de > .kt-inside-inner-col > .aligncenter{width:100%;}.kadence-column2899_e9d988-de > .kt-inside-inner-col:before{opacity:0.3;}.kadence-column2899_e9d988-de{position:relative;}@media all and (max-width: 1024px){.kadence-column2899_e9d988-de > .kt-inside-inner-col{flex-direction:column;justify-content:center;}}@media all and (max-width: 767px){.kadence-column2899_e9d988-de > .kt-inside-inner-col{flex-direction:column;justify-content:center;}}<\/style>\n<div class=\"wp-block-kadence-column kadence-column2899_e9d988-de\"><div class=\"kt-inside-inner-col\">\n<h2 class=\"wp-block-heading\">Description du cours<\/h2>\n\n\n\n<p class=\"has-text-align-left\">Le cours Sauveteur national \u2013 Plage continentale est con\u00e7u dans le but de d\u00e9velopper les valeurs fondamentales,<br>le jugement, les connaissances, les habilet\u00e9s et la condition physique requis pour devenir un surveillant-sauveteur<br>sur une plage continentale. Cette formation met l\u2019accent sur les habilet\u00e9s, les principes et les pratiques, et les<br>processus de prise de d\u00e9cision de la surveillance aquatique qui permettront au surveillant-sauveteur d\u2019effectuer<br>une supervision s\u00e9curitaire et efficace sur une plage continentale.<br>Suite \u00e0 la r\u00e9ussite du cours, le candidat obtient le brevet Sauveteur national \u2013 Option plage continentale<\/p>\n\n\n\n<h2 class=\"wp-block-heading has-large-font-size\">Pr\u00e9requis<\/h2>\n\n\n\n<ul class=\"wp-block-list\">\n<li>\u00catre \u00e2g\u00e9 d\u2019au moins 15 ans au dernier jour du cours ou \u00e0 l\u2019examen<\/li>\n\n\n\n<li>D\u00e9tenir le brevet Sauveteur national \u2013 Piscine<\/li>\n\n\n\n<li>D\u00e9tenir le brevet Premiers soins \u2013 G\u00e9n\u00e9ral<\/li>\n<\/ul>\n\n\n\n<p><mark style=\"background-color:rgba(0, 0, 0, 0);color:#ff0000\" class=\"has-inline-color\">*DES DATES SUPPL\u00c9MENTAIRES POUR JUIN SONT SUJETTES \u00c0 CONFIRMATION<\/mark><\/p>\n\n\n<div class=\"woocommerce columns-4 \"><ul class=\"products content-wrap product-archive grid-cols grid-ss-col-2 grid-sm-col-3 grid-lg-col-4 woo-archive-action-on-hover woo-archive-btn-text  woo-archive-image-hover-none\"><li class=\"entry content-bg loop-entry product type-product post-3919 status-publish first outofstock product_cat-parc-jean-drapeau product_cat-sauveteur-national-plage-continentale-jean-drapeau product_tag-sauveteur-national-piscine has-post-thumbnail virtual taxable purchasable product-type-simple\">\n\t<a href=\"https:\/\/natactionsauvetage.ca\/en\/product\/sauveteur-national-plage-continentale-plage-jean-dore-15-16-17-18-et-19-juin-2026\/\" class=\"woocommerce-loop-image-link woocommerce-LoopProduct-link woocommerce-loop-product__link\"><img decoding=\"async\" width=\"300\" height=\"300\" data-src=\"https:\/\/natactionsauvetage.ca\/wp-content\/uploads\/2025\/12\/DSC03107-scaled-300x300.jpg\" class=\"attachment-woocommerce_thumbnail size-woocommerce_thumbnail lazyload\" alt=\"Sauveteur National (Plage Continentale) - Plage Jean-Dor\u00e9 - 15, 16, 17, 18 et 19 juin 2026\" data-srcset=\"https:\/\/natactionsauvetage.ca\/wp-content\/uploads\/2025\/12\/DSC03107-scaled-300x300.jpg 300w, https:\/\/natactionsauvetage.ca\/wp-content\/uploads\/2025\/12\/DSC03107-scaled-100x100.jpg 100w, https:\/\/natactionsauvetage.ca\/wp-content\/uploads\/2025\/12\/DSC03107-150x150.jpg 150w\" data-sizes=\"(max-width: 300px) 100vw, 300px\" src=\"data:image\/svg+xml;base64,PHN2ZyB3aWR0aD0iMSIgaGVpZ2h0PSIxIiB4bWxucz0iaHR0cDovL3d3dy53My5vcmcvMjAwMC9zdmciPjwvc3ZnPg==\" style=\"--smush-placeholder-width: 300px; --smush-placeholder-aspect-ratio: 300\/300;\" \/><\/a><div class=\"product-details content-bg entry-content-wrap\"><h2 class=\"woocommerce-loop-product__title\"><a href=\"https:\/\/natactionsauvetage.ca\/en\/product\/sauveteur-national-plage-continentale-plage-jean-dore-15-16-17-18-et-19-juin-2026\/\" class=\"woocommerce-LoopProduct-link-title woocommerce-loop-product__title_ink\">Sauveteur National (Plage Continentale) &#8211; Plage Jean-Dor\u00e9 &#8211; 15, 16, 17, 18 et 19 juin 2026<\/a><\/h2>\n\t<span class=\"price\"><span class=\"woocommerce-Price-amount amount\"><bdi><span class=\"woocommerce-Price-currencySymbol\">&#36;<\/span>259.99<\/bdi><\/span><\/span>\n<div class=\"product-action-wrap\"><a href=\"https:\/\/natactionsauvetage.ca\/en\/product\/sauveteur-national-plage-continentale-plage-jean-dore-15-16-17-18-et-19-juin-2026\/\" data-quantity=\"1\" class=\"button product_type_simple\" data-product_id=\"3919\" data-product_sku=\"\" aria-label=\"Read more about &ldquo;Sauveteur National (Plage Continentale) - Plage Jean-Dor\u00e9 - 15, 16, 17, 18 et 19 juin 2026&rdquo;\" rel=\"nofollow\" data-success_message=\"\">Read more<span class=\"kadence-svg-iconset svg-baseline\"><svg aria-hidden=\"true\" class=\"kadence-svg-icon kadence-arrow-right-alt-svg\" fill=\"currentColor\" version=\"1.1\" xmlns=\"http:\/\/www.w3.org\/2000\/svg\" width=\"27\" height=\"28\" viewBox=\"0 0 27 28\"><title>Continue<\/title><path d=\"M27 13.953c0 0.141-0.063 0.281-0.156 0.375l-6 5.531c-0.156 0.141-0.359 0.172-0.547 0.094-0.172-0.078-0.297-0.25-0.297-0.453v-3.5h-19.5c-0.281 0-0.5-0.219-0.5-0.5v-3c0-0.281 0.219-0.5 0.5-0.5h19.5v-3.5c0-0.203 0.109-0.375 0.297-0.453s0.391-0.047 0.547 0.078l6 5.469c0.094 0.094 0.156 0.219 0.156 0.359v0z\"><\/path>\n\t\t\t\t<\/svg><\/span><span class=\"kadence-svg-iconset svg-baseline\"><svg class=\"kadence-svg-icon kadence-spinner-svg\" fill=\"currentColor\" version=\"1.1\" xmlns=\"http:\/\/www.w3.org\/2000\/svg\" width=\"16\" height=\"16\" viewBox=\"0 0 16 16\"><title>Loading<\/title><path d=\"M16 6h-6l2.243-2.243c-1.133-1.133-2.64-1.757-4.243-1.757s-3.109 0.624-4.243 1.757c-1.133 1.133-1.757 2.64-1.757 4.243s0.624 3.109 1.757 4.243c1.133 1.133 2.64 1.757 4.243 1.757s3.109-0.624 4.243-1.757c0.095-0.095 0.185-0.192 0.273-0.292l1.505 1.317c-1.466 1.674-3.62 2.732-6.020 2.732-4.418 0-8-3.582-8-8s3.582-8 8-8c2.209 0 4.209 0.896 5.656 2.344l2.343-2.344v6z\"><\/path>\n\t\t\t\t<\/svg><\/span><span class=\"kadence-svg-iconset svg-baseline\"><svg class=\"kadence-svg-icon kadence-check-svg\" fill=\"currentColor\" version=\"1.1\" xmlns=\"http:\/\/www.w3.org\/2000\/svg\" width=\"16\" height=\"16\" viewBox=\"0 0 16 16\"><title>Done<\/title><path d=\"M14 2.5l-8.5 8.5-3.5-3.5-1.5 1.5 5 5 10-10z\"><\/path>\n\t\t\t\t<\/svg><\/span><\/a>\t<span id=\"woocommerce_loop_add_to_cart_link_describedby_3919\" class=\"screen-reader-text\">\n\t\t\t<\/span>\n<\/div><\/div><\/li>\n<li class=\"entry content-bg loop-entry product type-product post-3921 status-publish instock product_cat-parc-jean-drapeau product_cat-sauveteur-national-plage-continentale-jean-drapeau product_tag-sauveteur-national-piscine has-post-thumbnail virtual taxable purchasable product-type-simple\">\n\t<a href=\"https:\/\/natactionsauvetage.ca\/en\/product\/sauveteur-national-plage-continentale-plage-jean-dore-3-4-5-et-6-aout-2026\/\" class=\"woocommerce-loop-image-link woocommerce-LoopProduct-link woocommerce-loop-product__link\"><img decoding=\"async\" width=\"300\" height=\"300\" data-src=\"https:\/\/natactionsauvetage.ca\/wp-content\/uploads\/2025\/12\/DSC03107-scaled-300x300.jpg\" class=\"attachment-woocommerce_thumbnail size-woocommerce_thumbnail lazyload\" alt=\"Sauveteur National (Plage Continentale) - Plage Jean-Dor\u00e9 - 3, 4, 5 et 6 ao\u00fbt 2026\" data-srcset=\"https:\/\/natactionsauvetage.ca\/wp-content\/uploads\/2025\/12\/DSC03107-scaled-300x300.jpg 300w, https:\/\/natactionsauvetage.ca\/wp-content\/uploads\/2025\/12\/DSC03107-scaled-100x100.jpg 100w, https:\/\/natactionsauvetage.ca\/wp-content\/uploads\/2025\/12\/DSC03107-150x150.jpg 150w\" data-sizes=\"(max-width: 300px) 100vw, 300px\" src=\"data:image\/svg+xml;base64,PHN2ZyB3aWR0aD0iMSIgaGVpZ2h0PSIxIiB4bWxucz0iaHR0cDovL3d3dy53My5vcmcvMjAwMC9zdmciPjwvc3ZnPg==\" style=\"--smush-placeholder-width: 300px; --smush-placeholder-aspect-ratio: 300\/300;\" \/><\/a><div class=\"product-details content-bg entry-content-wrap\"><h2 class=\"woocommerce-loop-product__title\"><a href=\"https:\/\/natactionsauvetage.ca\/en\/product\/sauveteur-national-plage-continentale-plage-jean-dore-3-4-5-et-6-aout-2026\/\" class=\"woocommerce-LoopProduct-link-title woocommerce-loop-product__title_ink\">Sauveteur National (Plage Continentale) &#8211; Plage Jean-Dor\u00e9 &#8211; 3, 4, 5 et 6 ao\u00fbt 2026<\/a><\/h2>\n\t<span class=\"price\"><span class=\"woocommerce-Price-amount amount\"><bdi><span class=\"woocommerce-Price-currencySymbol\">&#36;<\/span>259.99<\/bdi><\/span><\/span>\n<div class=\"product-action-wrap\"><a href=\"\/en\/wp-json\/wp\/v2\/pages\/2899?add-to-cart=3921\" data-quantity=\"1\" class=\"button product_type_simple add_to_cart_button ajax_add_to_cart\" data-product_id=\"3921\" data-product_sku=\"\" aria-label=\"Add to cart: &ldquo;Sauveteur National (Plage Continentale) - Plage Jean-Dor\u00e9 - 3, 4, 5 et 6 ao\u00fbt 2026&rdquo;\" rel=\"nofollow\" data-success_message=\"&ldquo;Sauveteur National (Plage Continentale) - Plage Jean-Dor\u00e9 - 3, 4, 5 et 6 ao\u00fbt 2026&rdquo; has been added to your cart\" role=\"button\">Add to cart<span class=\"kadence-svg-iconset svg-baseline\"><svg aria-hidden=\"true\" class=\"kadence-svg-icon kadence-arrow-right-alt-svg\" fill=\"currentColor\" version=\"1.1\" xmlns=\"http:\/\/www.w3.org\/2000\/svg\" width=\"27\" height=\"28\" viewBox=\"0 0 27 28\"><title>Continue<\/title><path d=\"M27 13.953c0 0.141-0.063 0.281-0.156 0.375l-6 5.531c-0.156 0.141-0.359 0.172-0.547 0.094-0.172-0.078-0.297-0.25-0.297-0.453v-3.5h-19.5c-0.281 0-0.5-0.219-0.5-0.5v-3c0-0.281 0.219-0.5 0.5-0.5h19.5v-3.5c0-0.203 0.109-0.375 0.297-0.453s0.391-0.047 0.547 0.078l6 5.469c0.094 0.094 0.156 0.219 0.156 0.359v0z\"><\/path>\n\t\t\t\t<\/svg><\/span><span class=\"kadence-svg-iconset svg-baseline\"><svg class=\"kadence-svg-icon kadence-spinner-svg\" fill=\"currentColor\" version=\"1.1\" xmlns=\"http:\/\/www.w3.org\/2000\/svg\" width=\"16\" height=\"16\" viewBox=\"0 0 16 16\"><title>Loading<\/title><path d=\"M16 6h-6l2.243-2.243c-1.133-1.133-2.64-1.757-4.243-1.757s-3.109 0.624-4.243 1.757c-1.133 1.133-1.757 2.64-1.757 4.243s0.624 3.109 1.757 4.243c1.133 1.133 2.64 1.757 4.243 1.757s3.109-0.624 4.243-1.757c0.095-0.095 0.185-0.192 0.273-0.292l1.505 1.317c-1.466 1.674-3.62 2.732-6.020 2.732-4.418 0-8-3.582-8-8s3.582-8 8-8c2.209 0 4.209 0.896 5.656 2.344l2.343-2.344v6z\"><\/path>\n\t\t\t\t<\/svg><\/span><span class=\"kadence-svg-iconset svg-baseline\"><svg class=\"kadence-svg-icon kadence-check-svg\" fill=\"currentColor\" version=\"1.1\" xmlns=\"http:\/\/www.w3.org\/2000\/svg\" width=\"16\" height=\"16\" viewBox=\"0 0 16 16\"><title>Done<\/title><path d=\"M14 2.5l-8.5 8.5-3.5-3.5-1.5 1.5 5 5 10-10z\"><\/path>\n\t\t\t\t<\/svg><\/span><\/a>\t<span id=\"woocommerce_loop_add_to_cart_link_describedby_3921\" class=\"screen-reader-text\">\n\t\t\t<\/span>\n<\/div><\/div><\/li>\n<li class=\"entry content-bg loop-entry product type-product post-4200 status-publish instock product_cat-parc-jean-drapeau product_cat-sauveteur-national-plage-continentale-jean-drapeau product_tag-sauveteur-national-piscine has-post-thumbnail virtual taxable purchasable product-type-simple\">\n\t<a href=\"https:\/\/natactionsauvetage.ca\/en\/product\/sauveteur-national-plage-continentale-plage-jean-dore-8-9-10-11-12-juin-2026-copie\/\" class=\"woocommerce-loop-image-link woocommerce-LoopProduct-link woocommerce-loop-product__link\"><img decoding=\"async\" width=\"300\" height=\"300\" data-src=\"https:\/\/natactionsauvetage.ca\/wp-content\/uploads\/2025\/12\/DSC03107-scaled-300x300.jpg\" class=\"attachment-woocommerce_thumbnail size-woocommerce_thumbnail lazyload\" alt=\"Sauveteur National (Plage Continentale) - Plage Jean-Dor\u00e9 - 8 au 12 juin 2026\" data-srcset=\"https:\/\/natactionsauvetage.ca\/wp-content\/uploads\/2025\/12\/DSC03107-scaled-300x300.jpg 300w, https:\/\/natactionsauvetage.ca\/wp-content\/uploads\/2025\/12\/DSC03107-scaled-100x100.jpg 100w, https:\/\/natactionsauvetage.ca\/wp-content\/uploads\/2025\/12\/DSC03107-150x150.jpg 150w\" data-sizes=\"(max-width: 300px) 100vw, 300px\" src=\"data:image\/svg+xml;base64,PHN2ZyB3aWR0aD0iMSIgaGVpZ2h0PSIxIiB4bWxucz0iaHR0cDovL3d3dy53My5vcmcvMjAwMC9zdmciPjwvc3ZnPg==\" style=\"--smush-placeholder-width: 300px; --smush-placeholder-aspect-ratio: 300\/300;\" \/><\/a><div class=\"product-details content-bg entry-content-wrap\"><h2 class=\"woocommerce-loop-product__title\"><a href=\"https:\/\/natactionsauvetage.ca\/en\/product\/sauveteur-national-plage-continentale-plage-jean-dore-8-9-10-11-12-juin-2026-copie\/\" class=\"woocommerce-LoopProduct-link-title woocommerce-loop-product__title_ink\">Sauveteur National (Plage Continentale) &#8211; Plage Jean-Dor\u00e9 &#8211; 8 au 12 juin 2026<\/a><\/h2>\n\t<span class=\"price\"><span class=\"woocommerce-Price-amount amount\"><bdi><span class=\"woocommerce-Price-currencySymbol\">&#36;<\/span>259.99<\/bdi><\/span><\/span>\n<div class=\"product-action-wrap\"><a href=\"\/en\/wp-json\/wp\/v2\/pages\/2899?add-to-cart=4200\" data-quantity=\"1\" class=\"button product_type_simple add_to_cart_button ajax_add_to_cart\" data-product_id=\"4200\" data-product_sku=\"\" aria-label=\"Add to cart: &ldquo;Sauveteur National (Plage Continentale) - Plage Jean-Dor\u00e9 - 8 au 12 juin 2026&rdquo;\" rel=\"nofollow\" data-success_message=\"&ldquo;Sauveteur National (Plage Continentale) - Plage Jean-Dor\u00e9 - 8 au 12 juin 2026&rdquo; has been added to your cart\" role=\"button\">Add to cart<span class=\"kadence-svg-iconset svg-baseline\"><svg aria-hidden=\"true\" class=\"kadence-svg-icon kadence-arrow-right-alt-svg\" fill=\"currentColor\" version=\"1.1\" xmlns=\"http:\/\/www.w3.org\/2000\/svg\" width=\"27\" height=\"28\" viewBox=\"0 0 27 28\"><title>Continue<\/title><path d=\"M27 13.953c0 0.141-0.063 0.281-0.156 0.375l-6 5.531c-0.156 0.141-0.359 0.172-0.547 0.094-0.172-0.078-0.297-0.25-0.297-0.453v-3.5h-19.5c-0.281 0-0.5-0.219-0.5-0.5v-3c0-0.281 0.219-0.5 0.5-0.5h19.5v-3.5c0-0.203 0.109-0.375 0.297-0.453s0.391-0.047 0.547 0.078l6 5.469c0.094 0.094 0.156 0.219 0.156 0.359v0z\"><\/path>\n\t\t\t\t<\/svg><\/span><span class=\"kadence-svg-iconset svg-baseline\"><svg class=\"kadence-svg-icon kadence-spinner-svg\" fill=\"currentColor\" version=\"1.1\" xmlns=\"http:\/\/www.w3.org\/2000\/svg\" width=\"16\" height=\"16\" viewBox=\"0 0 16 16\"><title>Loading<\/title><path d=\"M16 6h-6l2.243-2.243c-1.133-1.133-2.64-1.757-4.243-1.757s-3.109 0.624-4.243 1.757c-1.133 1.133-1.757 2.64-1.757 4.243s0.624 3.109 1.757 4.243c1.133 1.133 2.64 1.757 4.243 1.757s3.109-0.624 4.243-1.757c0.095-0.095 0.185-0.192 0.273-0.292l1.505 1.317c-1.466 1.674-3.62 2.732-6.020 2.732-4.418 0-8-3.582-8-8s3.582-8 8-8c2.209 0 4.209 0.896 5.656 2.344l2.343-2.344v6z\"><\/path>\n\t\t\t\t<\/svg><\/span><span class=\"kadence-svg-iconset svg-baseline\"><svg class=\"kadence-svg-icon kadence-check-svg\" fill=\"currentColor\" version=\"1.1\" xmlns=\"http:\/\/www.w3.org\/2000\/svg\" width=\"16\" height=\"16\" viewBox=\"0 0 16 16\"><title>Done<\/title><path d=\"M14 2.5l-8.5 8.5-3.5-3.5-1.5 1.5 5 5 10-10z\"><\/path>\n\t\t\t\t<\/svg><\/span><\/a>\t<span id=\"woocommerce_loop_add_to_cart_link_describedby_4200\" class=\"screen-reader-text\">\n\t\t\t<\/span>\n<\/div><\/div><\/li>\n<\/ul>\n<\/div>\n\n\n\n<p><a href=\"https:\/\/sauvetage.qc.ca\/sites\/default\/files\/img_site\/MedailleBronze%28jpg%29.jpg\" target=\"_blank\" rel=\"noreferrer noopener\"><\/a><\/p>\n<\/div><\/div>\n\n<\/div><\/div>","protected":false},"excerpt":{"rendered":"<p>Sauveteur National &#8211; Plage continentale Description du cours Le cours Sauveteur national \u2013 Plage continentale est con\u00e7u dans le but de d\u00e9velopper les valeurs fondamentales,le jugement, les connaissances, les habilet\u00e9s et la condition physique requis pour devenir un surveillant-sauveteursur une plage continentale. Cette formation met l\u2019accent sur les habilet\u00e9s, les principes et les pratiques, et&#8230;<\/p>","protected":false},"author":1,"featured_media":0,"parent":0,"menu_order":0,"comment_status":"closed","ping_status":"closed","template":"","meta":{"_kadence_starter_templates_imported_post":false,"_kad_post_transparent":"","_kad_post_title":"default","_kad_post_layout":"normal","_kad_post_sidebar_id":"","_kad_post_content_style":"","_kad_post_vertical_padding":"","_kad_post_feature":"","_kad_post_feature_position":"","_kad_post_header":false,"_kad_post_footer":false,"_kad_post_classname":"","footnotes":""},"class_list":["post-2899","page","type-page","status-publish","hentry"],"_links":{"self":[{"href":"https:\/\/natactionsauvetage.ca\/en\/wp-json\/wp\/v2\/pages\/2899","targetHints":{"allow":["GET"]}}],"collection":[{"href":"https:\/\/natactionsauvetage.ca\/en\/wp-json\/wp\/v2\/pages"}],"about":[{"href":"https:\/\/natactionsauvetage.ca\/en\/wp-json\/wp\/v2\/types\/page"}],"author":[{"embeddable":true,"href":"https:\/\/natactionsauvetage.ca\/en\/wp-json\/wp\/v2\/users\/1"}],"replies":[{"embeddable":true,"href":"https:\/\/natactionsauvetage.ca\/en\/wp-json\/wp\/v2\/comments?post=2899"}],"version-history":[{"count":39,"href":"https:\/\/natactionsauvetage.ca\/en\/wp-json\/wp\/v2\/pages\/2899\/revisions"}],"predecessor-version":[{"id":3974,"href":"https:\/\/natactionsauvetage.ca\/en\/wp-json\/wp\/v2\/pages\/2899\/revisions\/3974"}],"wp:attachment":[{"href":"https:\/\/natactionsauvetage.ca\/en\/wp-json\/wp\/v2\/media?parent=2899"}],"curies":[{"name":"wp","href":"https:\/\/api.w.org\/{rel}","templated":true}]}}