{"id":3194,"date":"2024-03-06T18:06:59","date_gmt":"2024-03-06T23:06:59","guid":{"rendered":"https:\/\/natactionsauvetage.ca\/?page_id=3194"},"modified":"2024-04-13T12:58:50","modified_gmt":"2024-04-13T16:58:50","slug":"inscription-au-cours-de-premiers-soin-general-du-17-et-18-aout-2024","status":"publish","type":"page","link":"https:\/\/natactionsauvetage.ca\/en\/inscription-au-cours-de-premiers-soin-general-du-17-et-18-aout-2024\/","title":{"rendered":"Registration for the EFA course August 17 and 18, 2024"},"content":{"rendered":"<style>.kadence-column3194_740016-cc > .kt-inside-inner-col,.kadence-column3194_740016-cc > .kt-inside-inner-col:before{border-top-left-radius:0px;border-top-right-radius:0px;border-bottom-right-radius:0px;border-bottom-left-radius:0px;}.kadence-column3194_740016-cc > .kt-inside-inner-col{column-gap:var(--global-kb-gap-sm, 1rem);}.kadence-column3194_740016-cc > .kt-inside-inner-col{flex-direction:column;}.kadence-column3194_740016-cc > .kt-inside-inner-col > .aligncenter{width:100%;}.kadence-column3194_740016-cc > .kt-inside-inner-col:before{opacity:0.3;}.kadence-column3194_740016-cc{position:relative;}@media all and (max-width: 1024px){.kadence-column3194_740016-cc > .kt-inside-inner-col{flex-direction:column;justify-content:center;}}@media all and (max-width: 767px){.kadence-column3194_740016-cc > .kt-inside-inner-col{flex-direction:column;justify-content:center;}}<\/style>\n<div class=\"wp-block-kadence-column kadence-column3194_740016-cc\"><div class=\"kt-inside-inner-col\">\n<p><em>*IMPORTANT: UNE ADRESSE COURRIEL DIFF\u00c9RENTE PAR PARTICIPANTS<\/em><\/p>\n<\/div><\/div>\n\n\n<style>.kb-row-layout-id3194_45e8e1-ac > .kt-row-column-wrap{align-content:start;}:where(.kb-row-layout-id3194_45e8e1-ac > .kt-row-column-wrap) > .wp-block-kadence-column{justify-content:start;}.kb-row-layout-id3194_45e8e1-ac > .kt-row-column-wrap{column-gap:var(--global-kb-gap-md, 2rem);row-gap:var(--global-kb-gap-md, 2rem);padding-top:var(--global-kb-spacing-sm, 1.5rem);padding-bottom:var(--global-kb-spacing-sm, 1.5rem);grid-template-columns:repeat(2, minmax(0, 1fr));}.kb-row-layout-id3194_45e8e1-ac > .kt-row-layout-overlay{opacity:0.30;}@media all and (max-width: 1024px){.kb-row-layout-id3194_45e8e1-ac > .kt-row-column-wrap{grid-template-columns:repeat(2, minmax(0, 1fr));}}@media all and (max-width: 767px){.kb-row-layout-id3194_45e8e1-ac > .kt-row-column-wrap{grid-template-columns:minmax(0, 1fr);}}<\/style><div class=\"kb-row-layout-wrap kb-row-layout-id3194_45e8e1-ac alignnone wp-block-kadence-rowlayout\"><div class=\"kt-row-column-wrap kt-has-2-columns kt-row-layout-equal kt-tab-layout-inherit kt-mobile-layout-row kt-row-valign-top\">\n<style>.kadence-column3194_959ce2-67 > .kt-inside-inner-col,.kadence-column3194_959ce2-67 > .kt-inside-inner-col:before{border-top-left-radius:0px;border-top-right-radius:0px;border-bottom-right-radius:0px;border-bottom-left-radius:0px;}.kadence-column3194_959ce2-67 > .kt-inside-inner-col{column-gap:var(--global-kb-gap-sm, 1rem);}.kadence-column3194_959ce2-67 > .kt-inside-inner-col{flex-direction:column;}.kadence-column3194_959ce2-67 > .kt-inside-inner-col > .aligncenter{width:100%;}.kadence-column3194_959ce2-67 > .kt-inside-inner-col:before{opacity:0.3;}.kadence-column3194_959ce2-67{position:relative;}@media all and (max-width: 1024px){.kadence-column3194_959ce2-67 > .kt-inside-inner-col{flex-direction:column;justify-content:center;}}@media all and (max-width: 767px){.kadence-column3194_959ce2-67 > .kt-inside-inner-col{flex-direction:column;justify-content:center;}}<\/style>\n<div class=\"wp-block-kadence-column kadence-column3194_959ce2-67\"><div class=\"kt-inside-inner-col\">\n\n            <div id=\"mailerlite-form_15\" data-temp-id=\"69f3fb787f0a0\">\n                <div class=\"mailerlite-form\">\n                    <form action=\"\" method=\"post\" novalidate>\n                                                    <div class=\"mailerlite-form-title\"><h3>Inscription au cours de Premiers Soin G\u00e9n\u00e9ral du 17 et 18 Ao\u00fbt 2024<\/h3><\/div>\n                                                <div class=\"mailerlite-form-description\"><h2 class=\"wp-block-heading has-large-font-size\">Pr\u00e9requis<\/h2>\n<ul>\n<li>Avoir 14 ans ou plus<\/li>\n<\/ul>\n<\/div>\n                        <div class=\"mailerlite-form-inputs\">\n                                                                                            <div class=\"mailerlite-form-field\">\n                                    <label for=\"mailerlite-15-field-email\">Email<\/label>\n                                    <input id=\"mailerlite-15-field-email\"\n                                           type=\"email\" required=\"required\"                                            name=\"form_fields[email]\"\n                                           placeholder=\"Email\"\/>\n                                <\/div>\n                                                                                            <div class=\"mailerlite-form-field\">\n                                    <label for=\"mailerlite-15-field-city\">Nom de famille<\/label>\n                                    <input id=\"mailerlite-15-field-city\"\n                                           type=\"text\"                                            name=\"form_fields[city]\"\n                                           placeholder=\"Nom de famille\"\/>\n                                <\/div>\n                                                                                            <div class=\"mailerlite-form-field\">\n                                    <label for=\"mailerlite-15-field-company\">Nom<\/label>\n                                    <input id=\"mailerlite-15-field-company\"\n                                           type=\"text\"                                            name=\"form_fields[company]\"\n                                           placeholder=\"Nom\"\/>\n                                <\/div>\n                                                                                            <div class=\"mailerlite-form-field\">\n                                    <label for=\"mailerlite-15-field-country\">Adresse Civique<\/label>\n                                    <input id=\"mailerlite-15-field-country\"\n                                           type=\"text\"                                            name=\"form_fields[country]\"\n                                           placeholder=\"Adresse Civique\"\/>\n                                <\/div>\n                                                                                            <div class=\"mailerlite-form-field\">\n                                    <label for=\"mailerlite-15-field-last_name\">Code Postal<\/label>\n                                    <input id=\"mailerlite-15-field-last_name\"\n                                           type=\"text\"                                            name=\"form_fields[last_name]\"\n                                           placeholder=\"Code Postal\"\/>\n                                <\/div>\n                                                                                            <div class=\"mailerlite-form-field\">\n                                    <label for=\"mailerlite-15-field-name\">Num\u00e9ro de t\u00e9l\u00e9phone<\/label>\n                                    <input id=\"mailerlite-15-field-name\"\n                                           type=\"text\"                                            name=\"form_fields[name]\"\n                                           placeholder=\"Num\u00e9ro de t\u00e9l\u00e9phone\"\/>\n                                <\/div>\n                                                                                            <div class=\"mailerlite-form-field\">\n                                    <label for=\"mailerlite-15-field-phone\">Date de Naissance (JJ\/MM\/AAAA)<\/label>\n                                    <input id=\"mailerlite-15-field-phone\"\n                                           type=\"text\"                                            name=\"form_fields[phone]\"\n                                           placeholder=\"Date de Naissance (JJ\/MM\/AAAA)\"\/>\n                                <\/div>\n                                                        <div class=\"mailerlite-form-loader\">Patientez<\/div>\n                            <div class=\"mailerlite-subscribe-button-container\">\n                                <button class=\"mailerlite-subscribe-submit\" type=\"submit\">\n                                    S&#039;inscrire                                <\/button>\n                            <\/div>\n                            <input type=\"hidden\" name=\"form_id\" value=\"15\"\/>\n                            <input type=\"hidden\" name=\"action\" value=\"mailerlite_subscribe_form\"\/>\n                            <input type=\"hidden\" name=\"ml_nonce\" value=\"b54b514398\"\/>\n                        <\/div>\n                        <div class=\"mailerlite-form-response\">\n                                                            <h4><p>&amp;lt;span style=&quot;color: #339966;&quot;&amp;gt;Merci pour votre inscription ! Vous recevrez un courriel vous demandant de confirmer votre adresse courriel, suivi d&#039;un courriel de confirmation dans quelques instants.&amp;lt;\/span&amp;gt;<\/p>\n<\/h4>\n                                                    <\/div>\n                    <\/form>\n                <\/div>\n            <\/div>\n        <script type=\"text\/javascript\" src='https:\/\/natactionsauvetage.ca\/wp-content\/plugins\/official-mailerlite-sign-up-forms\/assets\/js\/localization\/validation-messages.js'><\/script>\n         <script type=\"text\/javascript\"> var selectedLanguage = \"\"; var validationMessages = messages[\"en\"]; if(selectedLanguage) { validationMessages = messages[selectedLanguage]; } window.addEventListener(\"load\", function () { var form_container = document.querySelector(`#mailerlite-form_15[data-temp-id=\"69f3fb787f0a0\"] form`); let submitButton = form_container.querySelector('.mailerlite-subscribe-submit'); submitButton.disabled = true; fetch('https:\/\/natactionsauvetage.ca\/wp-admin\/admin-ajax.php', { method: 'POST', headers:{ 'Content-Type': 'application\/x-www-form-urlencoded', }, body: new URLSearchParams({ \"action\" : \"ml_create_nonce\", \"ml_nonce\" : form_container.querySelector(\"input[name='ml_nonce']\").value }) }) .then((response) => response.json()) .then((json) => { if(json.success) { form_container.querySelector(\"input[name='ml_nonce']\").value = json.data.ml_nonce; submitButton.disabled = false; } }) .catch((error) => { console.error('Error:', error); }); form_container.addEventListener('submit', (e) => { e.preventDefault(); let data = new URLSearchParams(new FormData(form_container)).toString(); let validationError = false; document.querySelectorAll('.mailerlite-form-error').forEach(el => el.remove()); Array.from(form_container.elements).forEach((input) => { if(input.type !== 'hidden') { if(input.required) { if(input.value == '') { validationError = true; let error = document.createElement(\"span\"); error.className = 'mailerlite-form-error'; error.textContent = validationMessages.required; input.after(error); return false; } } if((input.type == \"email\") && (!validateEmail(input.value))) { validationError = true; let error = document.createElement(\"span\"); error.className = 'mailerlite-form-error'; error.textContent = validationMessages.email; input.after(error); return false; } } }); if(validationError) { return false; } fade.out(form_container.querySelector('.mailerlite-subscribe-button-container'), () => { fade.in(form_container.querySelector('.mailerlite-form-loader')); }); fetch('https:\/\/natactionsauvetage.ca\/wp-admin\/admin-ajax.php', { method: 'POST', headers:{ 'Content-Type': 'application\/x-www-form-urlencoded', }, body: data }) .then((response) => { fade.out(form_container.querySelector('.mailerlite-form-inputs'), () => { fade.in(form_container.querySelector('.mailerlite-form-response')); }); }) .catch((error) => { console.error('Error:', error); }); }); }, false); var fade = { out: function(el, fn = false) { var fadeOutEffect = setInterval(function () { if (!el.style.opacity) { el.style.opacity = 1; } if (el.style.opacity > 0) { el.style.opacity -= 0.1; } else { el.style.display = 'none'; clearInterval(fadeOutEffect); } }, 50); if( typeof (fn) == 'function') { fn(); } }, in: function(el) { var fadeInEffect = setInterval(function () { if (!el.style.opacity) { el.style.opacity = 0; } if (el.style.opacity < 1) { el.style.opacity = Number(el.style.opacity) + 0.1; } else { el.style.display = 'block'; clearInterval(fadeInEffect); } }, 50); } }; function validateEmail(email){ if(email.match( \/^(([^<>()[\\]\\\\.,;:\\s@\\\"]+(\\.[^<>()[\\]\\\\.,;:\\s@\\\"]+)*)|(\\\".+\\\"))@((\\[[0-9]{1,3}\\.[0-9]{1,3}\\.[0-9]{1,3}\\.[0-9]{1,3}\\])|(([a-zA-Z\\-0-9]+\\.)+[a-zA-Z]{2,}))$\/ )) { return true; } return false; } <\/script> \n\n\n<style>.kb-row-layout-id3194_5c9c8b-ed > .kt-row-column-wrap{align-content:start;}:where(.kb-row-layout-id3194_5c9c8b-ed > .kt-row-column-wrap) > .wp-block-kadence-column{justify-content:start;}.kb-row-layout-id3194_5c9c8b-ed > .kt-row-column-wrap{column-gap:var(--global-kb-gap-none, 0rem );row-gap:var(--global-kb-gap-none, 0rem );grid-template-columns:minmax(0, 1fr) minmax(0, 2fr);}.kb-row-layout-id3194_5c9c8b-ed > .kt-row-layout-overlay{opacity:0.30;}@media all and (max-width: 1024px){.kb-row-layout-id3194_5c9c8b-ed > .kt-row-column-wrap{grid-template-columns:minmax(0, 1fr) minmax(0, 2fr);}}@media all and (max-width: 767px){.kb-row-layout-id3194_5c9c8b-ed > .kt-row-column-wrap{grid-template-columns:minmax(0, 1fr);}}<\/style><div class=\"kb-row-layout-wrap kb-row-layout-id3194_5c9c8b-ed alignnone wp-block-kadence-rowlayout\"><div class=\"kt-row-column-wrap kt-has-2-columns kt-row-layout-right-golden kt-tab-layout-inherit kt-mobile-layout-row kt-row-valign-top\">\n<style>.kadence-column3194_7fc6f2-ea > .kt-inside-inner-col{display:flex;}.kadence-column3194_7fc6f2-ea > .kt-inside-inner-col,.kadence-column3194_7fc6f2-ea > .kt-inside-inner-col:before{border-top-left-radius:0px;border-top-right-radius:0px;border-bottom-right-radius:0px;border-bottom-left-radius:0px;}.kadence-column3194_7fc6f2-ea > .kt-inside-inner-col{column-gap:var(--global-kb-gap-sm, 1rem);}.kadence-column3194_7fc6f2-ea > .kt-inside-inner-col{flex-direction:column;align-items:flex-end;}.kadence-column3194_7fc6f2-ea > .kt-inside-inner-col > .kb-image-is-ratio-size{align-self:stretch;}.kadence-column3194_7fc6f2-ea > .kt-inside-inner-col > .wp-block-kadence-advancedgallery{align-self:stretch;}.kadence-column3194_7fc6f2-ea > .kt-inside-inner-col > .aligncenter{width:100%;}.kadence-column3194_7fc6f2-ea > .kt-inside-inner-col:before{opacity:0.3;}.kadence-column3194_7fc6f2-ea{position:relative;}@media all and (max-width: 1024px){.kadence-column3194_7fc6f2-ea > .kt-inside-inner-col{flex-direction:column;justify-content:center;align-items:flex-end;}}@media all and (max-width: 767px){.kadence-column3194_7fc6f2-ea > .kt-inside-inner-col{flex-direction:column;justify-content:center;align-items:flex-end;}}<\/style>\n<div class=\"wp-block-kadence-column kadence-column3194_7fc6f2-ea\"><div class=\"kt-inside-inner-col\"><style>.kt-svg-icons3194_2b049c-70 .kt-svg-item-0 .kb-svg-icon-wrap{color:var(--global-palette4, #2D3748);font-size:50px;}.wp-block-kadence-icon.kt-svg-icons3194_2b049c-70{justify-content:center;}<\/style>\n<div class=\"wp-block-kadence-icon kt-svg-icons kt-svg-icons3194_2b049c-70 alignnone\"><style>.kt-svg-item-3194_e21ab1-30 .kb-svg-icon-wrap, .kt-svg-style-stacked.kt-svg-item-3194_e21ab1-30 .kb-svg-icon-wrap{font-size:18px;}<\/style>\n<div class=\"wp-block-kadence-single-icon kt-svg-style-default kt-svg-icon-wrap kt-svg-item-3194_e21ab1-30\"><span class=\"kb-svg-icon-wrap kb-svg-icon-fe_lock\"><svg viewBox=\"0 0 24 24\"  fill=\"none\" stroke=\"currentColor\" stroke-width=\"2\" stroke-linecap=\"round\" stroke-linejoin=\"round\" xmlns=\"http:\/\/www.w3.org\/2000\/svg\"  aria-hidden=\"true\"><rect x=\"3\" y=\"11\" width=\"18\" height=\"11\" rx=\"2\" ry=\"2\"\/><path d=\"M7 11V7a5 5 0 0 1 10 0v4\"\/><\/svg><\/span><\/div>\n<\/div>\n<\/div><\/div>\n\n\n<style>.kadence-column3194_6e4b4e-04 > .kt-inside-inner-col,.kadence-column3194_6e4b4e-04 > .kt-inside-inner-col:before{border-top-left-radius:0px;border-top-right-radius:0px;border-bottom-right-radius:0px;border-bottom-left-radius:0px;}.kadence-column3194_6e4b4e-04 > .kt-inside-inner-col{column-gap:var(--global-kb-gap-sm, 1rem);}.kadence-column3194_6e4b4e-04 > .kt-inside-inner-col{flex-direction:column;}.kadence-column3194_6e4b4e-04 > .kt-inside-inner-col > .aligncenter{width:100%;}.kadence-column3194_6e4b4e-04 > .kt-inside-inner-col:before{opacity:0.3;}.kadence-column3194_6e4b4e-04{position:relative;}@media all and (max-width: 1024px){.kadence-column3194_6e4b4e-04 > .kt-inside-inner-col{flex-direction:column;justify-content:center;}}@media all and (max-width: 767px){.kadence-column3194_6e4b4e-04 > .kt-inside-inner-col{flex-direction:column;justify-content:center;}}<\/style>\n<div class=\"wp-block-kadence-column kadence-column3194_6e4b4e-04\"><div class=\"kt-inside-inner-col\">\n<p style=\"font-size:8px\">*Vos donn\u00e9es personnelles sont  gard\u00e9es confidentielles. Pour plus d&rsquo;information voir <a href=\"https:\/\/natactionsauvetage.ca\/privacy-policy\/\" data-type=\"page\" data-id=\"3\">Politique de confidentialit\u00e9<\/a><\/p>\n<\/div><\/div>\n\n<\/div><\/div><\/div><\/div>\n\n\n<style>.kadence-column3194_aa7ddf-f0 > .kt-inside-inner-col,.kadence-column3194_aa7ddf-f0 > .kt-inside-inner-col:before{border-top-left-radius:0px;border-top-right-radius:0px;border-bottom-right-radius:0px;border-bottom-left-radius:0px;}.kadence-column3194_aa7ddf-f0 > .kt-inside-inner-col{column-gap:var(--global-kb-gap-sm, 1rem);}.kadence-column3194_aa7ddf-f0 > .kt-inside-inner-col{flex-direction:column;}.kadence-column3194_aa7ddf-f0 > .kt-inside-inner-col > .aligncenter{width:100%;}.kadence-column3194_aa7ddf-f0 > .kt-inside-inner-col:before{opacity:0.3;}.kadence-column3194_aa7ddf-f0{position:relative;}@media all and (max-width: 1024px){.kadence-column3194_aa7ddf-f0 > .kt-inside-inner-col{flex-direction:column;justify-content:center;}}@media all and (max-width: 767px){.kadence-column3194_aa7ddf-f0 > .kt-inside-inner-col{flex-direction:column;justify-content:center;}}<\/style>\n<div class=\"wp-block-kadence-column kadence-column3194_aa7ddf-f0 kb-section-dir-vertical\"><div class=\"kt-inside-inner-col\"><style>.wp-block-kadence-column.kb-section-dir-horizontal > .kt-inside-inner-col > .kt-info-box3194_b530a8-32 .kt-blocks-info-box-link-wrap{max-width:unset;}.kt-info-box3194_b530a8-32 .kt-blocks-info-box-link-wrap{padding-top:var(--global-kb-spacing-xs, 1rem);padding-right:var(--global-kb-spacing-xs, 1rem);padding-bottom:var(--global-kb-spacing-xs, 1rem);padding-left:var(--global-kb-spacing-xs, 1rem);}.kt-info-box3194_b530a8-32 .kadence-info-box-icon-container .kt-info-svg-icon, .kt-info-box3194_b530a8-32 .kt-info-svg-icon-flip, .kt-info-box3194_b530a8-32 .kt-blocks-info-box-number{font-size:41px;}.kt-info-box3194_b530a8-32 .kt-blocks-info-box-media{border-top-width:0px;border-right-width:0px;border-bottom-width:0px;border-left-width:0px;padding-top:10px;padding-right:10px;padding-bottom:10px;padding-left:10px;}.kt-info-box3194_b530a8-32 .kt-blocks-info-box-media-container{margin-top:0px;margin-right:15px;margin-bottom:0px;margin-left:15px;}.kt-info-box3194_b530a8-32 .kt-infobox-textcontent .kt-blocks-info-box-text{color:var(--global-palette4, #2D3748);}.wp-block-kadence-infobox.kt-info-box3194_b530a8-32 .kt-blocks-info-box-text{font-size:14px;}.kt-info-box3194_b530a8-32 .kt-blocks-info-box-learnmore{background:transparent;border-width:0px 0px 0px 0px;padding-top:4px;padding-right:8px;padding-bottom:4px;padding-left:8px;margin-top:10px;margin-right:0px;margin-bottom:10px;margin-left:0px;}<\/style>\n<div class=\"wp-block-kadence-infobox kt-info-box3194_b530a8-32\"><span class=\"kt-blocks-info-box-link-wrap info-box-link kt-blocks-info-box-media-align-top kt-info-halign-left\"><div class=\"kt-blocks-info-box-media-container\"><div class=\"kt-blocks-info-box-media kt-info-media-animate-none\"><div class=\"kadence-info-box-icon-container kt-info-icon-animate-none\"><div class=\"kadence-info-box-icon-inner-container\"><span class=\"kb-svg-icon-wrap kb-svg-icon-fe_info kt-info-svg-icon\"><svg viewBox=\"0 0 24 24\"  fill=\"none\" stroke=\"currentColor\" stroke-width=\"2\" stroke-linecap=\"round\" stroke-linejoin=\"round\" xmlns=\"http:\/\/www.w3.org\/2000\/svg\"  aria-hidden=\"true\"><circle cx=\"12\" cy=\"12\" r=\"10\"\/><line x1=\"12\" y1=\"16\" x2=\"12\" y2=\"12\"\/><line x1=\"12\" y1=\"8\" x2=\"12\" y2=\"8\"\/><\/svg><\/span><\/div><\/div><\/div><\/div><div class=\"kt-infobox-textcontent\"><h3 class=\"kt-blocks-info-box-title\">Informations importantes<\/h3><p class=\"kt-blocks-info-box-text\"><strong>Pr\u00e9sence au cours :<\/strong><br\/>La pr\u00e9sence \u00e0 tous les cours est obligatoire car le moniteur \u00e9value les candidats tout au long de la session (\u00e9valuation continue).<br\/><br\/><strong>Lieu:<\/strong><br\/>Les cours ont lieu au complexe aquatique du Parc Jean-Drapeau, au www.parcjeandrapeau.com<br\/><a href=\"https:\/\/www.bing.com\/ck\/a?!&amp;&amp;p=d9326058c595b1caJmltdHM9MTcwOTE2NDgwMCZpZ3VpZD0xYTQ4YjkxYS00MmRjLTZlN2QtM2M1Yi1hZDJlNDNlNzZmODEmaW5zaWQ9NTUxOA&amp;ptn=3&amp;ver=2&amp;hsh=3&amp;fclid=1a48b91a-42dc-6e7d-3c5b-ad2e43e76f81&amp;u=a1aHR0cHM6Ly93d3cuYmluZy5jb20vYWxpbmsvbGluaz91cmw9aHR0cHMlM2ElMmYlMmZ3d3cucGFyY2plYW5kcmFwZWF1LmNvbSUyZiZzb3VyY2U9c2VycC1sb2NhbCZoPThrMlBKM1VtMW96S2tiNG8xRURsN2xURSUyYkp0WENtT1FBOSUyZnJDcyUyYnpRcmclM2QmcD1sd19nYnQmaWc9NjU5MkMxRjA3RDJCNDQzRkIxNTc0NzEzQTQ1NjFFMjYmeXBpZD1ZTjg3M3g4Mjc2OTMxNDA0NTI1MDkyNzIx&amp;ntb=1\" target=\"_blank\" rel=\"noreferrer noopener\">Complexe Aquatique<\/a><br\/><a href=\"https:\/\/www.bing.com\/ck\/a?!&amp;&amp;p=69144368a58ff566JmltdHM9MTcwOTE2NDgwMCZpZ3VpZD0xYTQ4YjkxYS00MmRjLTZlN2QtM2M1Yi1hZDJlNDNlNzZmODEmaW5zaWQ9NTUxOQ&amp;ptn=3&amp;ver=2&amp;hsh=3&amp;fclid=1a48b91a-42dc-6e7d-3c5b-ad2e43e76f81&amp;u=a1L21hcHM_Jm1lcGk9MTA5fn5Ub3BPZlBhZ2V-QWRkcmVzc19MaW5rJnR5PTE4JnE9Q29tcGxleGUlMjBBcXVhdGlxdWUmc3M9eXBpZC5ZTjg3M3g4Mjc2OTMxNDA0NTI1MDkyNzIxJnBwb2lzPTQ1LjUxMjgzNjQ1NjI5ODgzXy03My41MzQ1MDAxMjIwNzAzMV9Db21wbGV4ZSUyMEFxdWF0aXF1ZV9ZTjg3M3g4Mjc2OTMxNDA0NTI1MDkyNzIxfiZjcD00NS41MTI4MzZ-LTczLjUzNDUmdj0yJnNWPTEmRk9STT1NUFNSUEw&amp;ntb=1\" target=\"_blank\" rel=\"noreferrer noopener\">130 Ch Du Tour-De-L&rsquo;Isle<\/a><br\/><br\/><strong>\u00c0 apporter :<\/strong><br\/>-Le Manuel Canadien de Premier Soin est gratuit et fourni gr\u00e2ce \u00e0 la subvention.<br\/>-Masque de poche<br\/>-Cadenas<br\/>-Costume de bain appropri\u00e9.<br\/>-Repas du diner<br\/><br\/><\/p><\/div><\/span><\/div>\n\n\n<style>.kb-image3194_a501a1-0e.kb-image-is-ratio-size, .kb-image3194_a501a1-0e .kb-image-is-ratio-size{max-width:422px;width:100%;}.wp-block-kadence-column > .kt-inside-inner-col > .kb-image3194_a501a1-0e.kb-image-is-ratio-size, .wp-block-kadence-column > .kt-inside-inner-col > .kb-image3194_a501a1-0e .kb-image-is-ratio-size{align-self:unset;}.kb-image3194_a501a1-0e figure{max-width:422px;}.kb-image3194_a501a1-0e .image-is-svg, .kb-image3194_a501a1-0e .image-is-svg img{width:100%;}.kb-image3194_a501a1-0e .kb-image-has-overlay:after{opacity:0.3;}<\/style>\n<div class=\"wp-block-kadence-image kb-image3194_a501a1-0e\"><figure class=\"aligncenter size-full\"><img decoding=\"async\" width=\"1024\" height=\"683\" data-src=\"https:\/\/natactionsauvetage.ca\/wp-content\/uploads\/2023\/12\/premiers-soins-general-dea.webp\" alt=\"\" class=\"kb-img wp-image-2863 lazyload\" data-srcset=\"https:\/\/natactionsauvetage.ca\/wp-content\/uploads\/2023\/12\/premiers-soins-general-dea.webp 1024w, https:\/\/natactionsauvetage.ca\/wp-content\/uploads\/2023\/12\/premiers-soins-general-dea-600x400.webp 600w, https:\/\/natactionsauvetage.ca\/wp-content\/uploads\/2023\/12\/premiers-soins-general-dea-300x200.webp 300w, https:\/\/natactionsauvetage.ca\/wp-content\/uploads\/2023\/12\/premiers-soins-general-dea-768x512.webp 768w\" data-sizes=\"(max-width: 1024px) 100vw, 1024px\" src=\"data:image\/svg+xml;base64,PHN2ZyB3aWR0aD0iMSIgaGVpZ2h0PSIxIiB4bWxucz0iaHR0cDovL3d3dy53My5vcmcvMjAwMC9zdmciPjwvc3ZnPg==\" style=\"--smush-placeholder-width: 1024px; --smush-placeholder-aspect-ratio: 1024\/683;\" \/><\/figure><\/div>\n<\/div><\/div>\n\n<\/div><\/div>","protected":false},"excerpt":{"rendered":"<p>*IMPORTANT: UNE ADRESSE COURRIEL DIFF\u00c9RENTE PAR PARTICIPANTS *Vos donn\u00e9es personnelles sont gard\u00e9es confidentielles. Pour plus d&rsquo;information voir Politique de confidentialit\u00e9<\/p>","protected":false},"author":1,"featured_media":0,"parent":0,"menu_order":0,"comment_status":"closed","ping_status":"closed","template":"","meta":{"_kadence_starter_templates_imported_post":false,"_kad_post_transparent":"","_kad_post_title":"","_kad_post_layout":"narrow","_kad_post_sidebar_id":"","_kad_post_content_style":"","_kad_post_vertical_padding":"","_kad_post_feature":"","_kad_post_feature_position":"","_kad_post_header":false,"_kad_post_footer":false,"_kad_post_classname":"","footnotes":""},"class_list":["post-3194","page","type-page","status-publish","hentry"],"_links":{"self":[{"href":"https:\/\/natactionsauvetage.ca\/en\/wp-json\/wp\/v2\/pages\/3194","targetHints":{"allow":["GET"]}}],"collection":[{"href":"https:\/\/natactionsauvetage.ca\/en\/wp-json\/wp\/v2\/pages"}],"about":[{"href":"https:\/\/natactionsauvetage.ca\/en\/wp-json\/wp\/v2\/types\/page"}],"author":[{"embeddable":true,"href":"https:\/\/natactionsauvetage.ca\/en\/wp-json\/wp\/v2\/users\/1"}],"replies":[{"embeddable":true,"href":"https:\/\/natactionsauvetage.ca\/en\/wp-json\/wp\/v2\/comments?post=3194"}],"version-history":[{"count":5,"href":"https:\/\/natactionsauvetage.ca\/en\/wp-json\/wp\/v2\/pages\/3194\/revisions"}],"predecessor-version":[{"id":3294,"href":"https:\/\/natactionsauvetage.ca\/en\/wp-json\/wp\/v2\/pages\/3194\/revisions\/3294"}],"wp:attachment":[{"href":"https:\/\/natactionsauvetage.ca\/en\/wp-json\/wp\/v2\/media?parent=3194"}],"curies":[{"name":"wp","href":"https:\/\/api.w.org\/{rel}","templated":true}]}}