{"id":3310,"date":"2024-04-21T11:36:49","date_gmt":"2024-04-21T15:36:49","guid":{"rendered":"https:\/\/natactionsauvetage.ca\/?page_id=3310"},"modified":"2025-10-15T07:29:16","modified_gmt":"2025-10-15T11:29:16","slug":"entrevue-salut-bonjour","status":"publish","type":"page","link":"https:\/\/natactionsauvetage.ca\/en\/entrevue-salut-bonjour\/","title":{"rendered":"Media interview"},"content":{"rendered":"<figure class=\"wp-block-video\"><video height=\"652\" style=\"aspect-ratio: 1162 \/ 652;\" width=\"1162\" src=\"https:\/\/natactionsauvetage.ca\/wp-content\/uploads\/2025\/10\/Salut-bonjour-2.mp4\"><\/video><\/figure>\n\n\n\n<div class=\"wp-block-columns is-layout-flex wp-container-core-columns-is-layout-9d6595d7 wp-block-columns-is-layout-flex\">\n<div class=\"wp-block-column is-layout-flow wp-block-column-is-layout-flow\" style=\"flex-basis:100%\">\n<figure class=\"wp-block-video\"><video height=\"1334\" style=\"aspect-ratio: 750 \/ 1334;\" width=\"750\" controls src=\"https:\/\/natactionsauvetage.ca\/wp-content\/uploads\/2024\/08\/20240724_190706000_iOS.mp4\"><\/video><\/figure>\n<\/div>\n<\/div>\n\n\n\n<p><strong>Watch the report from July 24, 2024 on the activities organized by NatAction Sauvetage during National Drowning Prevention Week!<\/strong><\/p>\n\n\n\n<figure class=\"wp-block-video\"><video height=\"540\" style=\"aspect-ratio: 960 \/ 540;\" width=\"960\" controls src=\"https:\/\/natactionsauvetage.ca\/wp-content\/uploads\/2024\/04\/CFTM_2024-04-21T07_34_35__extrait_7h35-4.mp4\"><\/video><\/figure>\n\n\n\n<p><strong>Watch our interview from April 21, 2024 with \u00c8ve-Marie Lortie at Salut Bonjour Weekend!<\/strong><\/p>","protected":false},"excerpt":{"rendered":"<p>Visionnez le reportage du 24 juillet 2024 sur les activit\u00e9s organis\u00e9es par NatAction Sauvetage lors de la Semaine National de la Pr\u00e9vention de la Noyade! Visionnez notre entrevue du 21 avril 2024 avec \u00c8ve-Marie Lortie \u00e0 Salut Bonjour Weekend!<\/p>","protected":false},"author":1,"featured_media":0,"parent":0,"menu_order":0,"comment_status":"closed","ping_status":"closed","template":"","meta":{"_kadence_starter_templates_imported_post":false,"_kad_post_transparent":"","_kad_post_title":"","_kad_post_layout":"narrow","_kad_post_sidebar_id":"","_kad_post_content_style":"","_kad_post_vertical_padding":"","_kad_post_feature":"","_kad_post_feature_position":"","_kad_post_header":false,"_kad_post_footer":false,"_kad_post_classname":"","footnotes":""},"class_list":["post-3310","page","type-page","status-publish","hentry"],"_links":{"self":[{"href":"https:\/\/natactionsauvetage.ca\/en\/wp-json\/wp\/v2\/pages\/3310","targetHints":{"allow":["GET"]}}],"collection":[{"href":"https:\/\/natactionsauvetage.ca\/en\/wp-json\/wp\/v2\/pages"}],"about":[{"href":"https:\/\/natactionsauvetage.ca\/en\/wp-json\/wp\/v2\/types\/page"}],"author":[{"embeddable":true,"href":"https:\/\/natactionsauvetage.ca\/en\/wp-json\/wp\/v2\/users\/1"}],"replies":[{"embeddable":true,"href":"https:\/\/natactionsauvetage.ca\/en\/wp-json\/wp\/v2\/comments?post=3310"}],"version-history":[{"count":11,"href":"https:\/\/natactionsauvetage.ca\/en\/wp-json\/wp\/v2\/pages\/3310\/revisions"}],"predecessor-version":[{"id":3694,"href":"https:\/\/natactionsauvetage.ca\/en\/wp-json\/wp\/v2\/pages\/3310\/revisions\/3694"}],"wp:attachment":[{"href":"https:\/\/natactionsauvetage.ca\/en\/wp-json\/wp\/v2\/media?parent=3310"}],"curies":[{"name":"wp","href":"https:\/\/api.w.org\/{rel}","templated":true}]}}