{"id":3656,"date":"2025-06-05T07:07:05","date_gmt":"2025-06-05T11:07:05","guid":{"rendered":"https:\/\/natactionsauvetage.ca\/?page_id=3656"},"modified":"2025-06-05T07:41:07","modified_gmt":"2025-06-05T11:41:07","slug":"requalifications","status":"publish","type":"page","link":"https:\/\/natactionsauvetage.ca\/en\/requalifications\/","title":{"rendered":"Requalifications"},"content":{"rendered":"<style>.kb-row-layout-id3656_6101d6-3f > .kt-row-column-wrap{align-content:start;}:where(.kb-row-layout-id3656_6101d6-3f > .kt-row-column-wrap) > .wp-block-kadence-column{justify-content:start;}.kb-row-layout-id3656_6101d6-3f > .kt-row-column-wrap{column-gap:var(--global-kb-gap-md, 2rem);row-gap:var(--global-kb-gap-md, 2rem);max-width:500px;margin-left:auto;margin-right:auto;padding-top:112px;padding-right:0px;padding-bottom:120px;padding-left:0px;grid-template-columns:minmax(0, 1fr);}.kb-row-layout-id3656_6101d6-3f > .kt-row-layout-overlay{opacity:0.26;background-image:url('http:\/\/natactionsauvetage.ca\/wp-content\/uploads\/2023\/12\/body-of-water.jpeg');background-size:cover;background-position:center center;background-attachment:scroll;background-repeat:no-repeat;}@media all and (max-width: 1024px){.kb-row-layout-id3656_6101d6-3f > .kt-row-column-wrap{padding-top:120px;padding-right:20px;padding-bottom:120px;padding-left:20px;grid-template-columns:minmax(0, 1fr);}}@media all and (max-width: 767px){.kb-row-layout-id3656_6101d6-3f > .kt-row-column-wrap{grid-template-columns:minmax(0, 1fr);}}<\/style><div class=\"kb-row-layout-wrap kb-row-layout-id3656_6101d6-3f alignnone has-theme-palette9-background-color kt-row-has-bg wp-block-kadence-rowlayout\"><div class=\"kt-row-layout-overlay kt-row-overlay-normal\"><\/div><div class=\"kt-row-column-wrap kt-has-1-columns kt-row-layout-equal kt-tab-layout-inherit kt-mobile-layout-row kt-row-valign-top\">\n<style>.kadence-column3656_13b8be-ec > .kt-inside-inner-col,.kadence-column3656_13b8be-ec > .kt-inside-inner-col:before{border-top-left-radius:0px;border-top-right-radius:0px;border-bottom-right-radius:0px;border-bottom-left-radius:0px;}.kadence-column3656_13b8be-ec > .kt-inside-inner-col{column-gap:var(--global-kb-gap-sm, 1rem);}.kadence-column3656_13b8be-ec > .kt-inside-inner-col{flex-direction:column;}.kadence-column3656_13b8be-ec > .kt-inside-inner-col > .aligncenter{width:100%;}.kadence-column3656_13b8be-ec > .kt-inside-inner-col:before{opacity:0.3;}.kadence-column3656_13b8be-ec{position:relative;}@media all and (max-width: 1024px){.kadence-column3656_13b8be-ec > .kt-inside-inner-col{flex-direction:column;justify-content:center;}}@media all and (max-width: 767px){.kadence-column3656_13b8be-ec > .kt-inside-inner-col{flex-direction:column;justify-content:center;}}<\/style>\n<div class=\"wp-block-kadence-column kadence-column3656_13b8be-ec inner-column-1\"><div class=\"kt-inside-inner-col\"><style>.wp-block-kadence-advancedheading.kt-adv-heading3656_68f5ac-4a, .wp-block-kadence-advancedheading.kt-adv-heading3656_68f5ac-4a[data-kb-block=\"kb-adv-heading3656_68f5ac-4a\"]{margin-bottom:10px;text-align:center;font-style:normal;text-transform:capitalize;}.wp-block-kadence-advancedheading.kt-adv-heading3656_68f5ac-4a mark.kt-highlight, .wp-block-kadence-advancedheading.kt-adv-heading3656_68f5ac-4a[data-kb-block=\"kb-adv-heading3656_68f5ac-4a\"] mark.kt-highlight{font-style:normal;color:#f76a0c;-webkit-box-decoration-break:clone;box-decoration-break:clone;padding-top:0px;padding-right:0px;padding-bottom:0px;padding-left:0px;}.wp-block-kadence-advancedheading.kt-adv-heading3656_68f5ac-4a img.kb-inline-image, .wp-block-kadence-advancedheading.kt-adv-heading3656_68f5ac-4a[data-kb-block=\"kb-adv-heading3656_68f5ac-4a\"] img.kb-inline-image{width:150px;vertical-align:baseline;}<\/style>\n<h1 class=\"kt-adv-heading3656_68f5ac-4a wp-block-kadence-advancedheading\" data-kb-block=\"kb-adv-heading3656_68f5ac-4a\">Requalifications<\/h1>\n\n\n<style>.wp-block-kadence-advancedheading.kt-adv-heading3656_1f12ef-aa, .wp-block-kadence-advancedheading.kt-adv-heading3656_1f12ef-aa[data-kb-block=\"kb-adv-heading3656_1f12ef-aa\"]{text-align:center;font-style:normal;}.wp-block-kadence-advancedheading.kt-adv-heading3656_1f12ef-aa mark.kt-highlight, .wp-block-kadence-advancedheading.kt-adv-heading3656_1f12ef-aa[data-kb-block=\"kb-adv-heading3656_1f12ef-aa\"] mark.kt-highlight{font-style:normal;color:#f76a0c;-webkit-box-decoration-break:clone;box-decoration-break:clone;padding-top:0px;padding-right:0px;padding-bottom:0px;padding-left:0px;}.wp-block-kadence-advancedheading.kt-adv-heading3656_1f12ef-aa img.kb-inline-image, .wp-block-kadence-advancedheading.kt-adv-heading3656_1f12ef-aa[data-kb-block=\"kb-adv-heading3656_1f12ef-aa\"] img.kb-inline-image{width:150px;vertical-align:baseline;}<\/style>\n<p class=\"kt-adv-heading3656_1f12ef-aa wp-block-kadence-advancedheading\" data-kb-block=\"kb-adv-heading3656_1f12ef-aa\">Sauveteur National &#8211; option piscine et plage continentale<\/p>\n<\/div><\/div>\n\n<\/div><\/div>\n\n<style>.kb-row-layout-id3656_561b31-9a > .kt-row-column-wrap{align-content:start;}:where(.kb-row-layout-id3656_561b31-9a > .kt-row-column-wrap) > .wp-block-kadence-column{justify-content:start;}.kb-row-layout-id3656_561b31-9a > .kt-row-column-wrap{column-gap:var(--global-kb-gap-md, 2rem);row-gap:var(--global-kb-gap-md, 2rem);padding-top:var(--global-kb-spacing-sm, 1.5rem);padding-bottom:var(--global-kb-spacing-sm, 1.5rem);grid-template-columns:minmax(0, 1fr);}.kb-row-layout-id3656_561b31-9a > .kt-row-layout-overlay{opacity:0.30;}@media all and (max-width: 1024px){.kb-row-layout-id3656_561b31-9a > .kt-row-column-wrap{grid-template-columns:minmax(0, 1fr);}}@media all and (max-width: 767px){.kb-row-layout-id3656_561b31-9a > .kt-row-column-wrap{row-gap:var(--global-kb-gap-sm, 1rem);grid-template-columns:minmax(0, 1fr);}}<\/style><div class=\"kb-row-layout-wrap kb-row-layout-id3656_561b31-9a alignnone wp-block-kadence-rowlayout\"><div class=\"kt-row-column-wrap kt-has-1-columns kt-row-layout-equal kt-tab-layout-inherit kt-mobile-layout-row kt-row-valign-top\">\n<style>.kadence-column3656_e057f0-a1 > .kt-inside-inner-col,.kadence-column3656_e057f0-a1 > .kt-inside-inner-col:before{border-top-left-radius:0px;border-top-right-radius:0px;border-bottom-right-radius:0px;border-bottom-left-radius:0px;}.kadence-column3656_e057f0-a1 > .kt-inside-inner-col{column-gap:var(--global-kb-gap-sm, 1rem);}.kadence-column3656_e057f0-a1 > .kt-inside-inner-col{flex-direction:column;}.kadence-column3656_e057f0-a1 > .kt-inside-inner-col > .aligncenter{width:100%;}.kadence-column3656_e057f0-a1 > .kt-inside-inner-col:before{opacity:0.3;}.kadence-column3656_e057f0-a1{position:relative;}@media all and (max-width: 1024px){.kadence-column3656_e057f0-a1 > .kt-inside-inner-col{flex-direction:column;justify-content:center;}}@media all and (max-width: 767px){.kadence-column3656_e057f0-a1 > .kt-inside-inner-col{flex-direction:column;justify-content:center;}}<\/style>\n<div class=\"wp-block-kadence-column kadence-column3656_e057f0-a1\"><div class=\"kt-inside-inner-col\">\n<h2 class=\"wp-block-heading\">BREVETS EN SAUVETAGE<\/h2>\n\n\n\n<p>Les brevets en sauvetage n\u00e9cessitant une requalification aux <strong>deux (2) ans<\/strong> sont les suivants\u202f:<\/p>\n\n\n\n<ul class=\"wp-block-list\">\n<li>Sauveteur national&nbsp;<em>&#8211; Piscine<\/em><\/li>\n\n\n\n<li>Sauveteur national&nbsp;<em>&#8211; Plage<\/em><\/li>\n<\/ul>\n\n\n\n<p>Autres brevets n\u00e9cessitant une requalification aux&nbsp;<strong>deux (2) ans<\/strong>&nbsp;:<\/p>\n\n\n\n<ul class=\"wp-block-list\">\n<li><a href=\"https:\/\/sauvetage.qc.ca\/sites\/default\/files\/img_site\/M%C3%A9daille%20de%20bronze.pdf\">M\u00e9daille de bronze<\/a><\/li>\n\n\n\n<li><a href=\"https:\/\/sauvetage.qc.ca\/sites\/default\/files\/img_site\/Croix%20de%20bronze.pdf\">Croix de bronze<\/a><\/li>\n<\/ul>\n\n\n\n<h3 class=\"wp-block-heading\">SAVIEZ-VOUS QUE ?<a href=\"https:\/\/sauvetage.qc.ca\/sites\/default\/files\/img_site\/Croix%20de%20bronze.pdf\"><\/a><\/h3>\n\n\n\n<p>Un brevet Sauveteur national \u00e9chu peut \u00eatre requalifi\u00e9 \u00e0 n&rsquo;importe quel moment&nbsp;<em>(3, 5, ou m\u00eame 20 ans apr\u00e8s son \u00e9ch\u00e9ance)<\/em>&nbsp;pour \u00eatre de nouveau valide comme permis de travail.<\/p>\n\n\n\n<p>Si vous voulez travailler en tant que surveillant-sauveteur, la majorit\u00e9 des employeurs exigent que seulement le brevet de Sauveteur National soit \u00e0 jour.<\/p>\n\n\n\n<p><a href=\"https:\/\/sauvetage.qc.ca\/sites\/default\/files\/img_site\/MedailleBronze%28jpg%29.jpg\" target=\"_blank\" rel=\"noreferrer noopener\"><\/a><\/p>\n<\/div><\/div>\n\n<\/div><\/div>\n\n\n<figure class=\"wp-block-table is-style-regular has-small-font-size\"><table class=\"has-background has-fixed-layout\" style=\"background-color:#dee8f7\"><thead><tr><th>COURS<\/th><th>DATE<\/th><th>HORAIRE<\/th><th>PRIX<\/th><th>INSCRIPTION<\/th><\/tr><\/thead><tbody><tr><td>Sauveteur National &#8211; Plage Continentale<\/td><td>20 juin 2025<\/td><td>16h \u00e0 20h <\/td><td><mark style=\"background-color:rgba(0, 0, 0, 0)\" class=\"has-inline-color has-theme-palette-3-color\"><strong>0$<\/strong><\/mark><\/td><td><a href=\"https:\/\/natactionsauvetage.ca\/inscriptions-requalifications\/\" data-type=\"page\" data-id=\"3658\">Inscription<\/a><\/td><\/tr><tr><td>Sauveteur National &#8211; Plage Continentale<\/td><td>7 ao\u00fbt 2025<\/td><td>16h \u00e0 20h <\/td><td><mark style=\"background-color:rgba(0, 0, 0, 0)\" class=\"has-inline-color has-theme-palette-3-color\"><strong>0$<\/strong><\/mark><\/td><td><a href=\"https:\/\/natactionsauvetage.ca\/inscriptions-requalifications\/\" data-type=\"page\" data-id=\"3658\">Inscription<\/a><\/td><\/tr><tr><td>Sauveteur National &#8211; Piscine<\/td><td>11 juillet 2025<\/td><td>17h \u00e0 21h<\/td><td><mark style=\"background-color:rgba(0, 0, 0, 0)\" class=\"has-inline-color has-theme-palette-3-color\"><strong>0$<\/strong><\/mark><\/td><td><a href=\"https:\/\/natactionsauvetage.ca\/inscriptions-requalifications\/\" data-type=\"page\" data-id=\"3658\">Inscription<\/a><\/td><\/tr><tr><td>Sauveteur National &#8211; Piscine<\/td><td>1er ao\u00fbt 2025<\/td><td>17h \u00e0 21h<\/td><td><mark style=\"background-color:rgba(0, 0, 0, 0)\" class=\"has-inline-color has-theme-palette-3-color\"><strong>0$<\/strong><\/mark><\/td><td><a href=\"https:\/\/natactionsauvetage.ca\/inscriptions-requalifications\/\" data-type=\"page\" data-id=\"3658\">Inscription<\/a><\/td><\/tr><tr><td>Sauveteur National &#8211; Piscine<\/td><td>15 ao\u00fbt 2025<\/td><td>17h \u00e0 21h<\/td><td><mark style=\"background-color:rgba(0, 0, 0, 0)\" class=\"has-inline-color has-theme-palette-3-color\"><strong>0$<\/strong><\/mark><\/td><td><a href=\"https:\/\/natactionsauvetage.ca\/inscriptions-requalifications\/\" data-type=\"page\" data-id=\"3658\">Inscription<\/a><\/td><\/tr><\/tbody><\/table><\/figure>\n\n\n\n<p><\/p>\n","protected":false},"excerpt":{"rendered":"<p>Requalifications Sauveteur National &#8211; option piscine et plage continentale BREVETS EN SAUVETAGE Les brevets en sauvetage n\u00e9cessitant une requalification aux deux (2) ans sont les suivants\u202f: Autres brevets n\u00e9cessitant une requalification aux&nbsp;deux (2) ans&nbsp;: SAVIEZ-VOUS QUE ? Un brevet Sauveteur national \u00e9chu peut \u00eatre requalifi\u00e9 \u00e0 n&rsquo;importe quel moment&nbsp;(3, 5, ou m\u00eame 20 ans apr\u00e8s&#8230;<\/p>","protected":false},"author":1,"featured_media":0,"parent":0,"menu_order":0,"comment_status":"closed","ping_status":"closed","template":"","meta":{"_kadence_starter_templates_imported_post":false,"_kad_post_transparent":"","_kad_post_title":"","_kad_post_layout":"default","_kad_post_sidebar_id":"","_kad_post_content_style":"","_kad_post_vertical_padding":"","_kad_post_feature":"","_kad_post_feature_position":"","_kad_post_header":false,"_kad_post_footer":false,"_kad_post_classname":"","footnotes":""},"class_list":["post-3656","page","type-page","status-publish","hentry"],"_links":{"self":[{"href":"https:\/\/natactionsauvetage.ca\/en\/wp-json\/wp\/v2\/pages\/3656","targetHints":{"allow":["GET"]}}],"collection":[{"href":"https:\/\/natactionsauvetage.ca\/en\/wp-json\/wp\/v2\/pages"}],"about":[{"href":"https:\/\/natactionsauvetage.ca\/en\/wp-json\/wp\/v2\/types\/page"}],"author":[{"embeddable":true,"href":"https:\/\/natactionsauvetage.ca\/en\/wp-json\/wp\/v2\/users\/1"}],"replies":[{"embeddable":true,"href":"https:\/\/natactionsauvetage.ca\/en\/wp-json\/wp\/v2\/comments?post=3656"}],"version-history":[{"count":2,"href":"https:\/\/natactionsauvetage.ca\/en\/wp-json\/wp\/v2\/pages\/3656\/revisions"}],"predecessor-version":[{"id":3663,"href":"https:\/\/natactionsauvetage.ca\/en\/wp-json\/wp\/v2\/pages\/3656\/revisions\/3663"}],"wp:attachment":[{"href":"https:\/\/natactionsauvetage.ca\/en\/wp-json\/wp\/v2\/media?parent=3656"}],"curies":[{"name":"wp","href":"https:\/\/api.w.org\/{rel}","templated":true}]}}