{"id":3955,"date":"2026-03-14T18:35:44","date_gmt":"2026-03-14T22:35:44","guid":{"rendered":"https:\/\/natactionsauvetage.ca\/?page_id=3955"},"modified":"2026-03-15T14:30:18","modified_gmt":"2026-03-15T18:30:18","slug":"centre-sportif-du-cegep-edouard-montpetit","status":"publish","type":"page","link":"https:\/\/natactionsauvetage.ca\/en\/centre-sportif-du-cegep-edouard-montpetit\/","title":{"rendered":"Centre Sportif du C\u00e9gep \u00c9douard Montpetit"},"content":{"rendered":"<style>.kb-row-layout-wrap.wp-block-kadence-rowlayout.kb-row-layout-id3955_f4104f-3d{margin-top:0px;margin-bottom:0px;}.kb-row-layout-id3955_f4104f-3d > .kt-row-column-wrap{align-content:end;}:where(.kb-row-layout-id3955_f4104f-3d > .kt-row-column-wrap) > .wp-block-kadence-column{justify-content:end;}.kb-row-layout-id3955_f4104f-3d > .kt-row-column-wrap{column-gap:var(--global-kb-gap-none, 0rem );row-gap:var(--global-kb-gap-none, 0rem );padding-top:0px;padding-right:0px;padding-bottom:0px;padding-left:0px;grid-template-columns:minmax(0, 1fr);}.kb-row-layout-id3955_f4104f-3d{border-top-left-radius:0px;border-top-right-radius:0px;border-bottom-right-radius:0px;border-bottom-left-radius:0px;}.kb-row-layout-id3955_f4104f-3d > .kt-row-layout-overlay{opacity:0.30;}@media all and (max-width: 1024px){.kb-row-layout-id3955_f4104f-3d > .kt-row-column-wrap{row-gap:var(--global-kb-gap-md, 2rem);padding-right:0px;padding-left:0px;grid-template-columns:minmax(0, 1fr);}}@media all and (max-width: 767px){.kb-row-layout-id3955_f4104f-3d > .kt-row-column-wrap{padding-right:0px;padding-left:0px;grid-template-columns:minmax(0, 1fr);}}<\/style><div class=\"kb-row-layout-wrap kb-row-layout-id3955_f4104f-3d alignnone wp-block-kadence-rowlayout\"><div class=\"kt-row-column-wrap kt-has-1-columns kt-row-layout-equal kt-tab-layout-inherit kt-mobile-layout-row kt-row-valign-bottom\">\n<style>.kadence-column3955_d1136f-cd > .kt-inside-inner-col{padding-top:0px;padding-right:0px;padding-bottom:0px;padding-left:0px;}.kadence-column3955_d1136f-cd > .kt-inside-inner-col,.kadence-column3955_d1136f-cd > .kt-inside-inner-col:before{border-top-left-radius:10px;border-top-right-radius:10px;border-bottom-right-radius:10px;border-bottom-left-radius:10px;}.kadence-column3955_d1136f-cd > .kt-inside-inner-col{column-gap:var(--global-kb-gap-sm, 1rem);}.kadence-column3955_d1136f-cd > .kt-inside-inner-col{flex-direction:column;}.kadence-column3955_d1136f-cd > .kt-inside-inner-col > .aligncenter{width:100%;}.kadence-column3955_d1136f-cd > .kt-inside-inner-col{background-color:var(--global-palette8, #F7FAFC);}.kadence-column3955_d1136f-cd > .kt-inside-inner-col:before{opacity:0.4;background-color:var(--global-palette9, #ffffff);background-image:url('https:\/\/natactionsauvetage.ca\/wp-content\/uploads\/2025\/12\/DSC02948-scaled.jpg');background-size:cover;background-position:42% 47%;background-attachment:scroll;background-repeat:no-repeat;}.kadence-column3955_d1136f-cd{position:relative;}.kadence-column3955_d1136f-cd, .kt-inside-inner-col > .kadence-column3955_d1136f-cd:not(.specificity){margin-top:10px;margin-right:20px;margin-bottom:0px;margin-left:20px;}@media all and (max-width: 1024px){.kadence-column3955_d1136f-cd > .kt-inside-inner-col{padding-top:0px;padding-right:30px;padding-bottom:60px;padding-left:30px;flex-direction:column;justify-content:center;}}@media all and (max-width: 1024px){.kadence-column3955_d1136f-cd, .kt-inside-inner-col > .kadence-column3955_d1136f-cd:not(.specificity){margin-top:0px;margin-right:0px;margin-bottom:0px;margin-left:0px;}}@media all and (max-width: 767px){.kadence-column3955_d1136f-cd > .kt-inside-inner-col{padding-top:0px;padding-right:20px;padding-bottom:30px;padding-left:20px;flex-direction:column;justify-content:center;}.kadence-column3955_d1136f-cd, .kt-inside-inner-col > .kadence-column3955_d1136f-cd:not(.specificity){margin-top:0px;margin-right:0px;margin-bottom:0px;margin-left:0px;}}<\/style>\n<div class=\"wp-block-kadence-column kadence-column3955_d1136f-cd kb-section-has-overlay inner-column-1\"><div class=\"kt-inside-inner-col\"><style>.kb-row-layout-wrap.wp-block-kadence-rowlayout.kb-row-layout-id3955_acb57f-24{margin-top:150px;margin-bottom:0px;}.kb-row-layout-id3955_acb57f-24 > .kt-row-column-wrap{align-content:end;}:where(.kb-row-layout-id3955_acb57f-24 > .kt-row-column-wrap) > .wp-block-kadence-column{justify-content:end;}.kb-row-layout-id3955_acb57f-24 > .kt-row-column-wrap{column-gap:var(--global-kb-gap-none, 0rem );row-gap:var(--global-kb-gap-none, 0rem );max-width:1140px;margin-left:auto;margin-right:auto;padding-top:0px;padding-right:0px;padding-bottom:0px;padding-left:0px;grid-template-columns:minmax(0, 1fr);}.kb-row-layout-id3955_acb57f-24 > .kt-row-layout-overlay{opacity:0.30;}@media all and (max-width: 1024px){.kb-row-layout-wrap.wp-block-kadence-rowlayout.kb-row-layout-id3955_acb57f-24{margin-top:150px;margin-bottom:0px;}}@media all and (max-width: 1024px){.kb-row-layout-id3955_acb57f-24 > .kt-row-column-wrap{padding-top:0px;padding-right:100px;padding-bottom:0px;padding-left:100px;grid-template-columns:minmax(0, 1fr);}}@media all and (max-width: 767px){.kb-row-layout-wrap.wp-block-kadence-rowlayout.kb-row-layout-id3955_acb57f-24{margin-top:0px;margin-bottom:0px;}.kb-row-layout-id3955_acb57f-24 > .kt-row-column-wrap{padding-top:0px;padding-right:0px;padding-bottom:0px;padding-left:0px;grid-template-columns:minmax(0, 1fr);}}<\/style><div class=\"kb-row-layout-wrap kb-row-layout-id3955_acb57f-24 alignnone wp-block-kadence-rowlayout\"><div class=\"kt-row-column-wrap kt-has-1-columns kt-row-layout-equal kt-tab-layout-inherit kt-mobile-layout-row kt-row-valign-bottom\">\n<style>.kadence-column3955_af4872-41 > .kt-inside-inner-col{padding-top:0px;padding-right:0px;padding-bottom:60px;padding-left:10px;}.kadence-column3955_af4872-41 > .kt-inside-inner-col,.kadence-column3955_af4872-41 > .kt-inside-inner-col:before{border-top-left-radius:0px;border-top-right-radius:0px;border-bottom-right-radius:0px;border-bottom-left-radius:0px;}.kadence-column3955_af4872-41 > .kt-inside-inner-col{column-gap:var(--global-kb-gap-sm, 1rem);}.kadence-column3955_af4872-41 > .kt-inside-inner-col{flex-direction:column;}.kadence-column3955_af4872-41 > .kt-inside-inner-col > .aligncenter{width:100%;}.kadence-column3955_af4872-41 > .kt-inside-inner-col:before{opacity:0.3;}.kadence-column3955_af4872-41{position:relative;}.kadence-column3955_af4872-41, .kt-inside-inner-col > .kadence-column3955_af4872-41:not(.specificity){margin-top:0px;margin-right:0px;margin-bottom:0px;margin-left:0px;}@media all and (max-width: 1024px){.kadence-column3955_af4872-41 > .kt-inside-inner-col{padding-top:0px;padding-right:60px;padding-bottom:0px;padding-left:60px;flex-direction:column;justify-content:center;}}@media all and (max-width: 1024px){.kadence-column3955_af4872-41, .kt-inside-inner-col > .kadence-column3955_af4872-41:not(.specificity){margin-top:0px;margin-right:0px;margin-bottom:0px;margin-left:0px;}}@media all and (max-width: 767px){.kadence-column3955_af4872-41 > .kt-inside-inner-col{padding-top:0px;padding-right:0px;padding-bottom:0px;padding-left:0px;flex-direction:column;justify-content:center;}.kadence-column3955_af4872-41, .kt-inside-inner-col > .kadence-column3955_af4872-41:not(.specificity){margin-top:120px;margin-right:0px;margin-bottom:0px;margin-left:0px;}}<\/style>\n<div class=\"wp-block-kadence-column kadence-column3955_af4872-41 inner-column-1\"><div class=\"kt-inside-inner-col\"><style>.wp-block-kadence-advancedheading.kt-adv-heading3955_73fefe-2a, .wp-block-kadence-advancedheading.kt-adv-heading3955_73fefe-2a[data-kb-block=\"kb-adv-heading3955_73fefe-2a\"]{margin-bottom:20px;font-size:17px;font-weight:400;font-style:normal;font-family:Telex;}.wp-block-kadence-advancedheading.kt-adv-heading3955_73fefe-2a mark.kt-highlight, .wp-block-kadence-advancedheading.kt-adv-heading3955_73fefe-2a[data-kb-block=\"kb-adv-heading3955_73fefe-2a\"] mark.kt-highlight{font-style:normal;color:#f76a0c;-webkit-box-decoration-break:clone;box-decoration-break:clone;padding-top:0px;padding-right:0px;padding-bottom:0px;padding-left:0px;}.wp-block-kadence-advancedheading.kt-adv-heading3955_73fefe-2a img.kb-inline-image, .wp-block-kadence-advancedheading.kt-adv-heading3955_73fefe-2a[data-kb-block=\"kb-adv-heading3955_73fefe-2a\"] img.kb-inline-image{width:150px;vertical-align:baseline;}@media all and (max-width: 1024px){.wp-block-kadence-advancedheading.kt-adv-heading3955_73fefe-2a, .wp-block-kadence-advancedheading.kt-adv-heading3955_73fefe-2a[data-kb-block=\"kb-adv-heading3955_73fefe-2a\"]{text-align:center!important;}}<\/style>\n<p class=\"kt-adv-heading3955_73fefe-2a wp-block-kadence-advancedheading has-theme-palette-1-color has-text-color\" data-kb-block=\"kb-adv-heading3955_73fefe-2a\"><strong>Cours intensifs ext\u00e9rieurs et int\u00e9rieurs<\/strong><\/p>\n\n\n<style>.wp-block-kadence-advancedheading.kt-adv-heading3955_258178-1f, .wp-block-kadence-advancedheading.kt-adv-heading3955_258178-1f[data-kb-block=\"kb-adv-heading3955_258178-1f\"]{margin-top:0px;margin-bottom:32.5px;font-size:65px;font-weight:700;font-style:normal;}.wp-block-kadence-advancedheading.kt-adv-heading3955_258178-1f mark.kt-highlight, .wp-block-kadence-advancedheading.kt-adv-heading3955_258178-1f[data-kb-block=\"kb-adv-heading3955_258178-1f\"] mark.kt-highlight{font-style:normal;color:#f76a0c;-webkit-box-decoration-break:clone;box-decoration-break:clone;padding-top:0px;padding-right:0px;padding-bottom:0px;padding-left:0px;}.wp-block-kadence-advancedheading.kt-adv-heading3955_258178-1f img.kb-inline-image, .wp-block-kadence-advancedheading.kt-adv-heading3955_258178-1f[data-kb-block=\"kb-adv-heading3955_258178-1f\"] img.kb-inline-image{width:150px;vertical-align:baseline;}@media all and (max-width: 1024px){.wp-block-kadence-advancedheading.kt-adv-heading3955_258178-1f, .wp-block-kadence-advancedheading.kt-adv-heading3955_258178-1f[data-kb-block=\"kb-adv-heading3955_258178-1f\"]{padding-top:20px;padding-bottom:30px;font-size:55px;text-align:center!important;}}@media all and (max-width: 767px){.wp-block-kadence-advancedheading.kt-adv-heading3955_258178-1f, .wp-block-kadence-advancedheading.kt-adv-heading3955_258178-1f[data-kb-block=\"kb-adv-heading3955_258178-1f\"]{padding-top:0px;padding-right:0px;padding-bottom:0px;padding-left:0px;margin-bottom:40px;font-size:45px;line-height:1em;}}<\/style>\n<h1 class=\"kt-adv-heading3955_258178-1f wp-block-kadence-advancedheading has-theme-palette-3-color has-text-color\" data-kb-block=\"kb-adv-heading3955_258178-1f\">Nos lieux<\/h1>\n\n\n<style>.wp-block-kadence-advancedheading.kt-adv-heading3955_8139e6-34, .wp-block-kadence-advancedheading.kt-adv-heading3955_8139e6-34[data-kb-block=\"kb-adv-heading3955_8139e6-34\"]{margin-left:0px;font-style:normal;color:#60656a;}.wp-block-kadence-advancedheading.kt-adv-heading3955_8139e6-34 mark.kt-highlight, .wp-block-kadence-advancedheading.kt-adv-heading3955_8139e6-34[data-kb-block=\"kb-adv-heading3955_8139e6-34\"] mark.kt-highlight{font-style:normal;color:#f76a0c;-webkit-box-decoration-break:clone;box-decoration-break:clone;padding-top:0px;padding-right:0px;padding-bottom:0px;padding-left:0px;}.wp-block-kadence-advancedheading.kt-adv-heading3955_8139e6-34 img.kb-inline-image, .wp-block-kadence-advancedheading.kt-adv-heading3955_8139e6-34[data-kb-block=\"kb-adv-heading3955_8139e6-34\"] img.kb-inline-image{width:150px;vertical-align:baseline;}@media all and (max-width: 1024px){.wp-block-kadence-advancedheading.kt-adv-heading3955_8139e6-34, .wp-block-kadence-advancedheading.kt-adv-heading3955_8139e6-34[data-kb-block=\"kb-adv-heading3955_8139e6-34\"]{max-width:839px;text-align:center!important;}}@media all and (max-width: 1024px){.wp-block-kadence-advancedheading.kt-adv-heading3955_8139e6-34 mark.kt-highlight, .wp-block-kadence-advancedheading.kt-adv-heading3955_8139e6-34[data-kb-block=\"kb-adv-heading3955_8139e6-34\"] mark.kt-highlight{line-height:5px;}}@media all and (max-width: 767px){.wp-block-kadence-advancedheading.kt-adv-heading3955_8139e6-34, .wp-block-kadence-advancedheading.kt-adv-heading3955_8139e6-34[data-kb-block=\"kb-adv-heading3955_8139e6-34\"]{margin-top:0px;margin-right:0px;margin-bottom:20px;margin-left:0px;}}<\/style>\n<h6 class=\"kt-adv-heading3955_8139e6-34 wp-block-kadence-advancedheading\" data-kb-block=\"kb-adv-heading3955_8139e6-34\">Voici les diff\u00e9rents emplacements o\u00f9 sont offertes les formations de NatAction Sauvetage<\/h6>\n\n\n\n<p><\/p>\n<\/div><\/div>\n\n<\/div><\/div><\/div><\/div>\n\n<\/div><\/div>\n\n<style>.kb-row-layout-id3955_6b34c6-c6 > .kt-row-column-wrap{align-content:start;}:where(.kb-row-layout-id3955_6b34c6-c6 > .kt-row-column-wrap) > .wp-block-kadence-column{justify-content:start;}.kb-row-layout-id3955_6b34c6-c6 > .kt-row-column-wrap{column-gap:var(--global-kb-gap-md, 2rem);row-gap:var(--global-kb-gap-md, 2rem);padding-top:var(--global-kb-spacing-sm, 1.5rem);padding-bottom:var(--global-kb-spacing-sm, 1.5rem);grid-template-columns:minmax(0, calc(45% - ((var(--global-kb-gap-md, 2rem) * 1 )\/2)))minmax(0, calc(55% - ((var(--global-kb-gap-md, 2rem) * 1 )\/2)));}.kb-row-layout-id3955_6b34c6-c6 > .kt-row-layout-overlay{opacity:0.30;}@media all and (max-width: 1024px){.kb-row-layout-id3955_6b34c6-c6 > .kt-row-column-wrap{grid-template-columns:minmax(0, 1fr) minmax(0, 2fr);}}@media all and (max-width: 767px){.kb-row-layout-id3955_6b34c6-c6 > .kt-row-column-wrap{grid-template-columns:minmax(0, 1fr);}}<\/style><div class=\"kb-row-layout-wrap kb-row-layout-id3955_6b34c6-c6 alignnone wp-block-kadence-rowlayout\"><div class=\"kt-row-column-wrap kt-has-2-columns kt-row-layout-right-golden kt-tab-layout-inherit kt-mobile-layout-row kt-row-valign-top\">\n<style>.kadence-column3955_ffeb9e-30 > .kt-inside-inner-col,.kadence-column3955_ffeb9e-30 > .kt-inside-inner-col:before{border-top-left-radius:0px;border-top-right-radius:0px;border-bottom-right-radius:0px;border-bottom-left-radius:0px;}.kadence-column3955_ffeb9e-30 > .kt-inside-inner-col{column-gap:var(--global-kb-gap-sm, 1rem);}.kadence-column3955_ffeb9e-30 > .kt-inside-inner-col{flex-direction:column;}.kadence-column3955_ffeb9e-30 > .kt-inside-inner-col > .aligncenter{width:100%;}.kadence-column3955_ffeb9e-30 > .kt-inside-inner-col:before{opacity:0.3;}.kadence-column3955_ffeb9e-30{position:relative;}@media all and (max-width: 1024px){.kadence-column3955_ffeb9e-30 > .kt-inside-inner-col{flex-direction:column;justify-content:center;}}@media all and (max-width: 767px){.kadence-column3955_ffeb9e-30 > .kt-inside-inner-col{flex-direction:column;justify-content:center;}}<\/style>\n<div class=\"wp-block-kadence-column kadence-column3955_ffeb9e-30\"><div class=\"kt-inside-inner-col\">\n<h2 class=\"wp-block-heading alignwide has-text-align-center\">Nouveau partenaire!!!<\/h2>\n\n\n\n<p class=\"has-text-align-center\">Des formations de sauvetage et de premiers soins sont maintenant offertes en partenariat avec le Centre Sportif du C\u00e9gep \u00c9douard Montpetit \u00e0 Longueuil! <\/p>\n\n\n\n<p class=\"has-text-align-center\">Venez apprendre dans la piscine int\u00e9rieure nouvellement r\u00e9nov\u00e9e du Centre Sportif!<\/p>\n<\/div><\/div>\n\n\n<style>.kadence-column3955_3ab5c7-54 > .kt-inside-inner-col,.kadence-column3955_3ab5c7-54 > .kt-inside-inner-col:before{border-top-left-radius:0px;border-top-right-radius:0px;border-bottom-right-radius:0px;border-bottom-left-radius:0px;}.kadence-column3955_3ab5c7-54 > .kt-inside-inner-col{column-gap:var(--global-kb-gap-sm, 1rem);}.kadence-column3955_3ab5c7-54 > .kt-inside-inner-col{flex-direction:column;}.kadence-column3955_3ab5c7-54 > .kt-inside-inner-col > .aligncenter{width:100%;}.kadence-column3955_3ab5c7-54 > .kt-inside-inner-col:before{opacity:0.3;}.kadence-column3955_3ab5c7-54{position:relative;}@media all and (max-width: 1024px){.kadence-column3955_3ab5c7-54 > .kt-inside-inner-col{flex-direction:column;justify-content:center;}}@media all and (max-width: 767px){.kadence-column3955_3ab5c7-54 > .kt-inside-inner-col{flex-direction:column;justify-content:center;}}<\/style>\n<div class=\"wp-block-kadence-column kadence-column3955_3ab5c7-54\"><div class=\"kt-inside-inner-col\"><div class=\"wp-block-image\">\n<figure class=\"aligncenter size-full\"><img decoding=\"async\" width=\"400\" height=\"267\" data-src=\"https:\/\/natactionsauvetage.ca\/wp-content\/uploads\/2026\/03\/telechargement-emp-1.jpg\" alt=\"\" class=\"wp-image-3939 lazyload\" data-srcset=\"https:\/\/natactionsauvetage.ca\/wp-content\/uploads\/2026\/03\/telechargement-emp-1.jpg 400w, https:\/\/natactionsauvetage.ca\/wp-content\/uploads\/2026\/03\/telechargement-emp-1-300x200.jpg 300w, https:\/\/natactionsauvetage.ca\/wp-content\/uploads\/2026\/03\/telechargement-emp-1-18x12.jpg 18w\" data-sizes=\"(max-width: 400px) 100vw, 400px\" src=\"data:image\/svg+xml;base64,PHN2ZyB3aWR0aD0iMSIgaGVpZ2h0PSIxIiB4bWxucz0iaHR0cDovL3d3dy53My5vcmcvMjAwMC9zdmciPjwvc3ZnPg==\" style=\"--smush-placeholder-width: 400px; --smush-placeholder-aspect-ratio: 400\/267;\" \/><\/figure>\n<\/div><\/div><\/div>\n\n<\/div><\/div>\n\n\n<p>Voici tout les cours offerts au Centre Sportif du C\u00e9gep \u00c9douard Montpetit sans distinction:<\/p>\n\n\n<div class=\"woocommerce columns-4 \"><\/div>\n\n\n\n<p><\/p>\n","protected":false},"excerpt":{"rendered":"<p>Cours intensifs ext\u00e9rieurs et int\u00e9rieurs Nos lieux Voici les diff\u00e9rents emplacements o\u00f9 sont offertes les formations de NatAction Sauvetage Nouveau partenaire!!! Des formations de sauvetage et de premiers soins sont maintenant offertes en partenariat avec le Centre Sportif du C\u00e9gep \u00c9douard Montpetit \u00e0 Longueuil! Venez apprendre dans la piscine int\u00e9rieure nouvellement r\u00e9nov\u00e9e du Centre Sportif!&#8230;<\/p>","protected":false},"author":1,"featured_media":0,"parent":0,"menu_order":0,"comment_status":"closed","ping_status":"closed","template":"","meta":{"_kadence_starter_templates_imported_post":false,"_kad_post_transparent":"","_kad_post_title":"","_kad_post_layout":"narrow","_kad_post_sidebar_id":"","_kad_post_content_style":"","_kad_post_vertical_padding":"","_kad_post_feature":"","_kad_post_feature_position":"","_kad_post_header":false,"_kad_post_footer":false,"_kad_post_classname":"","footnotes":""},"class_list":["post-3955","page","type-page","status-publish","hentry"],"_links":{"self":[{"href":"https:\/\/natactionsauvetage.ca\/en\/wp-json\/wp\/v2\/pages\/3955","targetHints":{"allow":["GET"]}}],"collection":[{"href":"https:\/\/natactionsauvetage.ca\/en\/wp-json\/wp\/v2\/pages"}],"about":[{"href":"https:\/\/natactionsauvetage.ca\/en\/wp-json\/wp\/v2\/types\/page"}],"author":[{"embeddable":true,"href":"https:\/\/natactionsauvetage.ca\/en\/wp-json\/wp\/v2\/users\/1"}],"replies":[{"embeddable":true,"href":"https:\/\/natactionsauvetage.ca\/en\/wp-json\/wp\/v2\/comments?post=3955"}],"version-history":[{"count":4,"href":"https:\/\/natactionsauvetage.ca\/en\/wp-json\/wp\/v2\/pages\/3955\/revisions"}],"predecessor-version":[{"id":3994,"href":"https:\/\/natactionsauvetage.ca\/en\/wp-json\/wp\/v2\/pages\/3955\/revisions\/3994"}],"wp:attachment":[{"href":"https:\/\/natactionsauvetage.ca\/en\/wp-json\/wp\/v2\/media?parent=3955"}],"curies":[{"name":"wp","href":"https:\/\/api.w.org\/{rel}","templated":true}]}}