{"id":4251,"date":"2026-04-10T17:30:01","date_gmt":"2026-04-10T21:30:01","guid":{"rendered":"https:\/\/natactionsauvetage.ca\/?page_id=4251"},"modified":"2026-04-10T17:30:01","modified_gmt":"2026-04-10T21:30:01","slug":"croix-de-bronze-2","status":"publish","type":"page","link":"https:\/\/natactionsauvetage.ca\/en\/croix-de-bronze-2\/","title":{"rendered":"-Croix de Bronze"},"content":{"rendered":"<style>.kb-row-layout-id4251_f8e7ba-a9 > .kt-row-column-wrap{align-content:start;}:where(.kb-row-layout-id4251_f8e7ba-a9 > .kt-row-column-wrap) > .wp-block-kadence-column{justify-content:start;}.kb-row-layout-id4251_f8e7ba-a9 > .kt-row-column-wrap{column-gap:var(--global-kb-gap-md, 2rem);row-gap:var(--global-kb-gap-md, 2rem);max-width:500px;margin-left:auto;margin-right:auto;padding-top:200px;padding-right:0px;padding-bottom:120px;padding-left:0px;grid-template-columns:minmax(0, 1fr);}.kb-row-layout-id4251_f8e7ba-a9 > .kt-row-layout-overlay{opacity:0.26;background-image:url('http:\/\/natactionsauvetage.ca\/wp-content\/uploads\/2023\/12\/body-of-water.jpeg');background-size:cover;background-position:center center;background-attachment:scroll;background-repeat:no-repeat;}@media all and (max-width: 1024px){.kb-row-layout-id4251_f8e7ba-a9 > .kt-row-column-wrap{padding-top:120px;padding-right:20px;padding-bottom:120px;padding-left:20px;grid-template-columns:minmax(0, 1fr);}}@media all and (max-width: 767px){.kb-row-layout-id4251_f8e7ba-a9 > .kt-row-column-wrap{grid-template-columns:minmax(0, 1fr);}}<\/style><div class=\"kb-row-layout-wrap kb-row-layout-id4251_f8e7ba-a9 alignnone has-theme-palette9-background-color kt-row-has-bg wp-block-kadence-rowlayout\"><div class=\"kt-row-layout-overlay kt-row-overlay-normal\"><\/div><div class=\"kt-row-column-wrap kt-has-1-columns kt-row-layout-equal kt-tab-layout-inherit kt-mobile-layout-row kt-row-valign-top\">\n<style>.kadence-column4251_3c8fe3-06 > .kt-inside-inner-col,.kadence-column4251_3c8fe3-06 > .kt-inside-inner-col:before{border-top-left-radius:0px;border-top-right-radius:0px;border-bottom-right-radius:0px;border-bottom-left-radius:0px;}.kadence-column4251_3c8fe3-06 > .kt-inside-inner-col{column-gap:var(--global-kb-gap-sm, 1rem);}.kadence-column4251_3c8fe3-06 > .kt-inside-inner-col{flex-direction:column;}.kadence-column4251_3c8fe3-06 > .kt-inside-inner-col > .aligncenter{width:100%;}.kadence-column4251_3c8fe3-06 > .kt-inside-inner-col:before{opacity:0.3;}.kadence-column4251_3c8fe3-06{position:relative;}@media all and (max-width: 1024px){.kadence-column4251_3c8fe3-06 > .kt-inside-inner-col{flex-direction:column;justify-content:center;}}@media all and (max-width: 767px){.kadence-column4251_3c8fe3-06 > .kt-inside-inner-col{flex-direction:column;justify-content:center;}}<\/style>\n<div class=\"wp-block-kadence-column kadence-column4251_3c8fe3-06 inner-column-1\"><div class=\"kt-inside-inner-col\"><style>.wp-block-kadence-advancedheading.kt-adv-heading4251_f9b56f-1b, .wp-block-kadence-advancedheading.kt-adv-heading4251_f9b56f-1b[data-kb-block=\"kb-adv-heading4251_f9b56f-1b\"]{margin-bottom:10px;text-align:center;font-style:normal;text-transform:capitalize;}.wp-block-kadence-advancedheading.kt-adv-heading4251_f9b56f-1b mark.kt-highlight, .wp-block-kadence-advancedheading.kt-adv-heading4251_f9b56f-1b[data-kb-block=\"kb-adv-heading4251_f9b56f-1b\"] mark.kt-highlight{font-style:normal;color:#f76a0c;-webkit-box-decoration-break:clone;box-decoration-break:clone;padding-top:0px;padding-right:0px;padding-bottom:0px;padding-left:0px;}.wp-block-kadence-advancedheading.kt-adv-heading4251_f9b56f-1b img.kb-inline-image, .wp-block-kadence-advancedheading.kt-adv-heading4251_f9b56f-1b[data-kb-block=\"kb-adv-heading4251_f9b56f-1b\"] img.kb-inline-image{width:150px;vertical-align:baseline;}<\/style>\n<h1 class=\"kt-adv-heading4251_f9b56f-1b wp-block-kadence-advancedheading\" data-kb-block=\"kb-adv-heading4251_f9b56f-1b\">Croix de Bronze<\/h1>\n\n\n<style>.wp-block-kadence-advancedheading.kt-adv-heading4251_eb215e-84, .wp-block-kadence-advancedheading.kt-adv-heading4251_eb215e-84[data-kb-block=\"kb-adv-heading4251_eb215e-84\"]{text-align:center;font-style:normal;}.wp-block-kadence-advancedheading.kt-adv-heading4251_eb215e-84 mark.kt-highlight, .wp-block-kadence-advancedheading.kt-adv-heading4251_eb215e-84[data-kb-block=\"kb-adv-heading4251_eb215e-84\"] mark.kt-highlight{font-style:normal;color:#f76a0c;-webkit-box-decoration-break:clone;box-decoration-break:clone;padding-top:0px;padding-right:0px;padding-bottom:0px;padding-left:0px;}.wp-block-kadence-advancedheading.kt-adv-heading4251_eb215e-84 img.kb-inline-image, .wp-block-kadence-advancedheading.kt-adv-heading4251_eb215e-84[data-kb-block=\"kb-adv-heading4251_eb215e-84\"] img.kb-inline-image{width:150px;vertical-align:baseline;}<\/style>\n<p class=\"kt-adv-heading4251_eb215e-84 wp-block-kadence-advancedheading\" data-kb-block=\"kb-adv-heading4251_eb215e-84\"><\/p>\n<\/div><\/div>\n\n<\/div><\/div>\n\n<style>.kb-row-layout-id4251_377fed-07 > .kt-row-column-wrap{align-content:start;}:where(.kb-row-layout-id4251_377fed-07 > .kt-row-column-wrap) > .wp-block-kadence-column{justify-content:start;}.kb-row-layout-id4251_377fed-07 > .kt-row-column-wrap{column-gap:var(--global-kb-gap-md, 2rem);row-gap:var(--global-kb-gap-md, 2rem);padding-top:var(--global-kb-spacing-sm, 1.5rem);padding-bottom:var(--global-kb-spacing-sm, 1.5rem);grid-template-columns:minmax(0, 1fr);}.kb-row-layout-id4251_377fed-07 > .kt-row-layout-overlay{opacity:0.30;}@media all and (max-width: 1024px){.kb-row-layout-id4251_377fed-07 > .kt-row-column-wrap{grid-template-columns:minmax(0, 1fr);}}@media all and (max-width: 767px){.kb-row-layout-id4251_377fed-07 > .kt-row-column-wrap{grid-template-columns:minmax(0, 1fr);}}<\/style><div class=\"kb-row-layout-wrap kb-row-layout-id4251_377fed-07 alignnone wp-block-kadence-rowlayout\"><div class=\"kt-row-column-wrap kt-has-1-columns kt-row-layout-equal kt-tab-layout-inherit kt-mobile-layout-row kt-row-valign-top\">\n<style>.kadence-column4251_574fe0-b2 > .kt-inside-inner-col,.kadence-column4251_574fe0-b2 > .kt-inside-inner-col:before{border-top-left-radius:0px;border-top-right-radius:0px;border-bottom-right-radius:0px;border-bottom-left-radius:0px;}.kadence-column4251_574fe0-b2 > .kt-inside-inner-col{column-gap:var(--global-kb-gap-sm, 1rem);}.kadence-column4251_574fe0-b2 > .kt-inside-inner-col{flex-direction:column;}.kadence-column4251_574fe0-b2 > .kt-inside-inner-col > .aligncenter{width:100%;}.kadence-column4251_574fe0-b2 > .kt-inside-inner-col:before{opacity:0.3;}.kadence-column4251_574fe0-b2{position:relative;}@media all and (max-width: 1024px){.kadence-column4251_574fe0-b2 > .kt-inside-inner-col{flex-direction:column;justify-content:center;}}@media all and (max-width: 767px){.kadence-column4251_574fe0-b2 > .kt-inside-inner-col{flex-direction:column;justify-content:center;}}<\/style>\n<div class=\"wp-block-kadence-column kadence-column4251_574fe0-b2\"><div class=\"kt-inside-inner-col\">\n<h2 class=\"wp-block-heading\">Description du cours<\/h2>\n\n\n\n<p>Le brevet Croix de bronze de la Soci\u00e9t\u00e9 de sauvetage amorce la transition du sauvetage vers la surveillance aquatique et pr\u00e9pare les candidats aux responsabilit\u00e9s qu\u2019ils auront en tant qu\u2019assistants surveillants-sauveteurs. Les candidats consolident et d\u00e9veloppent leurs habilet\u00e9s de sauvetage et commencent \u00e0 appliquer des principes et des techniques de surveillance active dans les installations aquatiques. La Croix de bronze met l\u2019accent sur l\u2019importance du travail d\u2019\u00e9quipe et de la communication dans le cadre de la pr\u00e9vention et de l\u2019intervention en situation d\u2019urgence aquatique. La Croix de bronze est un pr\u00e9alable pour les programmes de formations avanc\u00e9es des certificats Sauveteur national et Leadership de la Soci\u00e9t\u00e9.<\/p>\n\n\n\n<h2 class=\"wp-block-heading has-large-font-size\">Pr\u00e9requis<\/h2>\n\n\n\n<ul class=\"wp-block-list\">\n<li>D\u00e9tenir le brevet M\u00e9daille de bronze<\/li>\n<\/ul>\n\n\n\n<p><a href=\"https:\/\/sauvetage.qc.ca\/sites\/default\/files\/img_site\/MedailleBronze%28jpg%29.jpg\" target=\"_blank\" rel=\"noreferrer noopener\"><\/a><\/p>\n<\/div><\/div>\n\n<\/div><\/div>\n\n<div class=\"woocommerce columns-4 \"><ul class=\"products content-wrap product-archive grid-cols grid-ss-col-2 grid-sm-col-3 grid-lg-col-4 woo-archive-action-on-hover woo-archive-btn-text  woo-archive-image-hover-none\"><li class=\"entry content-bg loop-entry product type-product post-4185 status-publish first instock product_cat-centre-sportif-cegep-edouard-montpetit product_cat-croix-de-bronze-edouard-montpetit product_tag-croix-de-bronze has-post-thumbnail virtual taxable purchasable product-type-simple\">\n\t<a href=\"https:\/\/natactionsauvetage.ca\/en\/product\/croix-de-bronze-csem-5-6-et-7-juin-2026\/\" class=\"woocommerce-loop-image-link woocommerce-LoopProduct-link woocommerce-loop-product__link\"><img decoding=\"async\" width=\"300\" height=\"300\" data-src=\"https:\/\/natactionsauvetage.ca\/wp-content\/uploads\/2023\/12\/Logo-CroixBronze-1-300x300.webp\" class=\"attachment-woocommerce_thumbnail size-woocommerce_thumbnail lazyload\" alt=\"Croix de Bronze - CSEM - 5, 6 et 7 juin 2026\" data-srcset=\"https:\/\/natactionsauvetage.ca\/wp-content\/uploads\/2023\/12\/Logo-CroixBronze-1-300x300.webp 300w, https:\/\/natactionsauvetage.ca\/wp-content\/uploads\/2023\/12\/Logo-CroixBronze-1-100x100.webp 100w, https:\/\/natactionsauvetage.ca\/wp-content\/uploads\/2023\/12\/Logo-CroixBronze-1-600x600.webp 600w, https:\/\/natactionsauvetage.ca\/wp-content\/uploads\/2023\/12\/Logo-CroixBronze-1-150x150.webp 150w, https:\/\/natactionsauvetage.ca\/wp-content\/uploads\/2023\/12\/Logo-CroixBronze-1-768x768.webp 768w, https:\/\/natactionsauvetage.ca\/wp-content\/uploads\/2023\/12\/Logo-CroixBronze-1.webp 886w\" data-sizes=\"(max-width: 300px) 100vw, 300px\" src=\"data:image\/svg+xml;base64,PHN2ZyB3aWR0aD0iMSIgaGVpZ2h0PSIxIiB4bWxucz0iaHR0cDovL3d3dy53My5vcmcvMjAwMC9zdmciPjwvc3ZnPg==\" style=\"--smush-placeholder-width: 300px; --smush-placeholder-aspect-ratio: 300\/300;\" \/><\/a><div class=\"product-details content-bg entry-content-wrap\"><h2 class=\"woocommerce-loop-product__title\"><a href=\"https:\/\/natactionsauvetage.ca\/en\/product\/croix-de-bronze-csem-5-6-et-7-juin-2026\/\" class=\"woocommerce-LoopProduct-link-title woocommerce-loop-product__title_ink\">Croix de Bronze &#8211; CSEM &#8211; 5, 6 et 7 juin 2026<\/a><\/h2>\n\t<span class=\"price\"><span class=\"woocommerce-Price-amount amount\"><bdi><span class=\"woocommerce-Price-currencySymbol\">&#36;<\/span>274.99<\/bdi><\/span><\/span>\n<div class=\"product-action-wrap\"><a href=\"\/en\/wp-json\/wp\/v2\/pages\/4251?add-to-cart=4185\" data-quantity=\"1\" class=\"button product_type_simple add_to_cart_button ajax_add_to_cart\" data-product_id=\"4185\" data-product_sku=\"\" aria-label=\"Add to cart: &ldquo;Croix de Bronze - CSEM - 5, 6 et 7 juin 2026&rdquo;\" rel=\"nofollow\" data-success_message=\"&ldquo;Croix de Bronze - CSEM - 5, 6 et 7 juin 2026&rdquo; has been added to your cart\" role=\"button\">Add to cart<span class=\"kadence-svg-iconset svg-baseline\"><svg aria-hidden=\"true\" class=\"kadence-svg-icon kadence-arrow-right-alt-svg\" fill=\"currentColor\" version=\"1.1\" xmlns=\"http:\/\/www.w3.org\/2000\/svg\" width=\"27\" height=\"28\" viewBox=\"0 0 27 28\"><title>Continue<\/title><path d=\"M27 13.953c0 0.141-0.063 0.281-0.156 0.375l-6 5.531c-0.156 0.141-0.359 0.172-0.547 0.094-0.172-0.078-0.297-0.25-0.297-0.453v-3.5h-19.5c-0.281 0-0.5-0.219-0.5-0.5v-3c0-0.281 0.219-0.5 0.5-0.5h19.5v-3.5c0-0.203 0.109-0.375 0.297-0.453s0.391-0.047 0.547 0.078l6 5.469c0.094 0.094 0.156 0.219 0.156 0.359v0z\"><\/path>\n\t\t\t\t<\/svg><\/span><span class=\"kadence-svg-iconset svg-baseline\"><svg class=\"kadence-svg-icon kadence-spinner-svg\" fill=\"currentColor\" version=\"1.1\" xmlns=\"http:\/\/www.w3.org\/2000\/svg\" width=\"16\" height=\"16\" viewBox=\"0 0 16 16\"><title>Loading<\/title><path d=\"M16 6h-6l2.243-2.243c-1.133-1.133-2.64-1.757-4.243-1.757s-3.109 0.624-4.243 1.757c-1.133 1.133-1.757 2.64-1.757 4.243s0.624 3.109 1.757 4.243c1.133 1.133 2.64 1.757 4.243 1.757s3.109-0.624 4.243-1.757c0.095-0.095 0.185-0.192 0.273-0.292l1.505 1.317c-1.466 1.674-3.62 2.732-6.020 2.732-4.418 0-8-3.582-8-8s3.582-8 8-8c2.209 0 4.209 0.896 5.656 2.344l2.343-2.344v6z\"><\/path>\n\t\t\t\t<\/svg><\/span><span class=\"kadence-svg-iconset svg-baseline\"><svg class=\"kadence-svg-icon kadence-check-svg\" fill=\"currentColor\" version=\"1.1\" xmlns=\"http:\/\/www.w3.org\/2000\/svg\" width=\"16\" height=\"16\" viewBox=\"0 0 16 16\"><title>Done<\/title><path d=\"M14 2.5l-8.5 8.5-3.5-3.5-1.5 1.5 5 5 10-10z\"><\/path>\n\t\t\t\t<\/svg><\/span><\/a>\t<span id=\"woocommerce_loop_add_to_cart_link_describedby_4185\" class=\"screen-reader-text\">\n\t\t\t<\/span>\n<\/div><\/div><\/li>\n<li class=\"entry content-bg loop-entry product type-product post-4196 status-publish instock product_cat-centre-sportif-cegep-edouard-montpetit product_cat-croix-de-bronze-edouard-montpetit product_tag-croix-de-bronze has-post-thumbnail virtual taxable purchasable product-type-simple\">\n\t<a href=\"https:\/\/natactionsauvetage.ca\/en\/product\/croix-de-bronze-csem-3-4-et-5-juillet-2026\/\" class=\"woocommerce-loop-image-link woocommerce-LoopProduct-link woocommerce-loop-product__link\"><img decoding=\"async\" width=\"300\" height=\"300\" data-src=\"https:\/\/natactionsauvetage.ca\/wp-content\/uploads\/2023\/12\/Logo-CroixBronze-1-300x300.webp\" class=\"attachment-woocommerce_thumbnail size-woocommerce_thumbnail lazyload\" alt=\"Croix de Bronze - CSEM - 3, 4 et 5 juillet 2026\" data-srcset=\"https:\/\/natactionsauvetage.ca\/wp-content\/uploads\/2023\/12\/Logo-CroixBronze-1-300x300.webp 300w, https:\/\/natactionsauvetage.ca\/wp-content\/uploads\/2023\/12\/Logo-CroixBronze-1-100x100.webp 100w, https:\/\/natactionsauvetage.ca\/wp-content\/uploads\/2023\/12\/Logo-CroixBronze-1-600x600.webp 600w, https:\/\/natactionsauvetage.ca\/wp-content\/uploads\/2023\/12\/Logo-CroixBronze-1-150x150.webp 150w, https:\/\/natactionsauvetage.ca\/wp-content\/uploads\/2023\/12\/Logo-CroixBronze-1-768x768.webp 768w, https:\/\/natactionsauvetage.ca\/wp-content\/uploads\/2023\/12\/Logo-CroixBronze-1.webp 886w\" data-sizes=\"(max-width: 300px) 100vw, 300px\" src=\"data:image\/svg+xml;base64,PHN2ZyB3aWR0aD0iMSIgaGVpZ2h0PSIxIiB4bWxucz0iaHR0cDovL3d3dy53My5vcmcvMjAwMC9zdmciPjwvc3ZnPg==\" style=\"--smush-placeholder-width: 300px; --smush-placeholder-aspect-ratio: 300\/300;\" \/><\/a><div class=\"product-details content-bg entry-content-wrap\"><h2 class=\"woocommerce-loop-product__title\"><a href=\"https:\/\/natactionsauvetage.ca\/en\/product\/croix-de-bronze-csem-3-4-et-5-juillet-2026\/\" class=\"woocommerce-LoopProduct-link-title woocommerce-loop-product__title_ink\">Croix de Bronze &#8211; CSEM &#8211; 3, 4 et 5 juillet 2026<\/a><\/h2>\n\t<span class=\"price\"><span class=\"woocommerce-Price-amount amount\"><bdi><span class=\"woocommerce-Price-currencySymbol\">&#36;<\/span>274.99<\/bdi><\/span><\/span>\n<div class=\"product-action-wrap\"><a href=\"\/en\/wp-json\/wp\/v2\/pages\/4251?add-to-cart=4196\" data-quantity=\"1\" class=\"button product_type_simple add_to_cart_button ajax_add_to_cart\" data-product_id=\"4196\" data-product_sku=\"\" aria-label=\"Add to cart: &ldquo;Croix de Bronze - CSEM - 3, 4 et 5 juillet 2026&rdquo;\" rel=\"nofollow\" data-success_message=\"&ldquo;Croix de Bronze - CSEM - 3, 4 et 5 juillet 2026&rdquo; has been added to your cart\" role=\"button\">Add to cart<span class=\"kadence-svg-iconset svg-baseline\"><svg aria-hidden=\"true\" class=\"kadence-svg-icon kadence-arrow-right-alt-svg\" fill=\"currentColor\" version=\"1.1\" xmlns=\"http:\/\/www.w3.org\/2000\/svg\" width=\"27\" height=\"28\" viewBox=\"0 0 27 28\"><title>Continue<\/title><path d=\"M27 13.953c0 0.141-0.063 0.281-0.156 0.375l-6 5.531c-0.156 0.141-0.359 0.172-0.547 0.094-0.172-0.078-0.297-0.25-0.297-0.453v-3.5h-19.5c-0.281 0-0.5-0.219-0.5-0.5v-3c0-0.281 0.219-0.5 0.5-0.5h19.5v-3.5c0-0.203 0.109-0.375 0.297-0.453s0.391-0.047 0.547 0.078l6 5.469c0.094 0.094 0.156 0.219 0.156 0.359v0z\"><\/path>\n\t\t\t\t<\/svg><\/span><span class=\"kadence-svg-iconset svg-baseline\"><svg class=\"kadence-svg-icon kadence-spinner-svg\" fill=\"currentColor\" version=\"1.1\" xmlns=\"http:\/\/www.w3.org\/2000\/svg\" width=\"16\" height=\"16\" viewBox=\"0 0 16 16\"><title>Loading<\/title><path d=\"M16 6h-6l2.243-2.243c-1.133-1.133-2.64-1.757-4.243-1.757s-3.109 0.624-4.243 1.757c-1.133 1.133-1.757 2.64-1.757 4.243s0.624 3.109 1.757 4.243c1.133 1.133 2.64 1.757 4.243 1.757s3.109-0.624 4.243-1.757c0.095-0.095 0.185-0.192 0.273-0.292l1.505 1.317c-1.466 1.674-3.62 2.732-6.020 2.732-4.418 0-8-3.582-8-8s3.582-8 8-8c2.209 0 4.209 0.896 5.656 2.344l2.343-2.344v6z\"><\/path>\n\t\t\t\t<\/svg><\/span><span class=\"kadence-svg-iconset svg-baseline\"><svg class=\"kadence-svg-icon kadence-check-svg\" fill=\"currentColor\" version=\"1.1\" xmlns=\"http:\/\/www.w3.org\/2000\/svg\" width=\"16\" height=\"16\" viewBox=\"0 0 16 16\"><title>Done<\/title><path d=\"M14 2.5l-8.5 8.5-3.5-3.5-1.5 1.5 5 5 10-10z\"><\/path>\n\t\t\t\t<\/svg><\/span><\/a>\t<span id=\"woocommerce_loop_add_to_cart_link_describedby_4196\" class=\"screen-reader-text\">\n\t\t\t<\/span>\n<\/div><\/div><\/li>\n<li class=\"entry content-bg loop-entry product type-product post-4241 status-publish instock product_cat-centre-sportif-cegep-edouard-montpetit product_cat-croix-de-bronze-edouard-montpetit product_tag-croix-de-bronze has-post-thumbnail virtual taxable purchasable product-type-simple\">\n\t<a href=\"https:\/\/natactionsauvetage.ca\/en\/product\/croix-de-bronze-csem-31-juillet-1-et-2-aout-2026\/\" class=\"woocommerce-loop-image-link woocommerce-LoopProduct-link woocommerce-loop-product__link\"><img decoding=\"async\" width=\"300\" height=\"300\" data-src=\"https:\/\/natactionsauvetage.ca\/wp-content\/uploads\/2023\/12\/Logo-CroixBronze-1-300x300.webp\" class=\"attachment-woocommerce_thumbnail size-woocommerce_thumbnail lazyload\" alt=\"Croix de Bronze - CSEM - 31 juillet, 1 et 2 ao\u00fbt 2026\" data-srcset=\"https:\/\/natactionsauvetage.ca\/wp-content\/uploads\/2023\/12\/Logo-CroixBronze-1-300x300.webp 300w, https:\/\/natactionsauvetage.ca\/wp-content\/uploads\/2023\/12\/Logo-CroixBronze-1-100x100.webp 100w, https:\/\/natactionsauvetage.ca\/wp-content\/uploads\/2023\/12\/Logo-CroixBronze-1-600x600.webp 600w, https:\/\/natactionsauvetage.ca\/wp-content\/uploads\/2023\/12\/Logo-CroixBronze-1-150x150.webp 150w, https:\/\/natactionsauvetage.ca\/wp-content\/uploads\/2023\/12\/Logo-CroixBronze-1-768x768.webp 768w, https:\/\/natactionsauvetage.ca\/wp-content\/uploads\/2023\/12\/Logo-CroixBronze-1.webp 886w\" data-sizes=\"(max-width: 300px) 100vw, 300px\" src=\"data:image\/svg+xml;base64,PHN2ZyB3aWR0aD0iMSIgaGVpZ2h0PSIxIiB4bWxucz0iaHR0cDovL3d3dy53My5vcmcvMjAwMC9zdmciPjwvc3ZnPg==\" style=\"--smush-placeholder-width: 300px; --smush-placeholder-aspect-ratio: 300\/300;\" \/><\/a><div class=\"product-details content-bg entry-content-wrap\"><h2 class=\"woocommerce-loop-product__title\"><a href=\"https:\/\/natactionsauvetage.ca\/en\/product\/croix-de-bronze-csem-31-juillet-1-et-2-aout-2026\/\" class=\"woocommerce-LoopProduct-link-title woocommerce-loop-product__title_ink\">Croix de Bronze &#8211; CSEM &#8211; 31 juillet, 1 et 2 ao\u00fbt 2026<\/a><\/h2>\n\t<span class=\"price\"><span class=\"woocommerce-Price-amount amount\"><bdi><span class=\"woocommerce-Price-currencySymbol\">&#36;<\/span>274.99<\/bdi><\/span><\/span>\n<div class=\"product-action-wrap\"><a href=\"\/en\/wp-json\/wp\/v2\/pages\/4251?add-to-cart=4241\" data-quantity=\"1\" class=\"button product_type_simple add_to_cart_button ajax_add_to_cart\" data-product_id=\"4241\" data-product_sku=\"\" aria-label=\"Add to cart: &ldquo;Croix de Bronze - CSEM - 31 juillet, 1 et 2 ao\u00fbt 2026&rdquo;\" rel=\"nofollow\" data-success_message=\"&ldquo;Croix de Bronze - CSEM - 31 juillet, 1 et 2 ao\u00fbt 2026&rdquo; has been added to your cart\" role=\"button\">Add to cart<span class=\"kadence-svg-iconset svg-baseline\"><svg aria-hidden=\"true\" class=\"kadence-svg-icon kadence-arrow-right-alt-svg\" fill=\"currentColor\" version=\"1.1\" xmlns=\"http:\/\/www.w3.org\/2000\/svg\" width=\"27\" height=\"28\" viewBox=\"0 0 27 28\"><title>Continue<\/title><path d=\"M27 13.953c0 0.141-0.063 0.281-0.156 0.375l-6 5.531c-0.156 0.141-0.359 0.172-0.547 0.094-0.172-0.078-0.297-0.25-0.297-0.453v-3.5h-19.5c-0.281 0-0.5-0.219-0.5-0.5v-3c0-0.281 0.219-0.5 0.5-0.5h19.5v-3.5c0-0.203 0.109-0.375 0.297-0.453s0.391-0.047 0.547 0.078l6 5.469c0.094 0.094 0.156 0.219 0.156 0.359v0z\"><\/path>\n\t\t\t\t<\/svg><\/span><span class=\"kadence-svg-iconset svg-baseline\"><svg class=\"kadence-svg-icon kadence-spinner-svg\" fill=\"currentColor\" version=\"1.1\" xmlns=\"http:\/\/www.w3.org\/2000\/svg\" width=\"16\" height=\"16\" viewBox=\"0 0 16 16\"><title>Loading<\/title><path d=\"M16 6h-6l2.243-2.243c-1.133-1.133-2.64-1.757-4.243-1.757s-3.109 0.624-4.243 1.757c-1.133 1.133-1.757 2.64-1.757 4.243s0.624 3.109 1.757 4.243c1.133 1.133 2.64 1.757 4.243 1.757s3.109-0.624 4.243-1.757c0.095-0.095 0.185-0.192 0.273-0.292l1.505 1.317c-1.466 1.674-3.62 2.732-6.020 2.732-4.418 0-8-3.582-8-8s3.582-8 8-8c2.209 0 4.209 0.896 5.656 2.344l2.343-2.344v6z\"><\/path>\n\t\t\t\t<\/svg><\/span><span class=\"kadence-svg-iconset svg-baseline\"><svg class=\"kadence-svg-icon kadence-check-svg\" fill=\"currentColor\" version=\"1.1\" xmlns=\"http:\/\/www.w3.org\/2000\/svg\" width=\"16\" height=\"16\" viewBox=\"0 0 16 16\"><title>Done<\/title><path d=\"M14 2.5l-8.5 8.5-3.5-3.5-1.5 1.5 5 5 10-10z\"><\/path>\n\t\t\t\t<\/svg><\/span><\/a>\t<span id=\"woocommerce_loop_add_to_cart_link_describedby_4241\" class=\"screen-reader-text\">\n\t\t\t<\/span>\n<\/div><\/div><\/li>\n<\/ul>\n<\/div>\n","protected":false},"excerpt":{"rendered":"<p>Croix de Bronze Description du cours Le brevet Croix de bronze de la Soci\u00e9t\u00e9 de sauvetage amorce la transition du sauvetage vers la surveillance aquatique et pr\u00e9pare les candidats aux responsabilit\u00e9s qu\u2019ils auront en tant qu\u2019assistants surveillants-sauveteurs. Les candidats consolident et d\u00e9veloppent leurs habilet\u00e9s de sauvetage et commencent \u00e0 appliquer des principes et des techniques&#8230;<\/p>","protected":false},"author":1,"featured_media":0,"parent":0,"menu_order":0,"comment_status":"closed","ping_status":"closed","template":"","meta":{"_kadence_starter_templates_imported_post":false,"_kad_post_transparent":"","_kad_post_title":"","_kad_post_layout":"","_kad_post_sidebar_id":"","_kad_post_content_style":"","_kad_post_vertical_padding":"","_kad_post_feature":"","_kad_post_feature_position":"","_kad_post_header":false,"_kad_post_footer":false,"_kad_post_classname":"","footnotes":""},"class_list":["post-4251","page","type-page","status-publish","hentry"],"_links":{"self":[{"href":"https:\/\/natactionsauvetage.ca\/en\/wp-json\/wp\/v2\/pages\/4251","targetHints":{"allow":["GET"]}}],"collection":[{"href":"https:\/\/natactionsauvetage.ca\/en\/wp-json\/wp\/v2\/pages"}],"about":[{"href":"https:\/\/natactionsauvetage.ca\/en\/wp-json\/wp\/v2\/types\/page"}],"author":[{"embeddable":true,"href":"https:\/\/natactionsauvetage.ca\/en\/wp-json\/wp\/v2\/users\/1"}],"replies":[{"embeddable":true,"href":"https:\/\/natactionsauvetage.ca\/en\/wp-json\/wp\/v2\/comments?post=4251"}],"version-history":[{"count":1,"href":"https:\/\/natactionsauvetage.ca\/en\/wp-json\/wp\/v2\/pages\/4251\/revisions"}],"predecessor-version":[{"id":4252,"href":"https:\/\/natactionsauvetage.ca\/en\/wp-json\/wp\/v2\/pages\/4251\/revisions\/4252"}],"wp:attachment":[{"href":"https:\/\/natactionsauvetage.ca\/en\/wp-json\/wp\/v2\/media?parent=4251"}],"curies":[{"name":"wp","href":"https:\/\/api.w.org\/{rel}","templated":true}]}}