{"id":3905,"date":"2026-03-14T13:08:18","date_gmt":"2026-03-14T17:08:18","guid":{"rendered":"https:\/\/natactionsauvetage.ca\/?post_type=product&#038;p=3905"},"modified":"2026-03-31T09:07:07","modified_gmt":"2026-03-31T13:07:07","slug":"medaille-de-bronze-parc-jean-drapeau-3-4-et-5-aout-2026","status":"publish","type":"product","link":"https:\/\/natactionsauvetage.ca\/en\/product\/medaille-de-bronze-parc-jean-drapeau-3-4-et-5-aout-2026\/","title":{"rendered":"M\u00e9daille de Bronze &#8211; Parc Jean-Drapeau &#8211; 3, 4 et 5 ao\u00fbt 2026"},"content":{"rendered":"<h3><strong>Date: 3, 4 et 5 ao\u00fbt 2026<\/strong><\/h3>\n<h3><strong>Lieu: Parc Jean-Drapeau, 130 Chem. du Tour de l\u2019isle, Montr\u00e9al, QC H3C 4W7<\/strong><\/h3>\n<h3><strong>Horaire: 8h-14h<\/strong><\/h3>\n<h3 class=\"wp-block-heading\"><strong>Description du cours<\/strong><\/h3>\n<p>The Bronze Medal certificate challenges the candidate both physically and mentally. Judgment, knowledge, skill, and fitness - the four pillars of water rescue - are the foundation of Bronze Medal training. Candidates learn the evaluation and problem-solving skills essential to making good decisions in, on and near the water.<\/p>\n<h2 class=\"wp-block-heading has-large-font-size\">Prerequisites<\/h2>\n<ul class=\"wp-block-list\">\n<li>Be at least 13 years old at the final exam or hold the Bronze Star certificate<\/li>\n<li>Demonstrate Bronze Star skills and knowledge<\/li>\n<\/ul>\n<p>*If you are a good swimmer and can demonstrate all the swimming styles and techniques at the Bronze Star level, then you can register for the Bronze Medal. An evaluation will be made during the first lessons.<\/p>\n<h3 class=\"block-editor-rich-text__editable kt-blocks-info-box-title rich-text\" role=\"textbox\" contenteditable=\"true\" aria-multiline=\"true\" aria-readonly=\"false\" aria-label=\"Title\">Important information<\/h3>\n<p class=\"block-editor-rich-text__editable kt-blocks-info-box-text rich-text\" role=\"textbox\" contenteditable=\"true\" aria-multiline=\"true\" aria-readonly=\"false\" aria-label=\"Lorem ipsum dolor sit amet, consectetur adipiscing elit. Aenean diam dolor, accumsan sed rutrum vel, dapibus et leo.\"><strong>Attendance<\/strong><br data-rich-text-line-break=\"true\" \/>Attendance at all classes is necessary because the instructor evaluates candidates throughout the session (continuous evaluation).<br data-rich-text-line-break=\"true\" \/><br data-rich-text-line-break=\"true\" \/><strong>Location:<\/strong><br data-rich-text-line-break=\"true\" \/>Classes take place at the Parc Jean-Drapeau aquatic complex, at www.parcjeandrapeau.com<br data-rich-text-line-break=\"true\" \/><a href=\"https:\/\/www.bing.com\/ck\/a?!&amp;&amp;p=d9326058c595b1caJmltdHM9MTcwOTE2NDgwMCZpZ3VpZD0xYTQ4YjkxYS00MmRjLTZlN2QtM2M1Yi1hZDJlNDNlNzZmODEmaW5zaWQ9NTUxOA&amp;ptn=3&amp;ver=2&amp;hsh=3&amp;fclid=1a48b91a-42dc-6e7d-3c5b-ad2e43e76f81&amp;u=a1aHR0cHM6Ly93d3cuYmluZy5jb20vYWxpbmsvbGluaz91cmw9aHR0cHMlM2ElMmYlMmZ3d3cucGFyY2plYW5kcmFwZWF1LmNvbSUyZiZzb3VyY2U9c2VycC1sb2NhbCZoPThrMlBKM1VtMW96S2tiNG8xRURsN2xURSUyYkp0WENtT1FBOSUyZnJDcyUyYnpRcmclM2QmcD1sd19nYnQmaWc9NjU5MkMxRjA3RDJCNDQzRkIxNTc0NzEzQTQ1NjFFMjYmeXBpZD1ZTjg3M3g4Mjc2OTMxNDA0NTI1MDkyNzIx&amp;ntb=1\" target=\"_blank\" rel=\"noreferrer noopener\">Complexe Aquatique<\/a>, <a href=\"https:\/\/www.bing.com\/ck\/a?!&amp;&amp;p=69144368a58ff566JmltdHM9MTcwOTE2NDgwMCZpZ3VpZD0xYTQ4YjkxYS00MmRjLTZlN2QtM2M1Yi1hZDJlNDNlNzZmODEmaW5zaWQ9NTUxOQ&amp;ptn=3&amp;ver=2&amp;hsh=3&amp;fclid=1a48b91a-42dc-6e7d-3c5b-ad2e43e76f81&amp;u=a1L21hcHM_Jm1lcGk9MTA5fn5Ub3BPZlBhZ2V-QWRkcmVzc19MaW5rJnR5PTE4JnE9Q29tcGxleGUlMjBBcXVhdGlxdWUmc3M9eXBpZC5ZTjg3M3g4Mjc2OTMxNDA0NTI1MDkyNzIxJnBwb2lzPTQ1LjUxMjgzNjQ1NjI5ODgzXy03My41MzQ1MDAxMjIwNzAzMV9Db21wbGV4ZSUyMEFxdWF0aXF1ZV9ZTjg3M3g4Mjc2OTMxNDA0NTI1MDkyNzIxfiZjcD00NS41MTI4MzZ-LTczLjUzNDUmdj0yJnNWPTEmRk9STT1NUFNSUEw&amp;ntb=1\" target=\"_blank\" rel=\"noreferrer noopener\">130 Ch Du Tour-De-L&rsquo;Isle<\/a><br data-rich-text-line-break=\"true\" \/><br data-rich-text-line-break=\"true\" \/><strong>Mat\u00e9riel requis :<\/strong><br data-rich-text-line-break=\"true\" \/>-Le Manuel Canadien de Sauvetage (disponible \u00e0 l&rsquo;achat)<br data-rich-text-line-break=\"true\" \/>-Masque de poche (disponible \u00e0 l&rsquo;achat)<br data-rich-text-line-break=\"true\" \/>-Padlock<br data-rich-text-line-break=\"true\" \/>-Suitable swimsuit.<br data-rich-text-line-break=\"true\" \/>-Lunch<br data-rich-text-line-break=\"true\" \/>-Sifflet (disponible \u00e0 l&rsquo;achat)<\/p>","protected":false},"excerpt":{"rendered":"<p>Les prix affich\u00e9s incluent le manuel de cours. Veuillez noter que le masque de poche et le sifflet, obligatoires pour la formation, sont disponibles s\u00e9par\u00e9ment dans notre boutique ou \u00e0 l&rsquo;achat sur place<\/p>","protected":false},"featured_media":2853,"template":"","meta":{"_kadence_starter_templates_imported_post":false,"_kad_post_transparent":"default","_kad_post_title":"","_kad_post_layout":"default","_kad_post_sidebar_id":"","_kad_post_content_style":"default","_kad_post_vertical_padding":"default","_kad_post_feature":"","_kad_post_feature_position":"","_kad_post_header":false,"_kad_post_footer":false,"_kad_post_classname":""},"product_brand":[],"product_cat":[33,28],"product_tag":[],"class_list":{"0":"post-3905","1":"product","2":"type-product","3":"status-publish","4":"has-post-thumbnail","6":"product_cat-medaille-de-bronze-jean-drapeau","7":"product_cat-parc-jean-drapeau","9":"first","10":"instock","11":"virtual","12":"taxable","13":"purchasable","14":"product-type-simple","15":"entry","16":"content-bg","17":"loop-entry"},"_links":{"self":[{"href":"https:\/\/natactionsauvetage.ca\/en\/wp-json\/wp\/v2\/product\/3905","targetHints":{"allow":["GET"]}}],"collection":[{"href":"https:\/\/natactionsauvetage.ca\/en\/wp-json\/wp\/v2\/product"}],"about":[{"href":"https:\/\/natactionsauvetage.ca\/en\/wp-json\/wp\/v2\/types\/product"}],"wp:featuredmedia":[{"embeddable":true,"href":"https:\/\/natactionsauvetage.ca\/en\/wp-json\/wp\/v2\/media\/2853"}],"wp:attachment":[{"href":"https:\/\/natactionsauvetage.ca\/en\/wp-json\/wp\/v2\/media?parent=3905"}],"wp:term":[{"taxonomy":"product_brand","embeddable":true,"href":"https:\/\/natactionsauvetage.ca\/en\/wp-json\/wp\/v2\/product_brand?post=3905"},{"taxonomy":"product_cat","embeddable":true,"href":"https:\/\/natactionsauvetage.ca\/en\/wp-json\/wp\/v2\/product_cat?post=3905"},{"taxonomy":"product_tag","embeddable":true,"href":"https:\/\/natactionsauvetage.ca\/en\/wp-json\/wp\/v2\/product_tag?post=3905"}],"curies":[{"name":"wp","href":"https:\/\/api.w.org\/{rel}","templated":true}]}}