{"id":3910,"date":"2026-03-14T13:59:47","date_gmt":"2026-03-14T17:59:47","guid":{"rendered":"https:\/\/natactionsauvetage.ca\/?post_type=product&#038;p=3910"},"modified":"2026-03-24T22:22:30","modified_gmt":"2026-03-25T02:22:30","slug":"premiers-soins-general-parc-jean-drapeau-4-et-5-juillet-2026","status":"publish","type":"product","link":"https:\/\/natactionsauvetage.ca\/en\/product\/premiers-soins-general-parc-jean-drapeau-4-et-5-juillet-2026\/","title":{"rendered":"Premiers Soins G\u00e9n\u00e9ral &#8211; Parc Jean-Drapeau &#8211; 4 et 5 juillet 2026"},"content":{"rendered":"<h3><\/h3>\n<h3><strong>Date: 4 et 5 juillet 2026<\/strong><\/h3>\n<h3><strong>Lieu: Pavillon des activit\u00e9s nautiques du Parc Jean-Drapeau,\u00a0Circuit Gilles Villeneuve, Montr\u00e9al, QC H3C 1A9<\/strong><\/h3>\n<h3><strong>Horaire: 8h-17h, cours en salle seulement.<\/strong><\/h3>\n<h2 class=\"wp-block-heading\">Description du cours<\/h2>\n<p>Les cours en premiers soins de la Soci\u00e9t\u00e9 de sauvetage sont des formations de 16 heures en secourisme g\u00e9n\u00e9ral. Il s\u2019agit de cours avanc\u00e9s o\u00f9 l\u2019on enseigne non seulement les premiers secours, mais aussi les premiers soins \u00e0 prodiguer lors de situations d\u2019urgence secondaire. Les situations d\u2019urgence secondaire incluent, entre autres, les probl\u00e8mes m\u00e9dicaux (convulsions, probl\u00e8mes reli\u00e9s \u00e0 la glyc\u00e9mie, empoisonnement, noyade, etc.),environnementaux (probl\u00e8mes reli\u00e9s au froid et au chaud, br\u00fblures, \u00e9lectrocution, etc.), et des traumatismes (blessures \u00e0 la t\u00eate et \u00e0 la colonne vert\u00e9brale, blessures thoraciques, etc.)<\/p>\n<h2 class=\"wp-block-heading has-large-font-size\">Prerequisites<\/h2>\n<ul class=\"wp-block-list\">\n<li>Be 14 years or older<\/li>\n<\/ul>\n<h3 class=\"block-editor-rich-text__editable kt-blocks-info-box-title rich-text\" role=\"textbox\" contenteditable=\"true\" aria-multiline=\"true\" aria-readonly=\"false\" aria-label=\"Title\">Important information<\/h3>\n<p><strong>Attendance<\/strong><br data-rich-text-line-break=\"true\" \/>-La pr\u00e9sence lors de 90% minimum\u00a0de la formation est requise<\/p>\n<p><br data-rich-text-line-break=\"true\" \/>-La formation se d\u00e9roule au Pavillon des activit\u00e9s nautiques du Parc Jean-Drapeau,\u00a0Circuit Gilles Villeneuve, Montr\u00e9al, QC H3C 1A9.\u00a0<strong>ATTENTION, LA FORMATION N&rsquo;EST PAS AU COMPLEXE AQUATIQUE COMME POUR LES COURS DE SAUVETAGE.\u00a0<\/strong>Veuillez vous r\u00e9f\u00e9rer au lien suivant:<\/p>\n<p><span class=\"ml-rte-link-wrapper\"><a href=\"https:\/\/maps.app.goo.gl\/L8NwBv4VwfrpNiKJA\" data-link-id=\"160763444143850899\">https:\/\/maps.app.goo.gl\/L8NwBv4VwfrpNiKJA<\/a><\/span><\/p>\n<p>-La formation se d\u00e9roule de\u00a0<strong>8h \u00e0 17h<\/strong> chaque jour. Le premier jour de la formation, nous nous rencontrerons dans le hall d&rsquo;entr\u00e9e du Pavillon pour se diriger vers la salle.<\/p>\n<p><strong>Mat\u00e9riel requis :<\/strong><\/p>\n<p>-Le Manuel canadien de Premiers Soins (inclus dans le co\u00fbt de la formation)<\/p>\n<p>-Masque de poche. (disponible \u00e0 l&rsquo;achat ).<br \/>\n-Repas du d\u00eener (froid).<\/p>\n<p>-Papier et crayon.<\/p>","protected":false},"excerpt":{"rendered":"<p>Les prix affich\u00e9s incluent le manuel de cours. Veuillez noter que le masque de poche, obligatoire pour la formation, est disponible s\u00e9par\u00e9ment dans notre boutique ou \u00e0 l&rsquo;achat sur place<\/p>","protected":false},"featured_media":2868,"template":"","meta":{"_kadence_starter_templates_imported_post":false,"_kad_post_transparent":"default","_kad_post_title":"","_kad_post_layout":"default","_kad_post_sidebar_id":"","_kad_post_content_style":"default","_kad_post_vertical_padding":"default","_kad_post_feature":"","_kad_post_feature_position":"","_kad_post_header":false,"_kad_post_footer":false,"_kad_post_classname":""},"product_brand":[],"product_cat":[28,37],"product_tag":[31],"class_list":{"0":"post-3910","1":"product","2":"type-product","3":"status-publish","4":"has-post-thumbnail","6":"product_cat-parc-jean-drapeau","7":"product_cat-premiers-soins-general-jean-drapeau","8":"product_tag-psg","10":"first","11":"outofstock","12":"virtual","13":"taxable","14":"purchasable","15":"product-type-simple","16":"entry","17":"content-bg","18":"loop-entry"},"_links":{"self":[{"href":"https:\/\/natactionsauvetage.ca\/en\/wp-json\/wp\/v2\/product\/3910","targetHints":{"allow":["GET"]}}],"collection":[{"href":"https:\/\/natactionsauvetage.ca\/en\/wp-json\/wp\/v2\/product"}],"about":[{"href":"https:\/\/natactionsauvetage.ca\/en\/wp-json\/wp\/v2\/types\/product"}],"wp:featuredmedia":[{"embeddable":true,"href":"https:\/\/natactionsauvetage.ca\/en\/wp-json\/wp\/v2\/media\/2868"}],"wp:attachment":[{"href":"https:\/\/natactionsauvetage.ca\/en\/wp-json\/wp\/v2\/media?parent=3910"}],"wp:term":[{"taxonomy":"product_brand","embeddable":true,"href":"https:\/\/natactionsauvetage.ca\/en\/wp-json\/wp\/v2\/product_brand?post=3910"},{"taxonomy":"product_cat","embeddable":true,"href":"https:\/\/natactionsauvetage.ca\/en\/wp-json\/wp\/v2\/product_cat?post=3910"},{"taxonomy":"product_tag","embeddable":true,"href":"https:\/\/natactionsauvetage.ca\/en\/wp-json\/wp\/v2\/product_tag?post=3910"}],"curies":[{"name":"wp","href":"https:\/\/api.w.org\/{rel}","templated":true}]}}