{"id":3918,"date":"2026-03-14T15:38:03","date_gmt":"2026-03-14T19:38:03","guid":{"rendered":"https:\/\/natactionsauvetage.ca\/?post_type=product&#038;p=3918"},"modified":"2026-03-29T11:26:20","modified_gmt":"2026-03-29T15:26:20","slug":"sauveteur-national-piscine-parc-jean-drapeau-17-18-19-20-et-21-aout-2026","status":"publish","type":"product","link":"https:\/\/natactionsauvetage.ca\/en\/product\/sauveteur-national-piscine-parc-jean-drapeau-17-18-19-20-et-21-aout-2026\/","title":{"rendered":"Sauveteur National (Piscine) &#8211; Parc Jean-Drapeau &#8211; 17, 18, 19, 20 et 21 ao\u00fbt 2026"},"content":{"rendered":"<h3><strong><img decoding=\"async\" class=\"size-medium wp-image-3706 alignright lazyload\" data-src=\"https:\/\/natactionsauvetage.ca\/wp-content\/uploads\/2025\/12\/DSC02712-300x200.jpg\" alt=\"\" width=\"300\" height=\"200\" data-srcset=\"https:\/\/natactionsauvetage.ca\/wp-content\/uploads\/2025\/12\/DSC02712-300x200.jpg 300w, https:\/\/natactionsauvetage.ca\/wp-content\/uploads\/2025\/12\/DSC02712-scaled-600x400.jpg 600w, https:\/\/natactionsauvetage.ca\/wp-content\/uploads\/2025\/12\/DSC02712-1024x683.jpg 1024w, https:\/\/natactionsauvetage.ca\/wp-content\/uploads\/2025\/12\/DSC02712-768x512.jpg 768w, https:\/\/natactionsauvetage.ca\/wp-content\/uploads\/2025\/12\/DSC02712-1536x1024.jpg 1536w, https:\/\/natactionsauvetage.ca\/wp-content\/uploads\/2025\/12\/DSC02712-2048x1365.jpg 2048w, https:\/\/natactionsauvetage.ca\/wp-content\/uploads\/2025\/12\/DSC02712-18x12.jpg 18w\" data-sizes=\"(max-width: 300px) 100vw, 300px\" src=\"data:image\/svg+xml;base64,PHN2ZyB3aWR0aD0iMSIgaGVpZ2h0PSIxIiB4bWxucz0iaHR0cDovL3d3dy53My5vcmcvMjAwMC9zdmciPjwvc3ZnPg==\" style=\"--smush-placeholder-width: 300px; --smush-placeholder-aspect-ratio: 300\/200;\" \/>Date: 17, 18, 19, 20 et 21 ao\u00fbt 2026<\/strong><\/h3>\n<h3><strong>Lieu: Parc Jean-Drapeau, 130 Chem. du Tour de l\u2019isle, Montr\u00e9al, QC H3C 4W7<\/strong><\/h3>\n<h3><strong>Horaire: 8h \u00e0 17h<\/strong><\/h3>\n<h2 class=\"wp-block-heading\">Description du cours<\/h2>\n<p>Le certificat Sauveteur national \u2013 Option piscine est con\u00e7u dans le but de d\u00e9velopper les valeurs fondamentales, le jugement, les connaissances, les habilet\u00e9s et la condition physique requis pour devenir un surveillant-sauveteur. Le cours SN met l\u2019accent sur les habilet\u00e9s, les principes et les pratiques, ainsi que les processus de prises de d\u00e9cision de la surveillance aquatique qui permettront au surveillant-sauveteur d\u2019effectuer une supervision s\u00e9curitaire et efficace dans une piscine.<\/p>\n<h2 class=\"wp-block-heading has-large-font-size\">Prerequisites<\/h2>\n<ul class=\"wp-block-list\">\n<li>Be at least aged<strong>\u00a015 YEARS OLD AT THE FINAL EXAM<\/strong><\/li>\n<li>Hold the Bronze Cross certificate<\/li>\n<li>Hold the First Aid \u2013 General\/AED or Aquatic Emergency Care\/AED certificate<\/li>\n<\/ul>\n<h3 class=\"block-editor-rich-text__editable kt-blocks-info-box-title rich-text\" role=\"textbox\" contenteditable=\"true\" aria-multiline=\"true\" aria-readonly=\"false\" aria-label=\"Title\">Important information<\/h3>\n<p class=\"block-editor-rich-text__editable kt-blocks-info-box-text rich-text\" role=\"textbox\" contenteditable=\"true\" aria-multiline=\"true\" aria-readonly=\"false\" aria-label=\"Lorem ipsum dolor sit amet, consectetur adipiscing elit. Aenean diam dolor, accumsan sed rutrum vel, dapibus et leo.\"><strong>Attendance<\/strong><br data-rich-text-line-break=\"true\" \/>Attendance at all classes is necessary because the instructor evaluates candidates throughout the session (continuous evaluation).<br data-rich-text-line-break=\"true\" \/><br data-rich-text-line-break=\"true\" \/><strong>Location:<\/strong><br data-rich-text-line-break=\"true\" \/>Classes take place at the Parc Jean-Drapeau aquatic complex, at www.parcjeandrapeau.com<br data-rich-text-line-break=\"true\" \/><a href=\"https:\/\/www.bing.com\/ck\/a?!&amp;&amp;p=d9326058c595b1caJmltdHM9MTcwOTE2NDgwMCZpZ3VpZD0xYTQ4YjkxYS00MmRjLTZlN2QtM2M1Yi1hZDJlNDNlNzZmODEmaW5zaWQ9NTUxOA&amp;ptn=3&amp;ver=2&amp;hsh=3&amp;fclid=1a48b91a-42dc-6e7d-3c5b-ad2e43e76f81&amp;u=a1aHR0cHM6Ly93d3cuYmluZy5jb20vYWxpbmsvbGluaz91cmw9aHR0cHMlM2ElMmYlMmZ3d3cucGFyY2plYW5kcmFwZWF1LmNvbSUyZiZzb3VyY2U9c2VycC1sb2NhbCZoPThrMlBKM1VtMW96S2tiNG8xRURsN2xURSUyYkp0WENtT1FBOSUyZnJDcyUyYnpRcmclM2QmcD1sd19nYnQmaWc9NjU5MkMxRjA3RDJCNDQzRkIxNTc0NzEzQTQ1NjFFMjYmeXBpZD1ZTjg3M3g4Mjc2OTMxNDA0NTI1MDkyNzIx&amp;ntb=1\" target=\"_blank\" rel=\"noreferrer noopener\">Complexe Aquatique<\/a>, <a href=\"https:\/\/www.bing.com\/ck\/a?!&amp;&amp;p=69144368a58ff566JmltdHM9MTcwOTE2NDgwMCZpZ3VpZD0xYTQ4YjkxYS00MmRjLTZlN2QtM2M1Yi1hZDJlNDNlNzZmODEmaW5zaWQ9NTUxOQ&amp;ptn=3&amp;ver=2&amp;hsh=3&amp;fclid=1a48b91a-42dc-6e7d-3c5b-ad2e43e76f81&amp;u=a1L21hcHM_Jm1lcGk9MTA5fn5Ub3BPZlBhZ2V-QWRkcmVzc19MaW5rJnR5PTE4JnE9Q29tcGxleGUlMjBBcXVhdGlxdWUmc3M9eXBpZC5ZTjg3M3g4Mjc2OTMxNDA0NTI1MDkyNzIxJnBwb2lzPTQ1LjUxMjgzNjQ1NjI5ODgzXy03My41MzQ1MDAxMjIwNzAzMV9Db21wbGV4ZSUyMEFxdWF0aXF1ZV9ZTjg3M3g4Mjc2OTMxNDA0NTI1MDkyNzIxfiZjcD00NS41MTI4MzZ-LTczLjUzNDUmdj0yJnNWPTEmRk9STT1NUFNSUEw&amp;ntb=1\" target=\"_blank\" rel=\"noreferrer noopener\">130 Ch Du Tour-De-L&rsquo;Isle<\/a><br data-rich-text-line-break=\"true\" \/><br data-rich-text-line-break=\"true\" \/><\/p>\n<h3>Mat\u00e9riel n\u00e9cessaire:<\/h3>\n<p>-Le Manuel Canadien de Sauvetage (m\u00eame manuel que pour la formation m\u00e9daille et croix de bronze, aussi disponible \u00e0 l&rsquo;achat ))<\/p>\n<p>-Manuel Canadien de Premiers Soins (manuel de la formation PSG, aussi disponible \u00e0 l&rsquo;achat)<\/p>\n<p>-Manuel Alerte: La pratique de la surveillance aquatique (inclus dans la formation SN, distribu\u00e9 au premier cours)<\/p>\n<p>-Masque de poche (disponible \u00e0 l&rsquo;achat en ligne et sur place)<br \/>\n-Suitable swimsuit.<br \/>\n-Repas du d\u00eener (froid).<\/p>\n<p>-Papier et crayon.<\/p>\n<p>-Sifflet (disponible \u00e0 l&rsquo;achat en ligne et sur place)<\/p>","protected":false},"excerpt":{"rendered":"<p>Les prix affich\u00e9s incluent le manuel de cours. Veuillez noter que le masque de poche et le sifflet, obligatoires pour la formation, sont disponibles s\u00e9par\u00e9ment dans notre boutique ou \u00e0 l&rsquo;achat sur place.<\/p>","protected":false},"featured_media":2852,"template":"","meta":{"_kadence_starter_templates_imported_post":false,"_kad_post_transparent":"default","_kad_post_title":"","_kad_post_layout":"default","_kad_post_sidebar_id":"","_kad_post_content_style":"default","_kad_post_vertical_padding":"default","_kad_post_feature":"","_kad_post_feature_position":"","_kad_post_header":false,"_kad_post_footer":false,"_kad_post_classname":""},"product_brand":[],"product_cat":[28,35],"product_tag":[32],"class_list":{"0":"post-3918","1":"product","2":"type-product","3":"status-publish","4":"has-post-thumbnail","6":"product_cat-parc-jean-drapeau","7":"product_cat-sauveteur-national-piscine-jean-drapeau","8":"product_tag-sauveteur-national-piscine","10":"first","11":"instock","12":"virtual","13":"taxable","14":"purchasable","15":"product-type-simple","16":"entry","17":"content-bg","18":"loop-entry"},"_links":{"self":[{"href":"https:\/\/natactionsauvetage.ca\/en\/wp-json\/wp\/v2\/product\/3918","targetHints":{"allow":["GET"]}}],"collection":[{"href":"https:\/\/natactionsauvetage.ca\/en\/wp-json\/wp\/v2\/product"}],"about":[{"href":"https:\/\/natactionsauvetage.ca\/en\/wp-json\/wp\/v2\/types\/product"}],"wp:featuredmedia":[{"embeddable":true,"href":"https:\/\/natactionsauvetage.ca\/en\/wp-json\/wp\/v2\/media\/2852"}],"wp:attachment":[{"href":"https:\/\/natactionsauvetage.ca\/en\/wp-json\/wp\/v2\/media?parent=3918"}],"wp:term":[{"taxonomy":"product_brand","embeddable":true,"href":"https:\/\/natactionsauvetage.ca\/en\/wp-json\/wp\/v2\/product_brand?post=3918"},{"taxonomy":"product_cat","embeddable":true,"href":"https:\/\/natactionsauvetage.ca\/en\/wp-json\/wp\/v2\/product_cat?post=3918"},{"taxonomy":"product_tag","embeddable":true,"href":"https:\/\/natactionsauvetage.ca\/en\/wp-json\/wp\/v2\/product_tag?post=3918"}],"curies":[{"name":"wp","href":"https:\/\/api.w.org\/{rel}","templated":true}]}}