{"id":3919,"date":"2026-03-14T15:48:23","date_gmt":"2026-03-14T19:48:23","guid":{"rendered":"https:\/\/natactionsauvetage.ca\/?post_type=product&#038;p=3919"},"modified":"2026-04-02T18:37:25","modified_gmt":"2026-04-02T22:37:25","slug":"sauveteur-national-plage-continentale-plage-jean-dore-15-16-17-18-et-19-juin-2026","status":"publish","type":"product","link":"https:\/\/natactionsauvetage.ca\/en\/product\/sauveteur-national-plage-continentale-plage-jean-dore-15-16-17-18-et-19-juin-2026\/","title":{"rendered":"Sauveteur National (Plage Continentale) &#8211; Plage Jean-Dor\u00e9 &#8211; 15, 16, 17, 18 et 19 juin 2026"},"content":{"rendered":"<h3><strong><img decoding=\"async\" class=\"size-medium wp-image-3706 alignright lazyload\" data-src=\"https:\/\/natactionsauvetage.ca\/wp-content\/uploads\/2025\/12\/DSC02712-300x200.jpg\" alt=\"\" width=\"300\" height=\"200\" data-srcset=\"https:\/\/natactionsauvetage.ca\/wp-content\/uploads\/2025\/12\/DSC02712-300x200.jpg 300w, https:\/\/natactionsauvetage.ca\/wp-content\/uploads\/2025\/12\/DSC02712-scaled-600x400.jpg 600w, https:\/\/natactionsauvetage.ca\/wp-content\/uploads\/2025\/12\/DSC02712-1024x683.jpg 1024w, https:\/\/natactionsauvetage.ca\/wp-content\/uploads\/2025\/12\/DSC02712-768x512.jpg 768w, https:\/\/natactionsauvetage.ca\/wp-content\/uploads\/2025\/12\/DSC02712-1536x1024.jpg 1536w, https:\/\/natactionsauvetage.ca\/wp-content\/uploads\/2025\/12\/DSC02712-2048x1365.jpg 2048w, https:\/\/natactionsauvetage.ca\/wp-content\/uploads\/2025\/12\/DSC02712-18x12.jpg 18w\" data-sizes=\"(max-width: 300px) 100vw, 300px\" src=\"data:image\/svg+xml;base64,PHN2ZyB3aWR0aD0iMSIgaGVpZ2h0PSIxIiB4bWxucz0iaHR0cDovL3d3dy53My5vcmcvMjAwMC9zdmciPjwvc3ZnPg==\" style=\"--smush-placeholder-width: 300px; --smush-placeholder-aspect-ratio: 300\/200;\" \/>Date: 15, 16, 17, 18 et 19 juin 2026 <\/strong><\/h3>\n<h3><strong>Location:<\/strong><\/h3>\n<p>Les cours ont lieu \u00e0 la Plage Jean Dor\u00e9\u00a0du Parc Jean-Drapeau, au www.parcjeandrapeau.com. Nous nous rencontrerons \u00e0 l&rsquo;avant du Pavillon des activit\u00e9s nautiques. La plage est accessible en transport en commun\u00a0via la ligne 768 ou le Bixi.<\/p>\n<p><span class=\"ml-rte-link-wrapper\"><a href=\"https:\/\/maps.app.goo.gl\/SWUeJDKM4s2ccY7H7\" data-link-id=\"161213863554974807\">https:\/\/maps.app.goo.gl\/SWUeJDKM4s2ccY7H7<\/a><\/span><\/p>\n<h3><strong>Horaire: 16h \u00e0 20h<\/strong><\/h3>\n<h2 class=\"wp-block-heading\">Description du cours<\/h2>\n<p>The National Lifeguard \u2013 Waterfront course is designed with the aim of developing fundamental values,<br \/>\nlike judgment, knowledge, skills and physical condition required to become a lifeguard<br \/>\non a continental beach. This training emphasizes skills, principles and practices, and<br \/>\ndecision-making process that will allow the lifeguard to carry out<br \/>\na safe and effective supervision on a continental beach.<br \/>\nFollowing successful completion of the course, the candidate obtains the National Lifeguard certificate \u2013 Waterfront<\/p>\n<h2 class=\"wp-block-heading has-large-font-size\">Prerequisites<\/h2>\n<ul class=\"wp-block-list\">\n<li>Be at least 15 years old on the last day of the course or exam<\/li>\n<li>Hold the National Lifeguard \u2013 Swimming Pool certificate<\/li>\n<li>Hold the First Aid \u2013 General certificate<\/li>\n<\/ul>\n<h3 class=\"block-editor-rich-text__editable kt-blocks-info-box-title rich-text\" role=\"textbox\" contenteditable=\"true\" aria-multiline=\"true\" aria-readonly=\"false\" aria-label=\"Title\">Important information<\/h3>\n<p class=\"block-editor-rich-text__editable kt-blocks-info-box-text rich-text\" role=\"textbox\" contenteditable=\"true\" aria-multiline=\"true\" aria-readonly=\"false\" aria-label=\"Lorem ipsum dolor sit amet, consectetur adipiscing elit. Aenean diam dolor, accumsan sed rutrum vel, dapibus et leo.\"><strong>Attendance<\/strong><br data-rich-text-line-break=\"true\" \/>Attendance at all classes is necessary because the instructor evaluates candidates throughout the session (continuous evaluation).<br data-rich-text-line-break=\"true\" \/><br data-rich-text-line-break=\"true\" \/><\/p>\n<h3>Mat\u00e9riel n\u00e9cessaire:<\/h3>\n<p>-Sifflet (1)<br \/>\n-Masque de poche (1)<\/p>\n<p>-Maillot<br \/>\n-Serviette (2)<strong><br \/>\n-Wet suit\u00a0<\/strong>(fortement recommand\u00e9 m\u00eame s&rsquo;il annonce relativement chaud puisque nous serons dans l&rsquo;eau pour de longues p\u00e9riodes.)<\/p>\n<p>-Linge chaud (coton ouat\u00e9, jogging, etc.)<\/p>\n<p>-Cr\u00e8me solaire<\/p>\n<p>-Bouteille d&rsquo;eau<\/p>\n<p>-1 ensemble (palme, masque et tuba) \u2013 1 par personne<\/p>\n<p>-Repas et collations<\/p>\n<p>-Mat\u00e9riel pour prendre des notes (papier, crayon) &#8211; si d\u00e9sir\u00e9<\/p>\n<p>-Casque de bain (1)<\/p>","protected":false},"excerpt":{"rendered":"<p>Veuillez noter que le masque de poche et le sifflet, obligatoires pour la formation, sont disponibles s\u00e9par\u00e9ment dans notre boutique, ou \u00e0 l&rsquo;achat sur place.<\/p>","protected":false},"featured_media":3765,"template":"","meta":{"_kadence_starter_templates_imported_post":false,"_kad_post_transparent":"default","_kad_post_title":"","_kad_post_layout":"default","_kad_post_sidebar_id":"","_kad_post_content_style":"default","_kad_post_vertical_padding":"default","_kad_post_feature":"","_kad_post_feature_position":"","_kad_post_header":false,"_kad_post_footer":false,"_kad_post_classname":""},"product_brand":[],"product_cat":[28,36],"product_tag":[32],"class_list":{"0":"post-3919","1":"product","2":"type-product","3":"status-publish","4":"has-post-thumbnail","6":"product_cat-parc-jean-drapeau","7":"product_cat-sauveteur-national-plage-continentale-jean-drapeau","8":"product_tag-sauveteur-national-piscine","10":"first","11":"outofstock","12":"virtual","13":"taxable","14":"purchasable","15":"product-type-simple","16":"entry","17":"content-bg","18":"loop-entry"},"_links":{"self":[{"href":"https:\/\/natactionsauvetage.ca\/en\/wp-json\/wp\/v2\/product\/3919","targetHints":{"allow":["GET"]}}],"collection":[{"href":"https:\/\/natactionsauvetage.ca\/en\/wp-json\/wp\/v2\/product"}],"about":[{"href":"https:\/\/natactionsauvetage.ca\/en\/wp-json\/wp\/v2\/types\/product"}],"wp:featuredmedia":[{"embeddable":true,"href":"https:\/\/natactionsauvetage.ca\/en\/wp-json\/wp\/v2\/media\/3765"}],"wp:attachment":[{"href":"https:\/\/natactionsauvetage.ca\/en\/wp-json\/wp\/v2\/media?parent=3919"}],"wp:term":[{"taxonomy":"product_brand","embeddable":true,"href":"https:\/\/natactionsauvetage.ca\/en\/wp-json\/wp\/v2\/product_brand?post=3919"},{"taxonomy":"product_cat","embeddable":true,"href":"https:\/\/natactionsauvetage.ca\/en\/wp-json\/wp\/v2\/product_cat?post=3919"},{"taxonomy":"product_tag","embeddable":true,"href":"https:\/\/natactionsauvetage.ca\/en\/wp-json\/wp\/v2\/product_tag?post=3919"}],"curies":[{"name":"wp","href":"https:\/\/api.w.org\/{rel}","templated":true}]}}