{"id":4182,"date":"2026-04-03T20:51:46","date_gmt":"2026-04-04T00:51:46","guid":{"rendered":"https:\/\/natactionsauvetage.ca\/?post_type=product&#038;p=4182"},"modified":"2026-04-03T21:03:32","modified_gmt":"2026-04-04T01:03:32","slug":"medaille-de-bronze-csem-25-et-26-juillet-2026","status":"publish","type":"product","link":"https:\/\/natactionsauvetage.ca\/en\/product\/medaille-de-bronze-csem-25-et-26-juillet-2026\/","title":{"rendered":"M\u00e9daille de Bronze &#8211; CSEM &#8211; 25 et 26 juillet 2026"},"content":{"rendered":"<h3><strong>Date: 25 et 26 juillet 2026<\/strong><\/h3>\n<h3><strong>Lieu: Centre sportif du C\u00e9gep \u00c9douard-Montpetit, 260 Rue de Gentilly E, Longueuil, QC J4H 4A4<\/strong><\/h3>\n<h3><strong>Horaire: 9h \u00e0 18h<\/strong><\/h3>\n<h3 class=\"wp-block-heading\"><strong>Description du cours<\/strong><\/h3>\n<p>The Bronze Medal certificate challenges the candidate both physically and mentally. Judgment, knowledge, skill, and fitness - the four pillars of water rescue - are the foundation of Bronze Medal training. Candidates learn the evaluation and problem-solving skills essential to making good decisions in, on and near the water.<\/p>\n<h2 class=\"wp-block-heading has-large-font-size\">Prerequisites<\/h2>\n<ul class=\"wp-block-list\">\n<li>Be at least 13 years old at the final exam or hold the Bronze Star certificate<\/li>\n<li>Demonstrate Bronze Star skills and knowledge<\/li>\n<\/ul>\n<p>*If you are a good swimmer and can demonstrate all the swimming styles and techniques at the Bronze Star level, then you can register for the Bronze Medal. An evaluation will be made during the first lessons.<\/p>\n<h3 class=\"block-editor-rich-text__editable kt-blocks-info-box-title rich-text\" role=\"textbox\" contenteditable=\"true\" aria-multiline=\"true\" aria-readonly=\"false\" aria-label=\"Title\">Important information<\/h3>\n<p class=\"block-editor-rich-text__editable kt-blocks-info-box-text rich-text\" role=\"textbox\" contenteditable=\"true\" aria-multiline=\"true\" aria-readonly=\"false\" aria-label=\"Lorem ipsum dolor sit amet, consectetur adipiscing elit. Aenean diam dolor, accumsan sed rutrum vel, dapibus et leo.\"><strong>Attendance<\/strong><br data-rich-text-line-break=\"true\" \/>Attendance at all classes is necessary because the instructor evaluates candidates throughout the session (continuous evaluation).<br data-rich-text-line-break=\"true\" \/><br data-rich-text-line-break=\"true\" \/><strong>Location:<\/strong><br data-rich-text-line-break=\"true\" \/>Les cours ont lieu au <strong>Centre sportif du C\u00e9gep \u00c9douard-Montpetit, 260 Rue de Gentilly E, Longueuil, QC J4H 4A4<\/strong><br data-rich-text-line-break=\"true\" \/><strong>Mat\u00e9riel requis :<\/strong><br data-rich-text-line-break=\"true\" \/>-Le Manuel Canadien de Sauvetage (disponible \u00e0 l&rsquo;achat)<br data-rich-text-line-break=\"true\" \/>-Masque de poche (disponible \u00e0 l&rsquo;achat)<br data-rich-text-line-break=\"true\" \/>-Padlock<br data-rich-text-line-break=\"true\" \/>-Suitable swimsuit.<br data-rich-text-line-break=\"true\" \/>-Lunch<br data-rich-text-line-break=\"true\" \/>-Sifflet (disponible \u00e0 l&rsquo;achat)<\/p>","protected":false},"excerpt":{"rendered":"<p>Les prix affich\u00e9s incluent le manuel de cours. Veuillez noter que le masque de poche et le sifflet, obligatoires pour la formation, sont disponibles s\u00e9par\u00e9ment dans notre boutique ou \u00e0 l&rsquo;achat sur place<\/p>","protected":false},"featured_media":2853,"template":"","meta":{"_kadence_starter_templates_imported_post":false,"_kad_post_transparent":"default","_kad_post_title":"","_kad_post_layout":"default","_kad_post_sidebar_id":"","_kad_post_content_style":"default","_kad_post_vertical_padding":"default","_kad_post_feature":"","_kad_post_feature_position":"","_kad_post_header":false,"_kad_post_footer":false,"_kad_post_classname":""},"product_brand":[],"product_cat":[29,38],"product_tag":[],"class_list":{"0":"post-4182","1":"product","2":"type-product","3":"status-publish","4":"has-post-thumbnail","6":"product_cat-centre-sportif-cegep-edouard-montpetit","7":"product_cat-medaille-de-bronze-edouard-montpetit","9":"first","10":"instock","11":"virtual","12":"taxable","13":"purchasable","14":"product-type-simple","15":"entry","16":"content-bg","17":"loop-entry"},"_links":{"self":[{"href":"https:\/\/natactionsauvetage.ca\/en\/wp-json\/wp\/v2\/product\/4182","targetHints":{"allow":["GET"]}}],"collection":[{"href":"https:\/\/natactionsauvetage.ca\/en\/wp-json\/wp\/v2\/product"}],"about":[{"href":"https:\/\/natactionsauvetage.ca\/en\/wp-json\/wp\/v2\/types\/product"}],"wp:featuredmedia":[{"embeddable":true,"href":"https:\/\/natactionsauvetage.ca\/en\/wp-json\/wp\/v2\/media\/2853"}],"wp:attachment":[{"href":"https:\/\/natactionsauvetage.ca\/en\/wp-json\/wp\/v2\/media?parent=4182"}],"wp:term":[{"taxonomy":"product_brand","embeddable":true,"href":"https:\/\/natactionsauvetage.ca\/en\/wp-json\/wp\/v2\/product_brand?post=4182"},{"taxonomy":"product_cat","embeddable":true,"href":"https:\/\/natactionsauvetage.ca\/en\/wp-json\/wp\/v2\/product_cat?post=4182"},{"taxonomy":"product_tag","embeddable":true,"href":"https:\/\/natactionsauvetage.ca\/en\/wp-json\/wp\/v2\/product_tag?post=4182"}],"curies":[{"name":"wp","href":"https:\/\/api.w.org\/{rel}","templated":true}]}}