{"id":4196,"date":"2026-04-06T15:26:52","date_gmt":"2026-04-06T19:26:52","guid":{"rendered":"https:\/\/natactionsauvetage.ca\/?post_type=product&#038;p=4196"},"modified":"2026-04-10T17:36:07","modified_gmt":"2026-04-10T21:36:07","slug":"croix-de-bronze-csem-3-4-et-5-juillet-2026","status":"publish","type":"product","link":"https:\/\/natactionsauvetage.ca\/en\/product\/croix-de-bronze-csem-3-4-et-5-juillet-2026\/","title":{"rendered":"Croix de Bronze &#8211; CSEM &#8211; 3, 4 et 5 juillet 2026"},"content":{"rendered":"<h3><\/h3>\n<h3><strong>Date: 3, 4 et 5 juillet 2026<\/strong><\/h3>\n<h3><strong>Lieu: Centre sportif du C\u00e9gep \u00c9douard-Montpetit, 260 Rue de Gentilly E, Longueuil, QC J4H 4A4<\/strong><\/h3>\n<h3><strong>Horaire: 3 juillet: 19h \u00e0 21h &#8211;\u00a0 \u00a0 \u00a0<\/strong><strong>4 et 5 juin:\u00a0 9h \u00e0 18h<\/strong><\/h3>\n<h2 class=\"wp-block-heading\">Description du cours<\/h2>\n<p>The Lifesaving Society Bronze Cross certification begins the transition from lifesaving to lifeguarding and prepares candidates for the responsibilities they will have as assistant lifeguards. Candidates consolidate and develop their lifesaving skills and begin to apply active lifeguard principles and techniques in aquatic facilities. The Bronze Cross emphasizes the importance of teamwork and communication in preventing and responding to water emergencies. The Bronze Cross is a prerequisite for the advanced training programs of the Society's National Lifeguard and Leadership certificates.<\/p>\n<h2 class=\"wp-block-heading has-large-font-size\">Prerequisites<\/h2>\n<ul class=\"wp-block-list\">\n<li>Have the Bronze Medallion certificate<\/li>\n<\/ul>\n<h3 class=\"block-editor-rich-text__editable kt-blocks-info-box-title rich-text\" role=\"textbox\" contenteditable=\"true\" aria-multiline=\"true\" aria-readonly=\"false\" aria-label=\"Title\">Important information<\/h3>\n<p class=\"block-editor-rich-text__editable kt-blocks-info-box-text rich-text\" role=\"textbox\" contenteditable=\"true\" aria-multiline=\"true\" aria-readonly=\"false\" aria-label=\"Lorem ipsum dolor sit amet, consectetur adipiscing elit. Aenean diam dolor, accumsan sed rutrum vel, dapibus et leo.\"><strong>Attendance<\/strong><br data-rich-text-line-break=\"true\" \/>Attendance at all classes is necessary because the instructor evaluates candidates throughout the session (continuous evaluation).<br data-rich-text-line-break=\"true\" \/><br data-rich-text-line-break=\"true\" \/><strong>Location:<\/strong><br data-rich-text-line-break=\"true\" \/>Les cours ont lieu au <strong>Centre sportif du C\u00e9gep \u00c9douard-Montpetit, 260 Rue de Gentilly E, Longueuil, QC J4H 4A4<\/strong><br data-rich-text-line-break=\"true\" \/><br data-rich-text-line-break=\"true\" \/><strong>Mat\u00e9riel requis :<\/strong><br data-rich-text-line-break=\"true\" \/>-Le Manuel Canadien de Sauvetage (disponible \u00e0 l&rsquo;achat, m\u00eame manuel que pour la formation M\u00e9daille de Bronze)<br data-rich-text-line-break=\"true\" \/>-Masque de poche (disponible \u00e0 l&rsquo;achat)<br data-rich-text-line-break=\"true\" \/>-Padlock<br data-rich-text-line-break=\"true\" \/>-Suitable swimsuit.<br data-rich-text-line-break=\"true\" \/>-Lunch<br data-rich-text-line-break=\"true\" \/>-Sifflet (disponible \u00e0 l&rsquo;achat)<\/p>","protected":false},"excerpt":{"rendered":"<p>Veuillez noter que le masque de poche et le sifflet, obligatoires pour la formation, sont disponibles s\u00e9par\u00e9ment dans notre boutique ou \u00e0 l&rsquo;achat sur place<\/p>","protected":false},"featured_media":2851,"template":"","meta":{"_kadence_starter_templates_imported_post":false,"_kad_post_transparent":"default","_kad_post_title":"","_kad_post_layout":"default","_kad_post_sidebar_id":"","_kad_post_content_style":"default","_kad_post_vertical_padding":"default","_kad_post_feature":"","_kad_post_feature_position":"","_kad_post_header":false,"_kad_post_footer":false,"_kad_post_classname":""},"product_brand":[],"product_cat":[29,39],"product_tag":[30],"class_list":{"0":"post-4196","1":"product","2":"type-product","3":"status-publish","4":"has-post-thumbnail","6":"product_cat-centre-sportif-cegep-edouard-montpetit","7":"product_cat-croix-de-bronze-edouard-montpetit","8":"product_tag-croix-de-bronze","10":"first","11":"instock","12":"virtual","13":"taxable","14":"purchasable","15":"product-type-simple","16":"entry","17":"content-bg","18":"loop-entry"},"_links":{"self":[{"href":"https:\/\/natactionsauvetage.ca\/en\/wp-json\/wp\/v2\/product\/4196","targetHints":{"allow":["GET"]}}],"collection":[{"href":"https:\/\/natactionsauvetage.ca\/en\/wp-json\/wp\/v2\/product"}],"about":[{"href":"https:\/\/natactionsauvetage.ca\/en\/wp-json\/wp\/v2\/types\/product"}],"wp:featuredmedia":[{"embeddable":true,"href":"https:\/\/natactionsauvetage.ca\/en\/wp-json\/wp\/v2\/media\/2851"}],"wp:attachment":[{"href":"https:\/\/natactionsauvetage.ca\/en\/wp-json\/wp\/v2\/media?parent=4196"}],"wp:term":[{"taxonomy":"product_brand","embeddable":true,"href":"https:\/\/natactionsauvetage.ca\/en\/wp-json\/wp\/v2\/product_brand?post=4196"},{"taxonomy":"product_cat","embeddable":true,"href":"https:\/\/natactionsauvetage.ca\/en\/wp-json\/wp\/v2\/product_cat?post=4196"},{"taxonomy":"product_tag","embeddable":true,"href":"https:\/\/natactionsauvetage.ca\/en\/wp-json\/wp\/v2\/product_tag?post=4196"}],"curies":[{"name":"wp","href":"https:\/\/api.w.org\/{rel}","templated":true}]}}