{"id":4202,"date":"2026-04-07T11:46:39","date_gmt":"2026-04-07T15:46:39","guid":{"rendered":"https:\/\/natactionsauvetage.ca\/?post_type=product&#038;p=4202"},"modified":"2026-04-07T14:05:38","modified_gmt":"2026-04-07T18:05:38","slug":"requalification-sn-plage-du-12-juin-2026","status":"publish","type":"product","link":"https:\/\/natactionsauvetage.ca\/en\/product\/requalification-sn-plage-du-12-juin-2026\/","title":{"rendered":"Requalification SN Plage du 12 juin 2026"},"content":{"rendered":"<p>Dans l\u2019objectif de s\u2019assurer que chaque d\u00e9tenteur de brevet Sauveteur national est toujours en mesure de remplir ses fonctions correctement, une requalification doit \u00eatre effectu\u00e9e \u00e0 chaque 2 ans afin d\u2019\u00e9valuer les connaissances, les habilet\u00e9s et la forme physique. Les candidats sont invit\u00e9s \u00e0 consulter le <a href=\"https:\/\/sauvetage.qc.ca\/sites\/default\/files\/img_site\/Guide%20du%20participant%20Requal%20SN%2025-26%20-%20Plage%20et%20Oc%C3%A9an%20%282%29.pdf\">Guide du participant \u00e0 la requalification<\/a> de la Soci\u00e9t\u00e9 de Sauvetage afin de bien se pr\u00e9parer \u00e0 leur requalification.<\/p>\n<h3 class=\"kt-blocks-info-box-title\">Important information<\/h3>\n<p class=\"kt-blocks-info-box-text\"><strong>Attendance<\/strong><br \/>\nLes participants doivent \u00eatre pr\u00e9sent durant toute la dur\u00e9e de la requalification. Les requalifications ont lieu de <strong>12h-16h.<\/strong><\/p>\n<p><strong>Location:<\/strong><br \/>\nLes requalifications de<strong>\u00a0<em>sauveteur national \u2013 Plage continentale<\/em><\/strong> ont lieu au <a href=\"https:\/\/www.google.com\/maps\/place\/Pavillon+des+activit%C3%A9s+nautiques\/@45.5009479,-73.5290131,17z\/data=!3m1!4b1!4m6!3m5!1s0x4cc91ae78aa658ff:0xf5a410a46cfe266b!8m2!3d45.5009479!4d-73.5264382!16s%2Fg%2F11c441fy44?entry=ttu&amp;g_ep=EgoyMDI2MDQwMS4wIKXMDSoASAFQAw%3D%3D\">Pavillon des Activit\u00e9s Nautique du Parc Jean-Drapeau.<\/a><\/p>\n<p><strong>To bring :<\/strong><\/p>\n<ul>\n<li class=\"kt-blocks-info-box-text\">Votre carte SN Plage expir\u00e9e ou qui expire dans moins de 6 mois<\/li>\n<li class=\"kt-blocks-info-box-text\">Masque de poche<\/li>\n<li class=\"kt-blocks-info-box-text\">Cadenas<\/li>\n<li class=\"kt-blocks-info-box-text\">Costume de bain appropri\u00e9<\/li>\n<li class=\"kt-blocks-info-box-text\">Sifflet<\/li>\n<li>Wetsuit<\/li>\n<\/ul>","protected":false},"excerpt":{"rendered":"<p>Dans l\u2019objectif de s\u2019assurer que chaque d\u00e9tenteur de brevet Sauveteur national est toujours en mesure de remplir ses fonctions correctement, une requalification doit \u00eatre effectu\u00e9e \u00e0 chaque 2 ans afin d\u2019\u00e9valuer les connaissances, les habilet\u00e9s et la forme physique. Les candidats sont invit\u00e9s \u00e0 consulter le Guide du participant \u00e0 la requalification de la Soci\u00e9t\u00e9&#8230;<\/p>","protected":false},"featured_media":2854,"template":"","meta":{"_kadence_starter_templates_imported_post":false,"_kad_post_transparent":"default","_kad_post_title":"","_kad_post_layout":"default","_kad_post_sidebar_id":"","_kad_post_content_style":"default","_kad_post_vertical_padding":"default","_kad_post_feature":"","_kad_post_feature_position":"","_kad_post_header":false,"_kad_post_footer":false,"_kad_post_classname":""},"product_brand":[],"product_cat":[42],"product_tag":[],"class_list":{"0":"post-4202","1":"product","2":"type-product","3":"status-publish","4":"has-post-thumbnail","6":"product_cat-requalification","8":"first","9":"instock","10":"virtual","11":"taxable","12":"purchasable","13":"product-type-simple","14":"entry","15":"content-bg","16":"loop-entry"},"_links":{"self":[{"href":"https:\/\/natactionsauvetage.ca\/en\/wp-json\/wp\/v2\/product\/4202","targetHints":{"allow":["GET"]}}],"collection":[{"href":"https:\/\/natactionsauvetage.ca\/en\/wp-json\/wp\/v2\/product"}],"about":[{"href":"https:\/\/natactionsauvetage.ca\/en\/wp-json\/wp\/v2\/types\/product"}],"wp:featuredmedia":[{"embeddable":true,"href":"https:\/\/natactionsauvetage.ca\/en\/wp-json\/wp\/v2\/media\/2854"}],"wp:attachment":[{"href":"https:\/\/natactionsauvetage.ca\/en\/wp-json\/wp\/v2\/media?parent=4202"}],"wp:term":[{"taxonomy":"product_brand","embeddable":true,"href":"https:\/\/natactionsauvetage.ca\/en\/wp-json\/wp\/v2\/product_brand?post=4202"},{"taxonomy":"product_cat","embeddable":true,"href":"https:\/\/natactionsauvetage.ca\/en\/wp-json\/wp\/v2\/product_cat?post=4202"},{"taxonomy":"product_tag","embeddable":true,"href":"https:\/\/natactionsauvetage.ca\/en\/wp-json\/wp\/v2\/product_tag?post=4202"}],"curies":[{"name":"wp","href":"https:\/\/api.w.org\/{rel}","templated":true}]}}