{"id":4247,"date":"2026-04-10T17:17:23","date_gmt":"2026-04-10T21:17:23","guid":{"rendered":"https:\/\/natactionsauvetage.ca\/?post_type=product&#038;p=4247"},"modified":"2026-04-10T17:35:10","modified_gmt":"2026-04-10T21:35:10","slug":"sauveteur-national-piscine-csem-7-8-9-et-15-16-aout-2026","status":"publish","type":"product","link":"https:\/\/natactionsauvetage.ca\/en\/product\/sauveteur-national-piscine-csem-7-8-9-et-15-16-aout-2026\/","title":{"rendered":"Sauveteur National (Piscine) &#8211; CSEM &#8211; 7, 8, 9 et 15, 16 ao\u00fbt 2026"},"content":{"rendered":"<h3><strong>Date: 7, 8, 9 et 15, 16 ao\u00fbt 2026<\/strong><\/h3>\n<h3><strong>Location: <\/strong><strong>Les cours ont lieu au Centre sportif du C\u00e9gep \u00c9douard-Montpetit, 260 Rue de Gentilly E, Longueuil, QC J4H 4A4<\/strong><\/h3>\n<h3><strong>Horaire: 7 ao\u00fbt<\/strong><strong>: 17h \u00e0 21h\u00a0 &#8211; les autres jours 9h \u00e0 18h<\/strong><\/h3>\n<h2 class=\"wp-block-heading\">Description du cours<\/h2>\n<p>Le certificat Sauveteur national \u2013 Option piscine est con\u00e7u dans le but de d\u00e9velopper les valeurs fondamentales, le jugement, les connaissances, les habilet\u00e9s et la condition physique requis pour devenir un surveillant-sauveteur. Le cours SN met l\u2019accent sur les habilet\u00e9s, les principes et les pratiques, ainsi que les processus de prises de d\u00e9cision de la surveillance aquatique qui permettront au surveillant-sauveteur d\u2019effectuer une supervision s\u00e9curitaire et efficace dans une piscine.<\/p>\n<h2 class=\"wp-block-heading has-large-font-size\">Prerequisites<\/h2>\n<ul class=\"wp-block-list\">\n<li>Be at least aged<strong>\u00a015 YEARS OLD AT THE FINAL EXAM<\/strong><\/li>\n<li>Hold the Bronze Cross certificate<\/li>\n<li>Hold the First Aid \u2013 General\/AED or Aquatic Emergency Care\/AED certificate<\/li>\n<\/ul>\n<h3 class=\"block-editor-rich-text__editable kt-blocks-info-box-title rich-text\" role=\"textbox\" contenteditable=\"true\" aria-multiline=\"true\" aria-readonly=\"false\" aria-label=\"Title\">Important information<\/h3>\n<p class=\"block-editor-rich-text__editable kt-blocks-info-box-text rich-text\" role=\"textbox\" contenteditable=\"true\" aria-multiline=\"true\" aria-readonly=\"false\" aria-label=\"Lorem ipsum dolor sit amet, consectetur adipiscing elit. Aenean diam dolor, accumsan sed rutrum vel, dapibus et leo.\"><strong>Attendance<\/strong><br data-rich-text-line-break=\"true\" \/>Attendance at all classes is necessary because the instructor evaluates candidates throughout the session (continuous evaluation).<br data-rich-text-line-break=\"true\" \/><br data-rich-text-line-break=\"true\" \/><strong>Location:<\/strong><\/p>\n<p><strong>Les cours ont lieu au Centre sportif du C\u00e9gep \u00c9douard-Montpetit, 260 Rue de Gentilly E, Longueuil, QC J4H 4A4<\/strong><\/p>\n<p class=\"block-editor-rich-text__editable kt-blocks-info-box-text rich-text\" role=\"textbox\" contenteditable=\"true\" aria-multiline=\"true\" aria-readonly=\"false\" aria-label=\"Lorem ipsum dolor sit amet, consectetur adipiscing elit. Aenean diam dolor, accumsan sed rutrum vel, dapibus et leo.\"><br data-rich-text-line-break=\"true\" \/><br data-rich-text-line-break=\"true\" \/><\/p>\n<h3>Mat\u00e9riel n\u00e9cessaire:<\/h3>\n<p>-Le Manuel Canadien de Sauvetage (m\u00eame manuel que pour la formation m\u00e9daille et croix de bronze, aussi disponible \u00e0 l&rsquo;achat ))<\/p>\n<p>-Manuel Canadien de Premiers Soins (manuel de la formation PSG, aussi disponible \u00e0 l&rsquo;achat)<\/p>\n<p>-Manuel Alerte: La pratique de la surveillance aquatique (inclus dans la formation SN, distribu\u00e9 au premier cours)<\/p>\n<p>-Masque de poche (disponible \u00e0 l&rsquo;achat en ligne et sur place)<br \/>\n-Suitable swimsuit.<br \/>\n-Repas du d\u00eener (froid).<\/p>\n<p>-Papier et crayon.<\/p>\n<p>-Sifflet (disponible \u00e0 l&rsquo;achat en ligne et sur place)<\/p>","protected":false},"excerpt":{"rendered":"<p>Les prix affich\u00e9s incluent le manuel de cours. Veuillez noter que le masque de poche et le sifflet, obligatoires pour la formation, sont disponibles s\u00e9par\u00e9ment dans notre boutique ou \u00e0 l&rsquo;achat sur place.<\/p>","protected":false},"featured_media":2852,"template":"","meta":{"_kadence_starter_templates_imported_post":false,"_kad_post_transparent":"default","_kad_post_title":"","_kad_post_layout":"default","_kad_post_sidebar_id":"","_kad_post_content_style":"default","_kad_post_vertical_padding":"default","_kad_post_feature":"","_kad_post_feature_position":"","_kad_post_header":false,"_kad_post_footer":false,"_kad_post_classname":""},"product_brand":[],"product_cat":[29,41],"product_tag":[32],"class_list":{"0":"post-4247","1":"product","2":"type-product","3":"status-publish","4":"has-post-thumbnail","6":"product_cat-centre-sportif-cegep-edouard-montpetit","7":"product_cat-sauveteur-national-piscine-edouard-montpetit","8":"product_tag-sauveteur-national-piscine","10":"first","11":"instock","12":"virtual","13":"taxable","14":"purchasable","15":"product-type-simple","16":"entry","17":"content-bg","18":"loop-entry"},"_links":{"self":[{"href":"https:\/\/natactionsauvetage.ca\/en\/wp-json\/wp\/v2\/product\/4247","targetHints":{"allow":["GET"]}}],"collection":[{"href":"https:\/\/natactionsauvetage.ca\/en\/wp-json\/wp\/v2\/product"}],"about":[{"href":"https:\/\/natactionsauvetage.ca\/en\/wp-json\/wp\/v2\/types\/product"}],"wp:featuredmedia":[{"embeddable":true,"href":"https:\/\/natactionsauvetage.ca\/en\/wp-json\/wp\/v2\/media\/2852"}],"wp:attachment":[{"href":"https:\/\/natactionsauvetage.ca\/en\/wp-json\/wp\/v2\/media?parent=4247"}],"wp:term":[{"taxonomy":"product_brand","embeddable":true,"href":"https:\/\/natactionsauvetage.ca\/en\/wp-json\/wp\/v2\/product_brand?post=4247"},{"taxonomy":"product_cat","embeddable":true,"href":"https:\/\/natactionsauvetage.ca\/en\/wp-json\/wp\/v2\/product_cat?post=4247"},{"taxonomy":"product_tag","embeddable":true,"href":"https:\/\/natactionsauvetage.ca\/en\/wp-json\/wp\/v2\/product_tag?post=4247"}],"curies":[{"name":"wp","href":"https:\/\/api.w.org\/{rel}","templated":true}]}}